{"id":6502,"date":"2023-11-02T14:57:04","date_gmt":"2023-11-02T21:57:04","guid":{"rendered":"https:\/\/ucpie.org\/?page_id=6502"},"modified":"2025-06-02T13:30:29","modified_gmt":"2025-06-02T20:30:29","slug":"voluntario","status":"publish","type":"page","link":"https:\/\/ucpie.org\/es\/soporte-ucpie\/voluntario\/","title":{"rendered":"Voluntario"},"content":{"rendered":"<div class=\"fusion-fullwidth fullwidth-box fusion-builder-row-1 fusion-flex-container nonhundred-percent-fullwidth non-hundred-percent-height-scrolling\" style=\"--awb-border-radius-top-left:0px;--awb-border-radius-top-right:0px;--awb-border-radius-bottom-right:0px;--awb-border-radius-bottom-left:0px;--awb-flex-wrap:wrap;\" ><div class=\"fusion-builder-row fusion-row fusion-flex-align-items-flex-start fusion-flex-content-wrap\" style=\"max-width:2059.2px;margin-left: calc(-4% \/ 2 );margin-right: calc(-4% \/ 2 );\"><div class=\"fusion-layout-column fusion_builder_column fusion-builder-column-0 fusion_builder_column_1_1 1_1 fusion-flex-column\" style=\"--awb-bg-size:cover;--awb-width-large:100%;--awb-margin-top-large:10px;--awb-spacing-right-large:1.92%;--awb-margin-bottom-large:10px;--awb-spacing-left-large:1.92%;--awb-width-medium:100%;--awb-order-medium:0;--awb-spacing-right-medium:1.92%;--awb-spacing-left-medium:1.92%;--awb-width-small:100%;--awb-order-small:0;--awb-spacing-right-small:1.92%;--awb-spacing-left-small:1.92%;\"><div class=\"fusion-column-wrapper fusion-column-has-shadow fusion-flex-justify-content-flex-start fusion-content-layout-column\"><div class=\"fusion-title title fusion-title-1 fusion-sep-none fusion-title-text fusion-title-size-one\" style=\"--awb-margin-top-small:10px;--awb-margin-right-small:0px;--awb-margin-bottom-small:20px;--awb-margin-left-small:0px;\"><h1 class=\"fusion-title-heading title-heading-left fusion-responsive-typography-calculated\" style=\"margin:0;--fontSize:45;line-height:1.15;\">Hazte voluntario<\/h1><\/div><div class=\"fusion-text fusion-text-1\"><p><img decoding=\"async\" class=\"lazyload alignright wp-image-6530\" src=\"https:\/\/ucpie.org\/wp-content\/uploads\/2023\/11\/volunteer-3-1.jpeg\" data-orig-src=\"https:\/\/ucpie.org\/wp-content\/uploads\/2023\/11\/volunteer-3-1.jpeg\" alt=\"\" width=\"500\" height=\"327\" srcset=\"data:image\/svg+xml,%3Csvg%20xmlns%3D%27http%3A%2F%2Fwww.w3.org%2F2000%2Fsvg%27%20width%3D%27500%27%20height%3D%27327%27%20viewBox%3D%270%200%20500%20327%27%3E%3Crect%20width%3D%27500%27%20height%3D%27327%27%20fill-opacity%3D%220%22%2F%3E%3C%2Fsvg%3E\" data-srcset=\"https:\/\/ucpie.org\/wp-content\/uploads\/2023\/11\/volunteer-3-1-200x131.jpeg 200w, https:\/\/ucpie.org\/wp-content\/uploads\/2023\/11\/volunteer-3-1-300x196.jpeg 300w, https:\/\/ucpie.org\/wp-content\/uploads\/2023\/11\/volunteer-3-1-400x261.jpeg 400w, https:\/\/ucpie.org\/wp-content\/uploads\/2023\/11\/volunteer-3-1-600x392.jpeg 600w, https:\/\/ucpie.org\/wp-content\/uploads\/2023\/11\/volunteer-3-1.jpeg 750w\" data-sizes=\"auto\" data-orig-sizes=\"(max-width: 500px) 100vw, 500px\" \/>Los voluntarios son una parte importante de UCP of the Inland Empire. Durante los eventos especiales necesitamos ayuda extra para que el d\u00eda sea un \u00e9xito para todos. Estamos encantados de que est\u00e9s interesado en unirte a nuestra comunidad de personas dedicadas a trabajar por un mundo m\u00e1s inclusivo y accesible para las personas con discapacidad.<\/p>\n<p>Tu pasi\u00f3n por ayudar y marcar la diferencia con nuestra organizaci\u00f3n ser\u00e1 esencial para el \u00e9xito de la recaudaci\u00f3n de fondos y, por tanto, para el \u00e9xito de la organizaci\u00f3n. Juntos podemos inspirar a otros a participar y crear una comunidad de cambio positivo.<\/p>\n<\/div><div class=\"fusion-text fusion-text-2\"><h2>Acerca de UCP of the Inland Empire<\/h2>\n<p>UCP (United Cerebral Palsy) of the Inland Empire es una organizaci\u00f3n sin \u00e1nimo de lucro comprometida con la prestaci\u00f3n de una amplia gama de servicios y apoyo a las personas con discapacidad y sus familias. Nuestra misi\u00f3n es promover la independencia, la productividad y la plena ciudadan\u00eda de las personas con discapacidad.<\/p>\n<h3>\u00bfPor qu\u00e9 ser voluntario de UCP of the Inland Empire?<\/h3>\n<p><img decoding=\"async\" class=\"lazyload alignright wp-image-6522\" src=\"data:image\/svg+xml,%3Csvg%20xmlns%3D%27http%3A%2F%2Fwww.w3.org%2F2000%2Fsvg%27%20width%3D%27500%27%20height%3D%27375%27%20viewBox%3D%270%200%20500%20375%27%3E%3Crect%20width%3D%27500%27%20height%3D%27375%27%20fill-opacity%3D%220%22%2F%3E%3C%2Fsvg%3E\" data-orig-src=\"https:\/\/ucpie.org\/wp-content\/uploads\/2023\/11\/volunteer-9-e1698961771109.jpeg\" alt=\"\" width=\"500\" height=\"375\">Cuando eres voluntario con nosotros, pasas a formar parte de un equipo apasionado y diverso que est\u00e1 marcando una verdadera diferencia en la vida de las personas con discapacidad. He aqu\u00ed algunas razones por las que el voluntariado con UCP of the Inland Empire es una experiencia gratificante y satisfactoria:<\/p>\n<ol>\n<li>Impacto significativo: Tu tiempo y tus esfuerzos contribuyen directamente a mejorar la vida de las personas con discapacidad, fomentando una comunidad m\u00e1s integradora.<\/li>\n<li>Crecimiento personal y aprendizaje: El voluntariado brinda la oportunidad de desarrollar nuevas aptitudes, adquirir una valiosa experiencia y ampliar su perspectiva sobre las cuestiones relacionadas con la discapacidad.<\/li>\n<li>Comunidad y conexi\u00f3n: Formar\u00e1s parte de una comunidad solidaria de voluntarios, personal y participantes que comparten el objetivo com\u00fan de promover la inclusi\u00f3n y la accesibilidad.<\/li>\n<li>Oportunidades flexibles: Ofrecemos una variedad de funciones de voluntariado que se adaptan a sus intereses, habilidades y disponibilidad. Tanto si prefiere las actividades pr\u00e1cticas como el apoyo entre bastidores, tenemos un papel para usted.<\/li>\n<li>Recuerdos para toda la vida: Las experiencias y relaciones que construyas durante tu voluntariado con nosotros probablemente dejar\u00e1n un impacto duradero en tu vida.<\/li>\n<\/ol>\n<h3>C\u00f3mo participar<\/h3>\n<div><div class=\"fusion-button-wrapper\"><a class=\"fusion-button button-flat fusion-button-default-size button-default fusion-button-default button-1 fusion-button-default-span fusion-button-default-type\" target=\"_blank\" rel=\"noopener noreferrer\" href=\"https:\/\/ucpie.org\/wp-content\/uploads\/2023\/11\/Event-Volunteer-Job-Description.pdf\"><span class=\"fusion-button-text awb-button__text awb-button__text--default\">Revisar la descripci\u00f3n del puesto<\/span><\/a><\/div><\/div>\n<div style=\"margin: 15px 0 15px 0;\"><div class=\"fusion-button-wrapper\"><a class=\"fusion-button button-flat fusion-button-default-size button-default fusion-button-default button-2 fusion-button-default-span fusion-button-default-type\" target=\"_self\" href=\"https:\/\/ucpie.org\/es\/soporte-ucpie\/formulario-de-solicitud-de-voluntariado\/\"><span class=\"fusion-button-text awb-button__text awb-button__text--default\">Cumplimentar la solicitud de voluntario<\/span><\/a><\/div><\/div>\n<p><strong>Asista a una sesi\u00f3n de orientaci\u00f3n:<\/strong> Obtenga m\u00e1s informaci\u00f3n sobre UCP of the Inland Empire, nuestros programas y las oportunidades de voluntariado disponibles.<\/p>\n<p><strong>Verificaci\u00f3n de antecedentes:<\/strong> Dependiendo de su funci\u00f3n, puede ser necesaria una verificaci\u00f3n de antecedentes para garantizar la seguridad de nuestros participantes.<\/p>\n<h3>Cont\u00e1ctenos<\/h3>\n<p>Si tiene alguna pregunta o necesita m\u00e1s informaci\u00f3n, no dude en ponerse en contacto con nosotros:<\/p>\n<p>Tel\u00e9fono: (760) 321-8184 x114<br \/>\nCorreo electr\u00f3nico: <a href=\"mailto:aimee@ucpie.org\">aimee@ucpie.org<\/a><\/p>\n<p>Esperamos darle la bienvenida a nuestra familia de UCP of the Inland Empire y apreciamos su dedicaci\u00f3n para tener un impacto positivo en nuestra comunidad.<\/p>\n<\/div><div class=\"fusion-image-carousel fusion-image-carousel-auto fusion-image-carousel-1\"><div class=\"awb-carousel awb-swiper awb-swiper-carousel awb-carousel--carousel awb-swiper-dots-position-bottom\" data-layout=\"carousel\" data-autoplay=\"no\" data-autoplayspeed=\"2500\" data-autoplaypause=\"no\" data-loop=\"yes\" data-columns=\"4\" data-columnsmedium=\"1\" data-columnssmall=\"1\" data-itemmargin=\"23\" data-itemwidth=\"180\" data-touchscroll=\"no\" data-freemode=\"no\" data-imagesize=\"auto\" data-scrollitems=\"0\" data-centeredslides=\"no\" data-rotationangle=\"50\" data-depth=\"100\" data-speed=\"500\" data-shadow=\"no\" data-pagination=\"bullets\" style=\"--awb-columns:4;--awb-column-spacing:23px;\"><div class=\"swiper-wrapper awb-image-carousel-wrapper fusion-flex-align-items-center\"><div class=\"swiper-slide\"><div class=\"fusion-carousel-item-wrapper\"><div class=\"fusion-image-wrapper hover-type-none\"><img decoding=\"async\" width=\"1024\" height=\"768\" src=\"data:image\/svg+xml,%3Csvg%20xmlns%3D%27http%3A%2F%2Fwww.w3.org%2F2000%2Fsvg%27%20width%3D%271024%27%20height%3D%27768%27%20viewBox%3D%270%200%201024%20768%27%3E%3Crect%20width%3D%271024%27%20height%3D%27768%27%20fill-opacity%3D%220%22%2F%3E%3C%2Fsvg%3E\" class=\"attachment-full size-full lazyload\" alt=\"\" data-orig-src=\"https:\/\/ucpie.org\/wp-content\/uploads\/2023\/11\/volunteer-9-e1698961771109.jpeg\" \/><\/div><\/div><\/div><div class=\"swiper-slide\"><div class=\"fusion-carousel-item-wrapper\"><div class=\"fusion-image-wrapper hover-type-none\"><img decoding=\"async\" width=\"750\" height=\"504\" src=\"https:\/\/ucpie.org\/wp-content\/uploads\/2023\/11\/volunteer-4.jpeg\" class=\"attachment-full size-full lazyload\" alt=\"\" srcset=\"data:image\/svg+xml,%3Csvg%20xmlns%3D%27http%3A%2F%2Fwww.w3.org%2F2000%2Fsvg%27%20width%3D%27750%27%20height%3D%27504%27%20viewBox%3D%270%200%20750%20504%27%3E%3Crect%20width%3D%27750%27%20height%3D%27504%27%20fill-opacity%3D%220%22%2F%3E%3C%2Fsvg%3E\" data-orig-src=\"https:\/\/ucpie.org\/wp-content\/uploads\/2023\/11\/volunteer-4.jpeg\" data-srcset=\"https:\/\/ucpie.org\/wp-content\/uploads\/2023\/11\/volunteer-4-200x134.jpeg 200w, https:\/\/ucpie.org\/wp-content\/uploads\/2023\/11\/volunteer-4-400x269.jpeg 400w, https:\/\/ucpie.org\/wp-content\/uploads\/2023\/11\/volunteer-4-600x403.jpeg 600w, https:\/\/ucpie.org\/wp-content\/uploads\/2023\/11\/volunteer-4.jpeg 750w\" data-sizes=\"auto\" \/><\/div><\/div><\/div><div class=\"swiper-slide\"><div class=\"fusion-carousel-item-wrapper\"><div class=\"fusion-image-wrapper hover-type-none\"><img decoding=\"async\" width=\"750\" height=\"478\" src=\"https:\/\/ucpie.org\/wp-content\/uploads\/2023\/11\/volunteer-5.jpeg\" class=\"attachment-full size-full lazyload\" alt=\"\" srcset=\"data:image\/svg+xml,%3Csvg%20xmlns%3D%27http%3A%2F%2Fwww.w3.org%2F2000%2Fsvg%27%20width%3D%27750%27%20height%3D%27478%27%20viewBox%3D%270%200%20750%20478%27%3E%3Crect%20width%3D%27750%27%20height%3D%27478%27%20fill-opacity%3D%220%22%2F%3E%3C%2Fsvg%3E\" data-orig-src=\"https:\/\/ucpie.org\/wp-content\/uploads\/2023\/11\/volunteer-5.jpeg\" data-srcset=\"https:\/\/ucpie.org\/wp-content\/uploads\/2023\/11\/volunteer-5-200x127.jpeg 200w, https:\/\/ucpie.org\/wp-content\/uploads\/2023\/11\/volunteer-5-400x255.jpeg 400w, https:\/\/ucpie.org\/wp-content\/uploads\/2023\/11\/volunteer-5-600x382.jpeg 600w, https:\/\/ucpie.org\/wp-content\/uploads\/2023\/11\/volunteer-5.jpeg 750w\" data-sizes=\"auto\" \/><\/div><\/div><\/div><div class=\"swiper-slide\"><div class=\"fusion-carousel-item-wrapper\"><div class=\"fusion-image-wrapper hover-type-none\"><img decoding=\"async\" width=\"1980\" height=\"1414\" src=\"https:\/\/ucpie.org\/wp-content\/uploads\/2023\/11\/volunteer-1-scaled.jpeg\" class=\"attachment-full size-full lazyload\" alt=\"\" srcset=\"data:image\/svg+xml,%3Csvg%20xmlns%3D%27http%3A%2F%2Fwww.w3.org%2F2000%2Fsvg%27%20width%3D%271980%27%20height%3D%271414%27%20viewBox%3D%270%200%201980%201414%27%3E%3Crect%20width%3D%271980%27%20height%3D%271414%27%20fill-opacity%3D%220%22%2F%3E%3C%2Fsvg%3E\" data-orig-src=\"https:\/\/ucpie.org\/wp-content\/uploads\/2023\/11\/volunteer-1-scaled.jpeg\" data-srcset=\"https:\/\/ucpie.org\/wp-content\/uploads\/2023\/11\/volunteer-1-200x143.jpeg 200w, https:\/\/ucpie.org\/wp-content\/uploads\/2023\/11\/volunteer-1-400x286.jpeg 400w, https:\/\/ucpie.org\/wp-content\/uploads\/2023\/11\/volunteer-1-600x429.jpeg 600w, https:\/\/ucpie.org\/wp-content\/uploads\/2023\/11\/volunteer-1-800x571.jpeg 800w, https:\/\/ucpie.org\/wp-content\/uploads\/2023\/11\/volunteer-1-1200x857.jpeg 1200w, https:\/\/ucpie.org\/wp-content\/uploads\/2023\/11\/volunteer-1-scaled.jpeg 1980w\" data-sizes=\"auto\" \/><\/div><\/div><\/div><div class=\"swiper-slide\"><div class=\"fusion-carousel-item-wrapper\"><div class=\"fusion-image-wrapper hover-type-none\"><img decoding=\"async\" width=\"750\" height=\"490\" src=\"https:\/\/ucpie.org\/wp-content\/uploads\/2023\/11\/volunteer-6.jpeg\" class=\"attachment-full size-full lazyload\" alt=\"\" srcset=\"data:image\/svg+xml,%3Csvg%20xmlns%3D%27http%3A%2F%2Fwww.w3.org%2F2000%2Fsvg%27%20width%3D%27750%27%20height%3D%27490%27%20viewBox%3D%270%200%20750%20490%27%3E%3Crect%20width%3D%27750%27%20height%3D%27490%27%20fill-opacity%3D%220%22%2F%3E%3C%2Fsvg%3E\" data-orig-src=\"https:\/\/ucpie.org\/wp-content\/uploads\/2023\/11\/volunteer-6.jpeg\" data-srcset=\"https:\/\/ucpie.org\/wp-content\/uploads\/2023\/11\/volunteer-6-200x131.jpeg 200w, https:\/\/ucpie.org\/wp-content\/uploads\/2023\/11\/volunteer-6-400x261.jpeg 400w, https:\/\/ucpie.org\/wp-content\/uploads\/2023\/11\/volunteer-6-600x392.jpeg 600w, https:\/\/ucpie.org\/wp-content\/uploads\/2023\/11\/volunteer-6.jpeg 750w\" data-sizes=\"auto\" \/><\/div><\/div><\/div><div class=\"swiper-slide\"><div class=\"fusion-carousel-item-wrapper\"><div class=\"fusion-image-wrapper hover-type-none\"><img decoding=\"async\" width=\"750\" height=\"488\" src=\"https:\/\/ucpie.org\/wp-content\/uploads\/2023\/11\/volunteer-2.jpeg\" class=\"attachment-full size-full lazyload\" alt=\"\" srcset=\"data:image\/svg+xml,%3Csvg%20xmlns%3D%27http%3A%2F%2Fwww.w3.org%2F2000%2Fsvg%27%20width%3D%27750%27%20height%3D%27488%27%20viewBox%3D%270%200%20750%20488%27%3E%3Crect%20width%3D%27750%27%20height%3D%27488%27%20fill-opacity%3D%220%22%2F%3E%3C%2Fsvg%3E\" data-orig-src=\"https:\/\/ucpie.org\/wp-content\/uploads\/2023\/11\/volunteer-2.jpeg\" data-srcset=\"https:\/\/ucpie.org\/wp-content\/uploads\/2023\/11\/volunteer-2-200x130.jpeg 200w, https:\/\/ucpie.org\/wp-content\/uploads\/2023\/11\/volunteer-2-400x260.jpeg 400w, https:\/\/ucpie.org\/wp-content\/uploads\/2023\/11\/volunteer-2-600x390.jpeg 600w, https:\/\/ucpie.org\/wp-content\/uploads\/2023\/11\/volunteer-2.jpeg 750w\" data-sizes=\"auto\" \/><\/div><\/div><\/div><div class=\"swiper-slide\"><div class=\"fusion-carousel-item-wrapper\"><div class=\"fusion-image-wrapper hover-type-none\"><img decoding=\"async\" width=\"1280\" height=\"960\" src=\"https:\/\/ucpie.org\/wp-content\/uploads\/2023\/11\/volunteer-7-rotated.jpeg\" class=\"attachment-full size-full lazyload\" alt=\"\" srcset=\"data:image\/svg+xml,%3Csvg%20xmlns%3D%27http%3A%2F%2Fwww.w3.org%2F2000%2Fsvg%27%20width%3D%271280%27%20height%3D%27960%27%20viewBox%3D%270%200%201280%20960%27%3E%3Crect%20width%3D%271280%27%20height%3D%27960%27%20fill-opacity%3D%220%22%2F%3E%3C%2Fsvg%3E\" data-orig-src=\"https:\/\/ucpie.org\/wp-content\/uploads\/2023\/11\/volunteer-7-rotated.jpeg\" data-srcset=\"https:\/\/ucpie.org\/wp-content\/uploads\/2023\/11\/volunteer-7-200x150.jpeg 200w, https:\/\/ucpie.org\/wp-content\/uploads\/2023\/11\/volunteer-7-400x300.jpeg 400w, https:\/\/ucpie.org\/wp-content\/uploads\/2023\/11\/volunteer-7-600x450.jpeg 600w, https:\/\/ucpie.org\/wp-content\/uploads\/2023\/11\/volunteer-7-800x600.jpeg 800w, https:\/\/ucpie.org\/wp-content\/uploads\/2023\/11\/volunteer-7-1200x900.jpeg 1200w, https:\/\/ucpie.org\/wp-content\/uploads\/2023\/11\/volunteer-7-rotated.jpeg 1280w\" data-sizes=\"auto\" \/><\/div><\/div><\/div><\/div><div class=\"awb-swiper-button awb-swiper-button-prev\"><i class=\"awb-icon-angle-left\" aria-hidden=\"true\"><\/i><\/div><div class=\"awb-swiper-button awb-swiper-button-next\"><i class=\"awb-icon-angle-right\" aria-hidden=\"true\"><\/i><\/div><\/div><\/div><\/div><\/div><\/div><\/div>\n","protected":false},"excerpt":{"rendered":"","protected":false},"author":7,"featured_media":0,"parent":3743,"menu_order":0,"comment_status":"closed","ping_status":"closed","template":"","meta":{"h5ap_radio_sources":[],"cybocfi_hide_featured_image":"","footnotes":""},"class_list":["post-6502","page","type-page","status-publish","hentry"],"yoast_head":"<!-- This site is optimized with the Yoast SEO plugin v27.5 - https:\/\/yoast.com\/product\/yoast-seo-wordpress\/ -->\n<title>Voluntario &#8211; United Cerebral Palsy of the Inland Empire<\/title>\n<meta name=\"robots\" content=\"index, follow, max-snippet:-1, max-image-preview:large, max-video-preview:-1\" \/>\n<link rel=\"canonical\" href=\"https:\/\/ucpie.org\/es\/soporte-ucpie\/voluntario\/\" \/>\n<meta property=\"og:locale\" content=\"es_ES\" \/>\n<meta property=\"og:type\" content=\"article\" \/>\n<meta property=\"og:title\" content=\"Voluntario &#8211; United Cerebral Palsy of the Inland Empire\" \/>\n<meta property=\"og:url\" content=\"https:\/\/ucpie.org\/es\/soporte-ucpie\/voluntario\/\" \/>\n<meta property=\"og:site_name\" content=\"United Cerebral Palsy of the Inland Empire\" \/>\n<meta property=\"article:publisher\" content=\"http:\/\/facebook.com\/ucpinlandempire\" \/>\n<meta property=\"article:modified_time\" content=\"2025-06-02T20:30:29+00:00\" \/>\n<meta property=\"og:image\" content=\"https:\/\/ucpie.org\/wp-content\/uploads\/2023\/11\/volunteer-3-1.jpeg\" \/>\n<meta name=\"twitter:card\" content=\"summary_large_image\" \/>\n<meta name=\"twitter:site\" content=\"@UCPIE\" \/>\n<meta name=\"twitter:label1\" content=\"Tiempo de lectura\" \/>\n\t<meta name=\"twitter:data1\" content=\"6 minutos\" \/>\n<script type=\"application\/ld+json\" class=\"yoast-schema-graph\">{\"@context\":\"https:\\\/\\\/schema.org\",\"@graph\":[{\"@type\":\"WebPage\",\"@id\":\"https:\\\/\\\/ucpie.org\\\/es\\\/soporte-ucpie\\\/voluntario\\\/\",\"url\":\"https:\\\/\\\/ucpie.org\\\/es\\\/soporte-ucpie\\\/voluntario\\\/\",\"name\":\"Voluntario &#8211; United Cerebral Palsy of the Inland Empire\",\"isPartOf\":{\"@id\":\"https:\\\/\\\/steelblue-squid-762552.hostingersite.com\\\/#website\"},\"primaryImageOfPage\":{\"@id\":\"https:\\\/\\\/ucpie.org\\\/es\\\/soporte-ucpie\\\/voluntario\\\/#primaryimage\"},\"image\":{\"@id\":\"https:\\\/\\\/ucpie.org\\\/es\\\/soporte-ucpie\\\/voluntario\\\/#primaryimage\"},\"thumbnailUrl\":\"https:\\\/\\\/ucpie.org\\\/wp-content\\\/uploads\\\/2023\\\/11\\\/volunteer-3-1.jpeg\",\"datePublished\":\"2023-11-02T21:57:04+00:00\",\"dateModified\":\"2025-06-02T20:30:29+00:00\",\"breadcrumb\":{\"@id\":\"https:\\\/\\\/ucpie.org\\\/es\\\/soporte-ucpie\\\/voluntario\\\/#breadcrumb\"},\"inLanguage\":\"es\",\"potentialAction\":[{\"@type\":\"ReadAction\",\"target\":[\"https:\\\/\\\/ucpie.org\\\/es\\\/soporte-ucpie\\\/voluntario\\\/\"]}]},{\"@type\":\"ImageObject\",\"inLanguage\":\"es\",\"@id\":\"https:\\\/\\\/ucpie.org\\\/es\\\/soporte-ucpie\\\/voluntario\\\/#primaryimage\",\"url\":\"https:\\\/\\\/ucpie.org\\\/wp-content\\\/uploads\\\/2023\\\/11\\\/volunteer-3-1.jpeg\",\"contentUrl\":\"https:\\\/\\\/ucpie.org\\\/wp-content\\\/uploads\\\/2023\\\/11\\\/volunteer-3-1.jpeg\"},{\"@type\":\"BreadcrumbList\",\"@id\":\"https:\\\/\\\/ucpie.org\\\/es\\\/soporte-ucpie\\\/voluntario\\\/#breadcrumb\",\"itemListElement\":[{\"@type\":\"ListItem\",\"position\":1,\"name\":\"Home\",\"item\":\"https:\\\/\\\/ucpie.org\\\/es\\\/inicio\\\/\"},{\"@type\":\"ListItem\",\"position\":2,\"name\":\"Soporte UCPIE\",\"item\":\"https:\\\/\\\/ucpie.org\\\/es\\\/soporte-ucpie\\\/\"},{\"@type\":\"ListItem\",\"position\":3,\"name\":\"Voluntario\"}]},{\"@type\":\"WebSite\",\"@id\":\"https:\\\/\\\/steelblue-squid-762552.hostingersite.com\\\/#website\",\"url\":\"https:\\\/\\\/steelblue-squid-762552.hostingersite.com\\\/\",\"name\":\"United Cerebral Palsy of the Inland Empire\",\"description\":\"Helping people with disabilities live life without limits\",\"potentialAction\":[{\"@type\":\"SearchAction\",\"target\":{\"@type\":\"EntryPoint\",\"urlTemplate\":\"https:\\\/\\\/steelblue-squid-762552.hostingersite.com\\\/?s={search_term_string}\"},\"query-input\":{\"@type\":\"PropertyValueSpecification\",\"valueRequired\":true,\"valueName\":\"search_term_string\"}}],\"inLanguage\":\"es\"}]}<\/script>\n<!-- \/ Yoast SEO plugin. -->","yoast_head_json":{"title":"Voluntario &#8211; United Cerebral Palsy of the Inland Empire","robots":{"index":"index","follow":"follow","max-snippet":"max-snippet:-1","max-image-preview":"max-image-preview:large","max-video-preview":"max-video-preview:-1"},"canonical":"https:\/\/ucpie.org\/es\/soporte-ucpie\/voluntario\/","og_locale":"es_ES","og_type":"article","og_title":"Voluntario &#8211; United Cerebral Palsy of the Inland Empire","og_url":"https:\/\/ucpie.org\/es\/soporte-ucpie\/voluntario\/","og_site_name":"United Cerebral Palsy of the Inland Empire","article_publisher":"http:\/\/facebook.com\/ucpinlandempire","article_modified_time":"2025-06-02T20:30:29+00:00","og_image":[{"url":"https:\/\/ucpie.org\/wp-content\/uploads\/2023\/11\/volunteer-3-1.jpeg","type":"","width":"","height":""}],"twitter_card":"summary_large_image","twitter_site":"@UCPIE","twitter_misc":{"Tiempo de lectura":"6 minutos"},"schema":{"@context":"https:\/\/schema.org","@graph":[{"@type":"WebPage","@id":"https:\/\/ucpie.org\/es\/soporte-ucpie\/voluntario\/","url":"https:\/\/ucpie.org\/es\/soporte-ucpie\/voluntario\/","name":"Voluntario &#8211; United Cerebral Palsy of the Inland Empire","isPartOf":{"@id":"https:\/\/steelblue-squid-762552.hostingersite.com\/#website"},"primaryImageOfPage":{"@id":"https:\/\/ucpie.org\/es\/soporte-ucpie\/voluntario\/#primaryimage"},"image":{"@id":"https:\/\/ucpie.org\/es\/soporte-ucpie\/voluntario\/#primaryimage"},"thumbnailUrl":"https:\/\/ucpie.org\/wp-content\/uploads\/2023\/11\/volunteer-3-1.jpeg","datePublished":"2023-11-02T21:57:04+00:00","dateModified":"2025-06-02T20:30:29+00:00","breadcrumb":{"@id":"https:\/\/ucpie.org\/es\/soporte-ucpie\/voluntario\/#breadcrumb"},"inLanguage":"es","potentialAction":[{"@type":"ReadAction","target":["https:\/\/ucpie.org\/es\/soporte-ucpie\/voluntario\/"]}]},{"@type":"ImageObject","inLanguage":"es","@id":"https:\/\/ucpie.org\/es\/soporte-ucpie\/voluntario\/#primaryimage","url":"https:\/\/ucpie.org\/wp-content\/uploads\/2023\/11\/volunteer-3-1.jpeg","contentUrl":"https:\/\/ucpie.org\/wp-content\/uploads\/2023\/11\/volunteer-3-1.jpeg"},{"@type":"BreadcrumbList","@id":"https:\/\/ucpie.org\/es\/soporte-ucpie\/voluntario\/#breadcrumb","itemListElement":[{"@type":"ListItem","position":1,"name":"Home","item":"https:\/\/ucpie.org\/es\/inicio\/"},{"@type":"ListItem","position":2,"name":"Soporte UCPIE","item":"https:\/\/ucpie.org\/es\/soporte-ucpie\/"},{"@type":"ListItem","position":3,"name":"Voluntario"}]},{"@type":"WebSite","@id":"https:\/\/steelblue-squid-762552.hostingersite.com\/#website","url":"https:\/\/steelblue-squid-762552.hostingersite.com\/","name":"United Cerebral Palsy of the Inland Empire","description":"Helping people with disabilities live life without limits","potentialAction":[{"@type":"SearchAction","target":{"@type":"EntryPoint","urlTemplate":"https:\/\/steelblue-squid-762552.hostingersite.com\/?s={search_term_string}"},"query-input":{"@type":"PropertyValueSpecification","valueRequired":true,"valueName":"search_term_string"}}],"inLanguage":"es"}]}},"_links":{"self":[{"href":"https:\/\/ucpie.org\/es\/wp-json\/wp\/v2\/pages\/6502","targetHints":{"allow":["GET"]}}],"collection":[{"href":"https:\/\/ucpie.org\/es\/wp-json\/wp\/v2\/pages"}],"about":[{"href":"https:\/\/ucpie.org\/es\/wp-json\/wp\/v2\/types\/page"}],"author":[{"embeddable":true,"href":"https:\/\/ucpie.org\/es\/wp-json\/wp\/v2\/users\/7"}],"replies":[{"embeddable":true,"href":"https:\/\/ucpie.org\/es\/wp-json\/wp\/v2\/comments?post=6502"}],"version-history":[{"count":19,"href":"https:\/\/ucpie.org\/es\/wp-json\/wp\/v2\/pages\/6502\/revisions"}],"predecessor-version":[{"id":9261,"href":"https:\/\/ucpie.org\/es\/wp-json\/wp\/v2\/pages\/6502\/revisions\/9261"}],"up":[{"embeddable":true,"href":"https:\/\/ucpie.org\/es\/wp-json\/wp\/v2\/pages\/3743"}],"wp:attachment":[{"href":"https:\/\/ucpie.org\/es\/wp-json\/wp\/v2\/media?parent=6502"}],"curies":[{"name":"wp","href":"https:\/\/api.w.org\/{rel}","templated":true}]}}