{"id":3909,"date":"2021-11-03T10:57:37","date_gmt":"2021-11-03T17:57:37","guid":{"rendered":"https:\/\/ucpie.org\/?page_id=3909"},"modified":"2021-11-04T12:02:42","modified_gmt":"2021-11-04T19:02:42","slug":"terminos-y-condiciones","status":"publish","type":"page","link":"https:\/\/ucpie.org\/es\/terminos-y-condiciones\/","title":{"rendered":"T\u00e9rminos y condiciones"},"content":{"rendered":"<div class=\"fusion-fullwidth fullwidth-box fusion-builder-row-1 fusion-flex-container nonhundred-percent-fullwidth non-hundred-percent-height-scrolling\" style=\"--awb-border-radius-top-left:0px;--awb-border-radius-top-right:0px;--awb-border-radius-bottom-right:0px;--awb-border-radius-bottom-left:0px;--awb-flex-wrap:wrap;\" ><div class=\"fusion-builder-row fusion-row fusion-flex-align-items-flex-start fusion-flex-content-wrap\" style=\"max-width:2059.2px;margin-left: calc(-4% \/ 2 );margin-right: calc(-4% \/ 2 );\"><div class=\"fusion-layout-column fusion_builder_column fusion-builder-column-0 fusion_builder_column_1_1 1_1 fusion-flex-column\" style=\"--awb-bg-size:cover;--awb-width-large:100%;--awb-margin-top-large:10px;--awb-spacing-right-large:1.92%;--awb-margin-bottom-large:10px;--awb-spacing-left-large:1.92%;--awb-width-medium:100%;--awb-order-medium:0;--awb-spacing-right-medium:1.92%;--awb-spacing-left-medium:1.92%;--awb-width-small:100%;--awb-order-small:0;--awb-spacing-right-small:1.92%;--awb-spacing-left-small:1.92%;\"><div class=\"fusion-column-wrapper fusion-column-has-shadow fusion-flex-justify-content-flex-start fusion-content-layout-column\"><div class=\"fusion-title title fusion-title-1 fusion-sep-none fusion-title-text fusion-title-size-one\" style=\"--awb-margin-top-small:10px;--awb-margin-right-small:0px;--awb-margin-bottom-small:20px;--awb-margin-left-small:0px;\"><h1 class=\"fusion-title-heading title-heading-left fusion-responsive-typography-calculated\" style=\"margin:0;--fontSize:45;line-height:1.15;\">T\u00e9rminos y condiciones de la UCPIE<\/h1><\/div><div class=\"fusion-text fusion-text-1\"><p>Lea estos t\u00e9rminos y condiciones (\u00abt\u00e9rminos y condiciones\u00bb, \u00abt\u00e9rminos\u00bb) detenidamente antes de utilizar el sitio web de United Cerebral Palsy of the Inland Empire ubicado en <a href=\"https:\/\/oldlaspalmas.org\/\">https:\/\/ucpie.org\/<\/a> (\u00absitio web\u00bb, \u00abservicio\u00bb) operado por United Par\u00e1lisis cerebral del Inland Empire (\u00abnosotros\u00bb, \u00abnosotros\u00bb, \u00abnuestro\u00bb).<\/p>\n<p><strong>Condiciones de Uso<\/strong><\/p>\n<p>Al utilizar este sitio web, certifica que ha le\u00eddo y revisado este Acuerdo y que acepta cumplir con sus t\u00e9rminos. Si no desea estar sujeto a los t\u00e9rminos de este Acuerdo, se le recomienda que abandone el sitio web en consecuencia. United Cerebral Palsy of the Inland Empire solo otorga el uso y acceso de este sitio web, sus productos y sus servicios a aquellos que han aceptado sus t\u00e9rminos.<\/p>\n<p><strong>Pol\u00edtica de privacidad<\/strong><\/p>\n<p>Antes de continuar utilizando nuestro sitio web, le recomendamos que lea nuestra pol\u00edtica de privacidad https:\/\/ucpie.org\/privacy-policy\/ con respecto a nuestra recopilaci\u00f3n de datos de usuario. Le ayudar\u00e1 a comprender mejor nuestras pr\u00e1cticas.<\/p>\n<p><strong>Restricci\u00f3n de edad<\/strong><\/p>\n<p>Debe tener al menos 18 (dieciocho) a\u00f1os antes de poder utilizar este sitio web. Al utilizar este sitio web, usted garantiza que tiene al menos 18 a\u00f1os de edad y que puede adherirse legalmente a este Acuerdo. United Cerebral Palsy of the Inland Empire no asume ninguna responsabilidad por las responsabilidades relacionadas con la tergiversaci\u00f3n de la edad.<\/p>\n<p><strong>Propiedad intelectual<\/strong><\/p>\n<p>Usted acepta que todos los materiales, productos y servicios proporcionados en este sitio web son propiedad de United Cerebral Palsy of the Inland Empire, sus afiliados, directores, funcionarios, agentes, proveedores o otorgantes de licencias, incluidos todos los derechos de autor, secretos comerciales, marcas comerciales, patentes, y otra propiedad intelectual. Tambi\u00e9n acepta que no reproducir\u00e1 ni redistribuir\u00e1 la propiedad intelectual de United Cerebral Palsy of the Inland Empire de ninguna manera, incluidos los registros electr\u00f3nicos, digitales o de nuevas marcas comerciales.<\/p>\n<p>Usted otorga a United Cerebral Palsy of the Inland Empire una licencia no exclusiva y libre de regal\u00edas para mostrar, usar, copiar, transmitir y difundir el contenido que cargue y publique. Para asuntos relacionados con reclamos de propiedad intelectual, debe comunicarse con United Cerebral Palsy of the Inland Empire para llegar a un acuerdo.<\/p>\n<p><strong>Cuentas de usuario<\/strong><\/p>\n<p>Como usuario de este sitio web, puede registrar una cuenta opcional con nosotros y proporcionar informaci\u00f3n privada. Usted es responsable de garantizar la exactitud de esta informaci\u00f3n y es responsable de mantener la seguridad de su informaci\u00f3n de identificaci\u00f3n. Tambi\u00e9n es responsable de todas las actividades que se realicen con su cuenta o contrase\u00f1a.<\/p>\n<p>Si cree que existen posibles problemas relacionados con la seguridad de su cuenta en el sitio web, inf\u00f3rmenos de inmediato para que podamos abordarlos en consecuencia.<\/p>\n<p>Nos reservamos todos los derechos de cancelar cuentas, editar o eliminar contenido y cancelar pedidos a nuestro exclusivo criterio.<\/p>\n<p><strong>Ley aplicable<\/strong><\/p>\n<p>Al visitar este sitio web, usted acepta que las leyes del estado de California, sin tener en cuenta los principios de las leyes de conflicto, regir\u00e1n estos t\u00e9rminos y condiciones, o cualquier disputa de cualquier tipo que pueda surgir entre United Cerebral Palsy of the Inland Empire y usted, o sus socios comerciales y asociados.<\/p>\n<p><strong>Disputas<\/strong><\/p>\n<p>Cualquier disputa relacionada de alguna manera con su visita a este sitio web o con los productos que nos compre ser\u00e1 arbitrada por un tribunal estatal o federal y usted acepta la jurisdicci\u00f3n exclusiva y el lugar de dichos tribunales.<\/p>\n<p><strong>Indemnizaci\u00f3n<\/strong><\/p>\n<p>Usted acepta indemnizar a United Cerebral Palsy of the Inland Empire y sus afiliados y eximir a United Cerebral Palsy of the Inland Empire de toda responsabilidad frente a reclamaciones y demandas legales que puedan surgir de su uso o mal uso de nuestros servicios. Nos reservamos el derecho a seleccionar nuestro propio asesor legal.<\/p>\n<p><strong>Limitaci\u00f3n de responsabilidad<\/strong><\/p>\n<p>United Cerebral Palsy of the Inland Empire no es responsable de ning\u00fan da\u00f1o que pueda ocurrirle como resultado de su mal uso de nuestro sitio web.<\/p>\n<p>United Cerebral Palsy of the Inland Empire se reserva el derecho de editar, modificar y cambiar este Acuerdo en cualquier momento. Este Acuerdo es un acuerdo entre United Cerebral Palsy of the Inland Empire y el usuario, y reemplaza y reemplaza todos los acuerdos anteriores con respecto al uso de este sitio web.<\/p>\n<\/div><\/div><\/div><\/div><\/div>\n","protected":false},"excerpt":{"rendered":"","protected":false},"author":7,"featured_media":0,"parent":0,"menu_order":0,"comment_status":"open","ping_status":"open","template":"","meta":{"h5ap_radio_sources":[],"cybocfi_hide_featured_image":"","footnotes":""},"class_list":["post-3909","page","type-page","status-publish","hentry"],"yoast_head":"<!-- This site is optimized with the Yoast SEO plugin v27.5 - https:\/\/yoast.com\/product\/yoast-seo-wordpress\/ -->\n<title>T\u00e9rminos y condiciones &#8211; United Cerebral Palsy of the Inland Empire<\/title>\n<meta name=\"robots\" content=\"index, follow, max-snippet:-1, max-image-preview:large, max-video-preview:-1\" \/>\n<link rel=\"canonical\" href=\"https:\/\/ucpie.org\/es\/terminos-y-condiciones\/\" \/>\n<meta property=\"og:locale\" content=\"es_ES\" \/>\n<meta property=\"og:type\" content=\"article\" \/>\n<meta property=\"og:title\" content=\"T\u00e9rminos y condiciones &#8211; United Cerebral Palsy of the Inland Empire\" \/>\n<meta property=\"og:url\" content=\"https:\/\/ucpie.org\/es\/terminos-y-condiciones\/\" \/>\n<meta property=\"og:site_name\" content=\"United Cerebral Palsy of the Inland Empire\" \/>\n<meta property=\"article:publisher\" content=\"http:\/\/facebook.com\/ucpinlandempire\" \/>\n<meta property=\"article:modified_time\" content=\"2021-11-04T19:02:42+00:00\" \/>\n<meta name=\"twitter:card\" content=\"summary_large_image\" \/>\n<meta name=\"twitter:site\" content=\"@UCPIE\" \/>\n<meta name=\"twitter:label1\" content=\"Tiempo de lectura\" \/>\n\t<meta name=\"twitter:data1\" content=\"8 minutos\" \/>\n<script type=\"application\/ld+json\" class=\"yoast-schema-graph\">{\"@context\":\"https:\\\/\\\/schema.org\",\"@graph\":[{\"@type\":\"WebPage\",\"@id\":\"https:\\\/\\\/ucpie.org\\\/es\\\/terminos-y-condiciones\\\/\",\"url\":\"https:\\\/\\\/ucpie.org\\\/es\\\/terminos-y-condiciones\\\/\",\"name\":\"T\u00e9rminos y condiciones &#8211; United Cerebral Palsy of the Inland Empire\",\"isPartOf\":{\"@id\":\"https:\\\/\\\/steelblue-squid-762552.hostingersite.com\\\/#website\"},\"datePublished\":\"2021-11-03T17:57:37+00:00\",\"dateModified\":\"2021-11-04T19:02:42+00:00\",\"breadcrumb\":{\"@id\":\"https:\\\/\\\/ucpie.org\\\/es\\\/terminos-y-condiciones\\\/#breadcrumb\"},\"inLanguage\":\"es\",\"potentialAction\":[{\"@type\":\"ReadAction\",\"target\":[\"https:\\\/\\\/ucpie.org\\\/es\\\/terminos-y-condiciones\\\/\"]}]},{\"@type\":\"BreadcrumbList\",\"@id\":\"https:\\\/\\\/ucpie.org\\\/es\\\/terminos-y-condiciones\\\/#breadcrumb\",\"itemListElement\":[{\"@type\":\"ListItem\",\"position\":1,\"name\":\"Home\",\"item\":\"https:\\\/\\\/ucpie.org\\\/es\\\/inicio\\\/\"},{\"@type\":\"ListItem\",\"position\":2,\"name\":\"T\u00e9rminos y condiciones\"}]},{\"@type\":\"WebSite\",\"@id\":\"https:\\\/\\\/steelblue-squid-762552.hostingersite.com\\\/#website\",\"url\":\"https:\\\/\\\/steelblue-squid-762552.hostingersite.com\\\/\",\"name\":\"United Cerebral Palsy of the Inland Empire\",\"description\":\"Helping people with disabilities live life without limits\",\"potentialAction\":[{\"@type\":\"SearchAction\",\"target\":{\"@type\":\"EntryPoint\",\"urlTemplate\":\"https:\\\/\\\/steelblue-squid-762552.hostingersite.com\\\/?s={search_term_string}\"},\"query-input\":{\"@type\":\"PropertyValueSpecification\",\"valueRequired\":true,\"valueName\":\"search_term_string\"}}],\"inLanguage\":\"es\"}]}<\/script>\n<!-- \/ Yoast SEO plugin. -->","yoast_head_json":{"title":"T\u00e9rminos y condiciones &#8211; United Cerebral Palsy of the Inland Empire","robots":{"index":"index","follow":"follow","max-snippet":"max-snippet:-1","max-image-preview":"max-image-preview:large","max-video-preview":"max-video-preview:-1"},"canonical":"https:\/\/ucpie.org\/es\/terminos-y-condiciones\/","og_locale":"es_ES","og_type":"article","og_title":"T\u00e9rminos y condiciones &#8211; United Cerebral Palsy of the Inland Empire","og_url":"https:\/\/ucpie.org\/es\/terminos-y-condiciones\/","og_site_name":"United Cerebral Palsy of the Inland Empire","article_publisher":"http:\/\/facebook.com\/ucpinlandempire","article_modified_time":"2021-11-04T19:02:42+00:00","twitter_card":"summary_large_image","twitter_site":"@UCPIE","twitter_misc":{"Tiempo de lectura":"8 minutos"},"schema":{"@context":"https:\/\/schema.org","@graph":[{"@type":"WebPage","@id":"https:\/\/ucpie.org\/es\/terminos-y-condiciones\/","url":"https:\/\/ucpie.org\/es\/terminos-y-condiciones\/","name":"T\u00e9rminos y condiciones &#8211; United Cerebral Palsy of the Inland Empire","isPartOf":{"@id":"https:\/\/steelblue-squid-762552.hostingersite.com\/#website"},"datePublished":"2021-11-03T17:57:37+00:00","dateModified":"2021-11-04T19:02:42+00:00","breadcrumb":{"@id":"https:\/\/ucpie.org\/es\/terminos-y-condiciones\/#breadcrumb"},"inLanguage":"es","potentialAction":[{"@type":"ReadAction","target":["https:\/\/ucpie.org\/es\/terminos-y-condiciones\/"]}]},{"@type":"BreadcrumbList","@id":"https:\/\/ucpie.org\/es\/terminos-y-condiciones\/#breadcrumb","itemListElement":[{"@type":"ListItem","position":1,"name":"Home","item":"https:\/\/ucpie.org\/es\/inicio\/"},{"@type":"ListItem","position":2,"name":"T\u00e9rminos y condiciones"}]},{"@type":"WebSite","@id":"https:\/\/steelblue-squid-762552.hostingersite.com\/#website","url":"https:\/\/steelblue-squid-762552.hostingersite.com\/","name":"United Cerebral Palsy of the Inland Empire","description":"Helping people with disabilities live life without limits","potentialAction":[{"@type":"SearchAction","target":{"@type":"EntryPoint","urlTemplate":"https:\/\/steelblue-squid-762552.hostingersite.com\/?s={search_term_string}"},"query-input":{"@type":"PropertyValueSpecification","valueRequired":true,"valueName":"search_term_string"}}],"inLanguage":"es"}]}},"_links":{"self":[{"href":"https:\/\/ucpie.org\/es\/wp-json\/wp\/v2\/pages\/3909","targetHints":{"allow":["GET"]}}],"collection":[{"href":"https:\/\/ucpie.org\/es\/wp-json\/wp\/v2\/pages"}],"about":[{"href":"https:\/\/ucpie.org\/es\/wp-json\/wp\/v2\/types\/page"}],"author":[{"embeddable":true,"href":"https:\/\/ucpie.org\/es\/wp-json\/wp\/v2\/users\/7"}],"replies":[{"embeddable":true,"href":"https:\/\/ucpie.org\/es\/wp-json\/wp\/v2\/comments?post=3909"}],"version-history":[{"count":6,"href":"https:\/\/ucpie.org\/es\/wp-json\/wp\/v2\/pages\/3909\/revisions"}],"predecessor-version":[{"id":4614,"href":"https:\/\/ucpie.org\/es\/wp-json\/wp\/v2\/pages\/3909\/revisions\/4614"}],"wp:attachment":[{"href":"https:\/\/ucpie.org\/es\/wp-json\/wp\/v2\/media?parent=3909"}],"curies":[{"name":"wp","href":"https:\/\/api.w.org\/{rel}","templated":true}]}}