{"id":3904,"date":"2021-11-03T11:02:13","date_gmt":"2021-11-03T18:02:13","guid":{"rendered":"https:\/\/ucpie.org\/?page_id=3904"},"modified":"2021-11-04T11:59:22","modified_gmt":"2021-11-04T18:59:22","slug":"politica-de-privacidad","status":"publish","type":"page","link":"https:\/\/ucpie.org\/es\/politica-de-privacidad\/","title":{"rendered":"Pol\u00edtica de privacidad"},"content":{"rendered":"<div class=\"fusion-fullwidth fullwidth-box fusion-builder-row-1 fusion-flex-container nonhundred-percent-fullwidth non-hundred-percent-height-scrolling\" style=\"--awb-border-radius-top-left:0px;--awb-border-radius-top-right:0px;--awb-border-radius-bottom-right:0px;--awb-border-radius-bottom-left:0px;--awb-flex-wrap:wrap;\" ><div class=\"fusion-builder-row fusion-row fusion-flex-align-items-flex-start fusion-flex-content-wrap\" style=\"max-width:2059.2px;margin-left: calc(-4% \/ 2 );margin-right: calc(-4% \/ 2 );\"><div class=\"fusion-layout-column fusion_builder_column fusion-builder-column-0 fusion_builder_column_1_1 1_1 fusion-flex-column\" style=\"--awb-bg-size:cover;--awb-width-large:100%;--awb-margin-top-large:10px;--awb-spacing-right-large:1.92%;--awb-margin-bottom-large:10px;--awb-spacing-left-large:1.92%;--awb-width-medium:100%;--awb-order-medium:0;--awb-spacing-right-medium:1.92%;--awb-spacing-left-medium:1.92%;--awb-width-small:100%;--awb-order-small:0;--awb-spacing-right-small:1.92%;--awb-spacing-left-small:1.92%;\"><div class=\"fusion-column-wrapper fusion-column-has-shadow fusion-flex-justify-content-flex-start fusion-content-layout-column\"><div class=\"fusion-title title fusion-title-1 fusion-sep-none fusion-title-text fusion-title-size-one\" style=\"--awb-margin-top-small:10px;--awb-margin-right-small:0px;--awb-margin-bottom-small:20px;--awb-margin-left-small:0px;\"><h1 class=\"fusion-title-heading title-heading-left fusion-responsive-typography-calculated\" style=\"margin:0;--fontSize:45;line-height:1.15;\">Pol\u00edtica de privacidad de UCPIE<\/h1><\/div><div class=\"fusion-text fusion-text-1\"><p>Esta pol\u00edtica de privacidad (\u00abpol\u00edtica\u00bb) lo ayudar\u00e1 a comprender c\u00f3mo United Cerebral Palsy of the Inland Empire (\u00abnosotros\u00bb, \u00abnosotros\u00bb, \u00abnuestro\u00bb) usa y protege los datos que nos proporciona cuando visita y usa https: \/ \/ucpie.org\/ (\u00absitio web\u00bb, \u00abservicio\u00bb).<\/p>\n<p>Nos reservamos el derecho de cambiar esta pol\u00edtica en cualquier momento, de la cual se le actualizar\u00e1 de inmediato. Si desea asegurarse de estar actualizado con los \u00faltimos cambios, le recomendamos que visite esta p\u00e1gina con frecuencia.<\/p>\n<p><strong>Qu\u00e9 datos de usuario recopilamos<\/strong><\/p>\n<p>Cuando visita el sitio web, podemos recopilar los siguientes datos:<\/p>\n<ul>\n<li>Su informaci\u00f3n de contacto y direcci\u00f3n de correo electr\u00f3nico.<\/li>\n<li>Informaci\u00f3n para el registro de miembros opcional en nuestro sitio.<\/li>\n<li>Otra informaci\u00f3n como intereses y preferencias.<\/li>\n<li>Perfil de datos sobre su comportamiento en l\u00ednea en nuestro sitio web.<\/li>\n<\/ul>\n<p><strong>Por qu\u00e9 recopilamos sus datos<\/strong><\/p>\n<p>Recopilamos sus datos por varias razones:<\/p>\n<ul>\n<li>Para comprender mejor sus necesidades.<\/li>\n<li>Para mejorar nuestros servicios y productos.<\/li>\n<li>Para personalizar nuestro sitio web de acuerdo con sus preferencias personales.<\/li>\n<\/ul>\n<p><strong>Salvaguardar y asegurar los datos<\/strong><\/p>\n<p>United Cerebral Palsy of the Inland Empire se compromete a proteger sus datos y mantenerlos confidenciales. United Cerebral Palsy of the Inland Empire ha hecho todo lo posible para evitar el robo de datos, el acceso no autorizado y la divulgaci\u00f3n mediante la implementaci\u00f3n de las \u00faltimas tecnolog\u00edas y software, que nos ayudan a salvaguardar toda la informaci\u00f3n que recopilamos en l\u00ednea.<\/p>\n<p><strong>Nuestra pol\u00edtica de cookies<\/strong><\/p>\n<p>Una vez que acepta permitir que nuestro sitio web utilice cookies, tambi\u00e9n acepta utilizar los datos que recopila con respecto a su comportamiento en l\u00ednea (analizar el tr\u00e1fico web, las p\u00e1ginas web en las que pasa m\u00e1s tiempo y los sitios web que visita).<\/p>\n<p>Los datos que recopilamos mediante el uso de cookies se utilizan para personalizar nuestro sitio web seg\u00fan sus necesidades. Una vez que utilizamos los datos para el an\u00e1lisis estad\u00edstico, los datos se eliminan por completo de nuestros sistemas.<\/p>\n<p>Tenga en cuenta que las cookies no nos permiten controlar su computadora de ninguna manera. Se utilizan estrictamente para controlar qu\u00e9 p\u00e1ginas le resultan \u00fatiles y cu\u00e1les no, de modo que podamos brindarle una mejor experiencia.<\/p>\n<p>Si desea deshabilitar las cookies, puede hacerlo accediendo a la configuraci\u00f3n de su navegador de Internet.<\/p>\n<p><strong>Enlaces a otros sitios web<\/strong><\/p>\n<p>Nuestro sitio web contiene enlaces que conducen a otros sitios web. Si hace clic en estos enlaces, United Cerebral Palsy of the Inland Empire no se hace responsable de la protecci\u00f3n de sus datos y privacidad. La visita a esos sitios web no se rige por este acuerdo de pol\u00edtica de privacidad. Aseg\u00farese de leer la documentaci\u00f3n de la pol\u00edtica de privacidad del sitio web al que accede desde nuestro sitio web.<\/p>\n<p><strong>Restricci\u00f3n de la recopilaci\u00f3n de sus datos personales<\/strong><\/p>\n<p>En alg\u00fan momento, es posible que desee restringir el uso y la recopilaci\u00f3n de sus datos personales. Puede lograr esto haciendo lo siguiente:<\/p>\n<p>Cuando est\u00e9 completando los formularios en el sitio web, aseg\u00farese de verificar si hay una casilla que pueda dejar sin marcar, si no desea revelar su informaci\u00f3n personal.<\/p>\n<p>Si ya ha aceptado compartir su informaci\u00f3n con nosotros, no dude en contactarnos por correo electr\u00f3nico y estaremos encantados de cambiar esto por usted.<\/p>\n<p>United Cerebral Palsy of the Inland Empire no alquilar\u00e1, vender\u00e1 ni distribuir\u00e1 su informaci\u00f3n personal a terceros, a menos que tengamos su permiso. Podr\u00edamos hacerlo si la ley nos obliga. Su informaci\u00f3n personal se utilizar\u00e1 cuando necesitemos enviarle materiales promocionales si est\u00e1 de acuerdo con esta pol\u00edtica de privacidad.<\/p>\n<\/div><\/div><\/div><\/div><\/div>\n","protected":false},"excerpt":{"rendered":"","protected":false},"author":7,"featured_media":0,"parent":0,"menu_order":0,"comment_status":"open","ping_status":"open","template":"","meta":{"h5ap_radio_sources":[],"cybocfi_hide_featured_image":"","footnotes":""},"class_list":["post-3904","page","type-page","status-publish","hentry"],"yoast_head":"<!-- This site is optimized with the Yoast SEO plugin v27.3 - https:\/\/yoast.com\/product\/yoast-seo-wordpress\/ -->\n<title>Pol\u00edtica de privacidad &#8211; United Cerebral Palsy of the Inland Empire<\/title>\n<meta name=\"robots\" content=\"index, follow, max-snippet:-1, max-image-preview:large, max-video-preview:-1\" \/>\n<link rel=\"canonical\" href=\"https:\/\/ucpie.org\/es\/politica-de-privacidad\/\" \/>\n<meta property=\"og:locale\" content=\"es_ES\" \/>\n<meta property=\"og:type\" content=\"article\" \/>\n<meta property=\"og:title\" content=\"Pol\u00edtica de privacidad &#8211; United Cerebral Palsy of the Inland Empire\" \/>\n<meta property=\"og:url\" content=\"https:\/\/ucpie.org\/es\/politica-de-privacidad\/\" \/>\n<meta property=\"og:site_name\" content=\"United Cerebral Palsy of the Inland Empire\" \/>\n<meta property=\"article:publisher\" content=\"http:\/\/facebook.com\/ucpinlandempire\" \/>\n<meta property=\"article:modified_time\" content=\"2021-11-04T18:59:22+00:00\" \/>\n<meta name=\"twitter:card\" content=\"summary_large_image\" \/>\n<meta name=\"twitter:site\" content=\"@UCPIE\" \/>\n<meta name=\"twitter:label1\" content=\"Tiempo de lectura\" \/>\n\t<meta name=\"twitter:data1\" content=\"7 minutos\" \/>\n<script type=\"application\/ld+json\" class=\"yoast-schema-graph\">{\"@context\":\"https:\\\/\\\/schema.org\",\"@graph\":[{\"@type\":\"WebPage\",\"@id\":\"https:\\\/\\\/ucpie.org\\\/es\\\/politica-de-privacidad\\\/\",\"url\":\"https:\\\/\\\/ucpie.org\\\/es\\\/politica-de-privacidad\\\/\",\"name\":\"Pol\u00edtica de privacidad &#8211; United Cerebral Palsy of the Inland Empire\",\"isPartOf\":{\"@id\":\"https:\\\/\\\/steelblue-squid-762552.hostingersite.com\\\/#website\"},\"datePublished\":\"2021-11-03T18:02:13+00:00\",\"dateModified\":\"2021-11-04T18:59:22+00:00\",\"breadcrumb\":{\"@id\":\"https:\\\/\\\/ucpie.org\\\/es\\\/politica-de-privacidad\\\/#breadcrumb\"},\"inLanguage\":\"es\",\"potentialAction\":[{\"@type\":\"ReadAction\",\"target\":[\"https:\\\/\\\/ucpie.org\\\/es\\\/politica-de-privacidad\\\/\"]}]},{\"@type\":\"BreadcrumbList\",\"@id\":\"https:\\\/\\\/ucpie.org\\\/es\\\/politica-de-privacidad\\\/#breadcrumb\",\"itemListElement\":[{\"@type\":\"ListItem\",\"position\":1,\"name\":\"Home\",\"item\":\"https:\\\/\\\/ucpie.org\\\/es\\\/inicio\\\/\"},{\"@type\":\"ListItem\",\"position\":2,\"name\":\"Pol\u00edtica de privacidad\"}]},{\"@type\":\"WebSite\",\"@id\":\"https:\\\/\\\/steelblue-squid-762552.hostingersite.com\\\/#website\",\"url\":\"https:\\\/\\\/steelblue-squid-762552.hostingersite.com\\\/\",\"name\":\"United Cerebral Palsy of the Inland Empire\",\"description\":\"Helping people with disabilities live life without limits\",\"potentialAction\":[{\"@type\":\"SearchAction\",\"target\":{\"@type\":\"EntryPoint\",\"urlTemplate\":\"https:\\\/\\\/steelblue-squid-762552.hostingersite.com\\\/?s={search_term_string}\"},\"query-input\":{\"@type\":\"PropertyValueSpecification\",\"valueRequired\":true,\"valueName\":\"search_term_string\"}}],\"inLanguage\":\"es\"}]}<\/script>\n<!-- \/ Yoast SEO plugin. -->","yoast_head_json":{"title":"Pol\u00edtica de privacidad &#8211; United Cerebral Palsy of the Inland Empire","robots":{"index":"index","follow":"follow","max-snippet":"max-snippet:-1","max-image-preview":"max-image-preview:large","max-video-preview":"max-video-preview:-1"},"canonical":"https:\/\/ucpie.org\/es\/politica-de-privacidad\/","og_locale":"es_ES","og_type":"article","og_title":"Pol\u00edtica de privacidad &#8211; United Cerebral Palsy of the Inland Empire","og_url":"https:\/\/ucpie.org\/es\/politica-de-privacidad\/","og_site_name":"United Cerebral Palsy of the Inland Empire","article_publisher":"http:\/\/facebook.com\/ucpinlandempire","article_modified_time":"2021-11-04T18:59:22+00:00","twitter_card":"summary_large_image","twitter_site":"@UCPIE","twitter_misc":{"Tiempo de lectura":"7 minutos"},"schema":{"@context":"https:\/\/schema.org","@graph":[{"@type":"WebPage","@id":"https:\/\/ucpie.org\/es\/politica-de-privacidad\/","url":"https:\/\/ucpie.org\/es\/politica-de-privacidad\/","name":"Pol\u00edtica de privacidad &#8211; United Cerebral Palsy of the Inland Empire","isPartOf":{"@id":"https:\/\/steelblue-squid-762552.hostingersite.com\/#website"},"datePublished":"2021-11-03T18:02:13+00:00","dateModified":"2021-11-04T18:59:22+00:00","breadcrumb":{"@id":"https:\/\/ucpie.org\/es\/politica-de-privacidad\/#breadcrumb"},"inLanguage":"es","potentialAction":[{"@type":"ReadAction","target":["https:\/\/ucpie.org\/es\/politica-de-privacidad\/"]}]},{"@type":"BreadcrumbList","@id":"https:\/\/ucpie.org\/es\/politica-de-privacidad\/#breadcrumb","itemListElement":[{"@type":"ListItem","position":1,"name":"Home","item":"https:\/\/ucpie.org\/es\/inicio\/"},{"@type":"ListItem","position":2,"name":"Pol\u00edtica de privacidad"}]},{"@type":"WebSite","@id":"https:\/\/steelblue-squid-762552.hostingersite.com\/#website","url":"https:\/\/steelblue-squid-762552.hostingersite.com\/","name":"United Cerebral Palsy of the Inland Empire","description":"Helping people with disabilities live life without limits","potentialAction":[{"@type":"SearchAction","target":{"@type":"EntryPoint","urlTemplate":"https:\/\/steelblue-squid-762552.hostingersite.com\/?s={search_term_string}"},"query-input":{"@type":"PropertyValueSpecification","valueRequired":true,"valueName":"search_term_string"}}],"inLanguage":"es"}]}},"_links":{"self":[{"href":"https:\/\/ucpie.org\/es\/wp-json\/wp\/v2\/pages\/3904","targetHints":{"allow":["GET"]}}],"collection":[{"href":"https:\/\/ucpie.org\/es\/wp-json\/wp\/v2\/pages"}],"about":[{"href":"https:\/\/ucpie.org\/es\/wp-json\/wp\/v2\/types\/page"}],"author":[{"embeddable":true,"href":"https:\/\/ucpie.org\/es\/wp-json\/wp\/v2\/users\/7"}],"replies":[{"embeddable":true,"href":"https:\/\/ucpie.org\/es\/wp-json\/wp\/v2\/comments?post=3904"}],"version-history":[{"count":6,"href":"https:\/\/ucpie.org\/es\/wp-json\/wp\/v2\/pages\/3904\/revisions"}],"predecessor-version":[{"id":4585,"href":"https:\/\/ucpie.org\/es\/wp-json\/wp\/v2\/pages\/3904\/revisions\/4585"}],"wp:attachment":[{"href":"https:\/\/ucpie.org\/es\/wp-json\/wp\/v2\/media?parent=3904"}],"curies":[{"name":"wp","href":"https:\/\/api.w.org\/{rel}","templated":true}]}}