{"id":3777,"date":"2021-11-03T11:17:07","date_gmt":"2021-11-03T18:17:07","guid":{"rendered":"https:\/\/ucpie.org\/?page_id=3777"},"modified":"2024-02-05T09:38:37","modified_gmt":"2024-02-05T17:38:37","slug":"otras-formas-de-donar","status":"publish","type":"page","link":"https:\/\/ucpie.org\/es\/soporte-ucpie\/otras-formas-de-donar\/","title":{"rendered":"Otras formas de donar"},"content":{"rendered":"<div class=\"fusion-fullwidth fullwidth-box fusion-builder-row-1 fusion-flex-container nonhundred-percent-fullwidth non-hundred-percent-height-scrolling\" style=\"--awb-border-radius-top-left:0px;--awb-border-radius-top-right:0px;--awb-border-radius-bottom-right:0px;--awb-border-radius-bottom-left:0px;--awb-flex-wrap:wrap;\" ><div class=\"fusion-builder-row fusion-row fusion-flex-align-items-flex-start fusion-flex-content-wrap\" style=\"max-width:2059.2px;margin-left: calc(-4% \/ 2 );margin-right: calc(-4% \/ 2 );\"><div class=\"fusion-layout-column fusion_builder_column fusion-builder-column-0 fusion_builder_column_1_1 1_1 fusion-flex-column\" style=\"--awb-bg-size:cover;--awb-width-large:100%;--awb-margin-top-large:10px;--awb-spacing-right-large:1.92%;--awb-margin-bottom-large:10px;--awb-spacing-left-large:1.92%;--awb-width-medium:100%;--awb-order-medium:0;--awb-spacing-right-medium:1.92%;--awb-spacing-left-medium:1.92%;--awb-width-small:100%;--awb-order-small:0;--awb-spacing-right-small:1.92%;--awb-spacing-left-small:1.92%;\"><div class=\"fusion-column-wrapper fusion-column-has-shadow fusion-flex-justify-content-flex-start fusion-content-layout-column\"><div class=\"fusion-title title fusion-title-1 fusion-sep-none fusion-title-text fusion-title-size-one\" style=\"--awb-margin-top-small:10px;--awb-margin-right-small:0px;--awb-margin-bottom-small:20px;--awb-margin-left-small:0px;\"><h1 class=\"fusion-title-heading title-heading-left fusion-responsive-typography-calculated\" style=\"margin:0;--fontSize:45;line-height:1.15;\">Otras formas de donar<\/h1><\/div><div class=\"fusion-text fusion-text-1\"><p>\u00bfBusca otras formas de ayudar a UCPIE? Estas opciones brindan formas \u00fanicas de involucrarse en UCPIE m\u00e1s all\u00e1 de convertirse en un donante mensual, dejar un regalo heredado o asistir \/ patrocinar uno de nuestros eventos especiales.<\/p>\n<\/div><div class=\"fusion-text fusion-text-2\"><h2>LISTA DE DESEOS<\/h2>\n<p>Al proporcionar art\u00edculos de nuestras listas de deseos, podemos asegurarnos de que nuestras aulas y cl\u00ednicas de terapia tengan los recursos que necesitan para atender a nuestros ni\u00f1os. Si est\u00e1 interesado en organizar una campa\u00f1a de donaci\u00f3n, comun\u00edquese con el equipo de Desarrollo de UCPIE al (760) 321-8184<\/p>\n<\/div><div class=\"fusion-text fusion-text-3\"><h2>REGALOS EN ESPECIE<\/h2>\n<p>\u00a1Las empresas o las personas pueden proporcionar un producto o servicio en beneficio de la misi\u00f3n de UCPIE! Esto puede incluir elementos de nuestras listas de deseos u otros recursos, mobiliario \/ equipo de oficina o informaci\u00f3n basada en conocimientos. \u00a1Las posibilidades son infinitas!<\/p>\n<p>\u00bfTiene un negocio, un producto o un art\u00edculo espectacular para donar? \u00a1Considere hacer una donaci\u00f3n a una de las subastas populares de UCPIE! \u00a1Los certificados de servicios, art\u00edculos de canasta de regalo y m\u00e1s son bienvenidos!<\/p>\n<\/div><div class=\"fusion-text fusion-text-4\"><h2>DONE SU COCHE O VEH\u00cdCULO<\/h2>\n<p>\u00a1El Programa de Donaci\u00f3n de Autom\u00f3viles o Veh\u00edculos ayuda a UCPIE a trav\u00e9s de la donaci\u00f3n de sus veh\u00edculos usados! Done su autom\u00f3vil usado, camioneta, cami\u00f3n, bote (con remolque) o veh\u00edculo recreativo a UCPIE:<\/p>\n<p><a href=\"https:\/\/www.ncsvehicledonations.com\/nonprofits\/united-cerebral-palsy\/\" target=\"_blank\" rel=\"noopener\">https:\/\/www.ncsvehicledonations.com\/nonprofits\/united-cerebral-palsy\/<\/a><\/p>\n<p>Tambi\u00e9n puede donar su veh\u00edculo llamando al 1-877-827-2271<\/p>\n<p>Seleccione CA &#8211; UCP of the Inland Empire al hacer su donaci\u00f3n.<\/p>\n<\/div><div class=\"fusion-text fusion-text-5\"><h2>TARJETA DE RECOMPENSAS COMUNITARIAS DE RALPH<\/h2>\n<p><a href=\"https:\/\/ralphs.com\/\"><img decoding=\"async\" class=\"lazyload alignnone size-full wp-image-3781\" src=\"data:image\/svg+xml,%3Csvg%20xmlns%3D%27http%3A%2F%2Fwww.w3.org%2F2000%2Fsvg%27%20width%3D%27197%27%20height%3D%27122%27%20viewBox%3D%270%200%20197%20122%27%3E%3Crect%20width%3D%27197%27%20height%3D%27122%27%20fill-opacity%3D%220%22%2F%3E%3C%2Fsvg%3E\" data-orig-src=\"https:\/\/ucpie.org\/wp-content\/uploads\/2021\/09\/ralphs-logo.jpg\" alt=\"\" width=\"197\" height=\"122\"><\/a><\/p>\n<p>\u00bfCompra en Ralph&#8217;s o Food 4 Less? Cada vez que compre, podr\u00eda estar ganando recompensas que respaldan los programas y servicios de UCPIE. Cree su cuenta en <a href=\"https:\/\/www.ralphs.com\" target=\"_blank\" rel=\"noopener\">www.Ralphs.com<\/a> y designe a UCPIE como su organizaci\u00f3n ben\u00e9fica preferida, \u00a1luego compre!<\/p>\n<p>RECUERDE, las compras no contar\u00e1n para UCPIE hasta que registre su tarjeta de recompensas y seleccione United Cerebral Palsy of the Inland Empire como la organizaci\u00f3n a la que desea donar. Los participantes deben pasar su tarjeta de recompensas Ralphs registrada o usar el n\u00famero de tel\u00e9fono que est\u00e1 relacionado con su tarjeta de recompensas Ralphs registrada cuando compren cada compra para que cuente para el apoyo de UCPIE.<\/p>\n<\/div><div class=\"fusion-text fusion-text-6\"><h3>Para empezar:<\/h3>\n<p>Si ya tiene una tarjeta de recompensa Ralphs y la registr\u00f3 en l\u00ednea<\/p>\n<ol>\n<li>Inicie sesi\u00f3n en su cuenta en <a href=\"https:\/\/www.ralphs.com\/\" target=\"_blank\" rel=\"noopener\">www.Ralphs.com<\/a><\/li>\n<li>Haga clic en Community Rewards<\/li>\n<li>Haga clic en Editar informaci\u00f3n del programa de contribuci\u00f3n de la comunidad.<\/li>\n<li>Busque United Cerebral Palsy of the Inland Empire y seleccione<\/li>\n<li>Compre Ralph&#8217;s y pase su tarjeta o use su n\u00famero de tel\u00e9fono en la caja registradora<\/li>\n<\/ol>\n<p><strong>Si ya tiene una tarjeta de recompensa Ralphs y no la ha registrado en l\u00ednea<\/strong><\/p>\n<ol>\n<li>Tenga su tarjeta Ralphs REWARDS a mano<\/li>\n<li>Registre su tarjeta en l\u00ednea en <a href=\"http:\/\/www.ralphs.com\/\">www.Ralphs.com<\/a><\/li>\n<li>Crea tu cuenta y selecciona la opci\u00f3n \u00abYa tengo una tarjeta de recompensas\u00bb<\/li>\n<li>Complete la confirmaci\u00f3n por correo electr\u00f3nico<\/li>\n<li>Ingrese a su cuenta<\/li>\n<li>Haga clic en Community Rewards<\/li>\n<li>Haga clic en Editar informaci\u00f3n del programa de contribuci\u00f3n de la comunidad.<\/li>\n<li>Busque United Cerebral Palsy of the Inland Empire y seleccione<\/li>\n<li>Compre Ralphs y pase su tarjeta o use su n\u00famero de tel\u00e9fono en la caja registradora<\/li>\n<\/ol>\n<p><strong>Si a\u00fan no tiene una tarjeta de recompensa Ralphs y no la ha registrado en l\u00ednea<\/strong><\/p>\n<ol>\n<li>Visite el mostrador de servicio al cliente en cualquier Ralphs<\/li>\n<li>Tenga su tarjeta Ralphs REWARDS a mano<\/li>\n<li>Registre su tarjeta en l\u00ednea en <a href=\"https:\/\/www.ralphs.com\/\" target=\"_blank\" rel=\"noopener\">www.Ralphs.com<\/a><\/li>\n<li>Crea tu cuenta y selecciona la opci\u00f3n \u00abYa tengo una tarjeta de recompensas\u00bb<\/li>\n<li>Complete la confirmaci\u00f3n por correo electr\u00f3nico<\/li>\n<li>Ingrese a su cuenta<\/li>\n<li>Haga clic en Community Rewards<\/li>\n<li>Haga clic en Editar informaci\u00f3n del programa de contribuci\u00f3n de la comunidad.<\/li>\n<li>Busque United Cerebral Palsy of the Inland Empire y seleccione<\/li>\n<li>Compre Ralphs y pase su tarjeta o use su n\u00famero de tel\u00e9fono en la caja registradora<\/li>\n<\/ol>\n<p><strong>\u00bfPreguntas sobre su tarjeta de recompensas Ralphs?<\/strong><\/p>\n<p>Luego, llame a la l\u00ednea directa de premios Ralphs al 800-660-9003. Puede llamar a la l\u00ednea directa de premios Ralphs de lunes a viernes de 8 a. M. A 4 p. M. PT, con preguntas sobre problemas relacionados con la tarjeta, incluido el cambio de direcci\u00f3n o preguntas sobre el env\u00edo de recompensas.<\/p>\n<p>Tambi\u00e9n puede visitar: <a href=\"https:\/\/www.ralphs.com\/i\/community\/community-contribution-program\" target=\"_blank\" rel=\"noopener\">https:\/\/www.ralphs.com\/i\/community\/community-contribution-program<\/a> para obtener m\u00e1s informaci\u00f3n.<\/p>\n<\/div><\/div><\/div><\/div><\/div>\n","protected":false},"excerpt":{"rendered":"","protected":false},"author":7,"featured_media":0,"parent":3743,"menu_order":0,"comment_status":"closed","ping_status":"closed","template":"","meta":{"h5ap_radio_sources":[],"cybocfi_hide_featured_image":"","footnotes":""},"class_list":["post-3777","page","type-page","status-publish","hentry"],"yoast_head":"<!-- This site is optimized with the Yoast SEO plugin v27.3 - https:\/\/yoast.com\/product\/yoast-seo-wordpress\/ -->\n<title>Otras formas de donar &#8211; United Cerebral Palsy of the Inland Empire<\/title>\n<meta name=\"robots\" content=\"index, follow, max-snippet:-1, max-image-preview:large, max-video-preview:-1\" \/>\n<link rel=\"canonical\" href=\"https:\/\/ucpie.org\/es\/soporte-ucpie\/otras-formas-de-donar\/\" \/>\n<meta property=\"og:locale\" content=\"es_ES\" \/>\n<meta property=\"og:type\" content=\"article\" \/>\n<meta property=\"og:title\" content=\"Otras formas de donar &#8211; United Cerebral Palsy of the Inland Empire\" \/>\n<meta property=\"og:url\" content=\"https:\/\/ucpie.org\/es\/soporte-ucpie\/otras-formas-de-donar\/\" \/>\n<meta property=\"og:site_name\" content=\"United Cerebral Palsy of the Inland Empire\" \/>\n<meta property=\"article:publisher\" content=\"http:\/\/facebook.com\/ucpinlandempire\" \/>\n<meta property=\"article:modified_time\" content=\"2024-02-05T17:38:37+00:00\" \/>\n<meta property=\"og:image\" content=\"https:\/\/ucpie.org\/wp-content\/uploads\/2021\/09\/ralphs-logo.jpg\" \/>\n<meta name=\"twitter:card\" content=\"summary_large_image\" \/>\n<meta name=\"twitter:site\" content=\"@UCPIE\" \/>\n<meta name=\"twitter:label1\" content=\"Tiempo de lectura\" \/>\n\t<meta name=\"twitter:data1\" content=\"10 minutos\" \/>\n<script type=\"application\/ld+json\" class=\"yoast-schema-graph\">{\"@context\":\"https:\\\/\\\/schema.org\",\"@graph\":[{\"@type\":\"WebPage\",\"@id\":\"https:\\\/\\\/ucpie.org\\\/es\\\/soporte-ucpie\\\/otras-formas-de-donar\\\/\",\"url\":\"https:\\\/\\\/ucpie.org\\\/es\\\/soporte-ucpie\\\/otras-formas-de-donar\\\/\",\"name\":\"Otras formas de donar &#8211; United Cerebral Palsy of the Inland Empire\",\"isPartOf\":{\"@id\":\"https:\\\/\\\/steelblue-squid-762552.hostingersite.com\\\/#website\"},\"primaryImageOfPage\":{\"@id\":\"https:\\\/\\\/ucpie.org\\\/es\\\/soporte-ucpie\\\/otras-formas-de-donar\\\/#primaryimage\"},\"image\":{\"@id\":\"https:\\\/\\\/ucpie.org\\\/es\\\/soporte-ucpie\\\/otras-formas-de-donar\\\/#primaryimage\"},\"thumbnailUrl\":\"https:\\\/\\\/ucpie.org\\\/wp-content\\\/uploads\\\/2021\\\/09\\\/ralphs-logo.jpg\",\"datePublished\":\"2021-11-03T18:17:07+00:00\",\"dateModified\":\"2024-02-05T17:38:37+00:00\",\"breadcrumb\":{\"@id\":\"https:\\\/\\\/ucpie.org\\\/es\\\/soporte-ucpie\\\/otras-formas-de-donar\\\/#breadcrumb\"},\"inLanguage\":\"es\",\"potentialAction\":[{\"@type\":\"ReadAction\",\"target\":[\"https:\\\/\\\/ucpie.org\\\/es\\\/soporte-ucpie\\\/otras-formas-de-donar\\\/\"]}]},{\"@type\":\"ImageObject\",\"inLanguage\":\"es\",\"@id\":\"https:\\\/\\\/ucpie.org\\\/es\\\/soporte-ucpie\\\/otras-formas-de-donar\\\/#primaryimage\",\"url\":\"https:\\\/\\\/ucpie.org\\\/wp-content\\\/uploads\\\/2021\\\/09\\\/ralphs-logo.jpg\",\"contentUrl\":\"https:\\\/\\\/ucpie.org\\\/wp-content\\\/uploads\\\/2021\\\/09\\\/ralphs-logo.jpg\"},{\"@type\":\"BreadcrumbList\",\"@id\":\"https:\\\/\\\/ucpie.org\\\/es\\\/soporte-ucpie\\\/otras-formas-de-donar\\\/#breadcrumb\",\"itemListElement\":[{\"@type\":\"ListItem\",\"position\":1,\"name\":\"Home\",\"item\":\"https:\\\/\\\/ucpie.org\\\/es\\\/inicio\\\/\"},{\"@type\":\"ListItem\",\"position\":2,\"name\":\"Soporte UCPIE\",\"item\":\"https:\\\/\\\/ucpie.org\\\/es\\\/soporte-ucpie\\\/\"},{\"@type\":\"ListItem\",\"position\":3,\"name\":\"Otras formas de donar\"}]},{\"@type\":\"WebSite\",\"@id\":\"https:\\\/\\\/steelblue-squid-762552.hostingersite.com\\\/#website\",\"url\":\"https:\\\/\\\/steelblue-squid-762552.hostingersite.com\\\/\",\"name\":\"United Cerebral Palsy of the Inland Empire\",\"description\":\"Helping people with disabilities live life without limits\",\"potentialAction\":[{\"@type\":\"SearchAction\",\"target\":{\"@type\":\"EntryPoint\",\"urlTemplate\":\"https:\\\/\\\/steelblue-squid-762552.hostingersite.com\\\/?s={search_term_string}\"},\"query-input\":{\"@type\":\"PropertyValueSpecification\",\"valueRequired\":true,\"valueName\":\"search_term_string\"}}],\"inLanguage\":\"es\"}]}<\/script>\n<!-- \/ Yoast SEO plugin. -->","yoast_head_json":{"title":"Otras formas de donar &#8211; United Cerebral Palsy of the Inland Empire","robots":{"index":"index","follow":"follow","max-snippet":"max-snippet:-1","max-image-preview":"max-image-preview:large","max-video-preview":"max-video-preview:-1"},"canonical":"https:\/\/ucpie.org\/es\/soporte-ucpie\/otras-formas-de-donar\/","og_locale":"es_ES","og_type":"article","og_title":"Otras formas de donar &#8211; United Cerebral Palsy of the Inland Empire","og_url":"https:\/\/ucpie.org\/es\/soporte-ucpie\/otras-formas-de-donar\/","og_site_name":"United Cerebral Palsy of the Inland Empire","article_publisher":"http:\/\/facebook.com\/ucpinlandempire","article_modified_time":"2024-02-05T17:38:37+00:00","og_image":[{"url":"https:\/\/ucpie.org\/wp-content\/uploads\/2021\/09\/ralphs-logo.jpg","type":"","width":"","height":""}],"twitter_card":"summary_large_image","twitter_site":"@UCPIE","twitter_misc":{"Tiempo de lectura":"10 minutos"},"schema":{"@context":"https:\/\/schema.org","@graph":[{"@type":"WebPage","@id":"https:\/\/ucpie.org\/es\/soporte-ucpie\/otras-formas-de-donar\/","url":"https:\/\/ucpie.org\/es\/soporte-ucpie\/otras-formas-de-donar\/","name":"Otras formas de donar &#8211; United Cerebral Palsy of the Inland Empire","isPartOf":{"@id":"https:\/\/steelblue-squid-762552.hostingersite.com\/#website"},"primaryImageOfPage":{"@id":"https:\/\/ucpie.org\/es\/soporte-ucpie\/otras-formas-de-donar\/#primaryimage"},"image":{"@id":"https:\/\/ucpie.org\/es\/soporte-ucpie\/otras-formas-de-donar\/#primaryimage"},"thumbnailUrl":"https:\/\/ucpie.org\/wp-content\/uploads\/2021\/09\/ralphs-logo.jpg","datePublished":"2021-11-03T18:17:07+00:00","dateModified":"2024-02-05T17:38:37+00:00","breadcrumb":{"@id":"https:\/\/ucpie.org\/es\/soporte-ucpie\/otras-formas-de-donar\/#breadcrumb"},"inLanguage":"es","potentialAction":[{"@type":"ReadAction","target":["https:\/\/ucpie.org\/es\/soporte-ucpie\/otras-formas-de-donar\/"]}]},{"@type":"ImageObject","inLanguage":"es","@id":"https:\/\/ucpie.org\/es\/soporte-ucpie\/otras-formas-de-donar\/#primaryimage","url":"https:\/\/ucpie.org\/wp-content\/uploads\/2021\/09\/ralphs-logo.jpg","contentUrl":"https:\/\/ucpie.org\/wp-content\/uploads\/2021\/09\/ralphs-logo.jpg"},{"@type":"BreadcrumbList","@id":"https:\/\/ucpie.org\/es\/soporte-ucpie\/otras-formas-de-donar\/#breadcrumb","itemListElement":[{"@type":"ListItem","position":1,"name":"Home","item":"https:\/\/ucpie.org\/es\/inicio\/"},{"@type":"ListItem","position":2,"name":"Soporte UCPIE","item":"https:\/\/ucpie.org\/es\/soporte-ucpie\/"},{"@type":"ListItem","position":3,"name":"Otras formas de donar"}]},{"@type":"WebSite","@id":"https:\/\/steelblue-squid-762552.hostingersite.com\/#website","url":"https:\/\/steelblue-squid-762552.hostingersite.com\/","name":"United Cerebral Palsy of the Inland Empire","description":"Helping people with disabilities live life without limits","potentialAction":[{"@type":"SearchAction","target":{"@type":"EntryPoint","urlTemplate":"https:\/\/steelblue-squid-762552.hostingersite.com\/?s={search_term_string}"},"query-input":{"@type":"PropertyValueSpecification","valueRequired":true,"valueName":"search_term_string"}}],"inLanguage":"es"}]}},"_links":{"self":[{"href":"https:\/\/ucpie.org\/es\/wp-json\/wp\/v2\/pages\/3777","targetHints":{"allow":["GET"]}}],"collection":[{"href":"https:\/\/ucpie.org\/es\/wp-json\/wp\/v2\/pages"}],"about":[{"href":"https:\/\/ucpie.org\/es\/wp-json\/wp\/v2\/types\/page"}],"author":[{"embeddable":true,"href":"https:\/\/ucpie.org\/es\/wp-json\/wp\/v2\/users\/7"}],"replies":[{"embeddable":true,"href":"https:\/\/ucpie.org\/es\/wp-json\/wp\/v2\/comments?post=3777"}],"version-history":[{"count":14,"href":"https:\/\/ucpie.org\/es\/wp-json\/wp\/v2\/pages\/3777\/revisions"}],"predecessor-version":[{"id":6906,"href":"https:\/\/ucpie.org\/es\/wp-json\/wp\/v2\/pages\/3777\/revisions\/6906"}],"up":[{"embeddable":true,"href":"https:\/\/ucpie.org\/es\/wp-json\/wp\/v2\/pages\/3743"}],"wp:attachment":[{"href":"https:\/\/ucpie.org\/es\/wp-json\/wp\/v2\/media?parent=3777"}],"curies":[{"name":"wp","href":"https:\/\/api.w.org\/{rel}","templated":true}]}}