{"id":3771,"date":"2021-09-22T15:07:33","date_gmt":"2021-09-22T22:07:33","guid":{"rendered":"https:\/\/ucpie.org\/?page_id=3771"},"modified":"2026-01-06T16:03:02","modified_gmt":"2026-01-07T00:03:02","slug":"en-honor-recuerdo-o-celebracion","status":"publish","type":"page","link":"https:\/\/ucpie.org\/es\/soporte-ucpie\/en-honor-recuerdo-o-celebracion\/","title":{"rendered":"En honor, recuerdo o celebraci\u00f3n"},"content":{"rendered":"<div class=\"fusion-fullwidth fullwidth-box fusion-builder-row-1 fusion-flex-container nonhundred-percent-fullwidth non-hundred-percent-height-scrolling\" style=\"--awb-border-radius-top-left:0px;--awb-border-radius-top-right:0px;--awb-border-radius-bottom-right:0px;--awb-border-radius-bottom-left:0px;--awb-flex-wrap:wrap;\" ><div class=\"fusion-builder-row fusion-row fusion-flex-align-items-flex-start fusion-flex-content-wrap\" style=\"max-width:2059.2px;margin-left: calc(-4% \/ 2 );margin-right: calc(-4% \/ 2 );\"><div class=\"fusion-layout-column fusion_builder_column fusion-builder-column-0 fusion_builder_column_1_1 1_1 fusion-flex-column\" style=\"--awb-bg-size:cover;--awb-width-large:100%;--awb-margin-top-large:10px;--awb-spacing-right-large:1.92%;--awb-margin-bottom-large:10px;--awb-spacing-left-large:1.92%;--awb-width-medium:100%;--awb-order-medium:0;--awb-spacing-right-medium:1.92%;--awb-spacing-left-medium:1.92%;--awb-width-small:100%;--awb-order-small:0;--awb-spacing-right-small:1.92%;--awb-spacing-left-small:1.92%;\"><div class=\"fusion-column-wrapper fusion-column-has-shadow fusion-flex-justify-content-flex-start fusion-content-layout-column\"><div class=\"fusion-title title fusion-title-1 fusion-sep-none fusion-title-text fusion-title-size-one\" style=\"--awb-margin-top-small:10px;--awb-margin-right-small:0px;--awb-margin-bottom-small:20px;--awb-margin-left-small:0px;\"><h1 class=\"fusion-title-heading title-heading-left fusion-responsive-typography-calculated\" style=\"margin:0;--fontSize:45;line-height:1.15;\">En honor, recuerdo o celebraci\u00f3n<\/h1><\/div><div class=\"fusion-text fusion-text-1\"><p>Honre a un amigo, pariente o alguien que ama con una donaci\u00f3n de regalo a UCPIE. Las donaciones de obsequios son una excelente alternativa a un regalo de cumplea\u00f1os, boda, aniversario, d\u00eda festivo o celebraci\u00f3n; \u00a1incluso puede enviar uno solo para decir que le importa!<\/p>\n<p>Cuando haga su donaci\u00f3n, le enviaremos a su destinatario una tarjeta personalizada para informarle de su donaci\u00f3n. Si una donaci\u00f3n de regalo no es la adecuada, es posible que desee hacer una donaci\u00f3n conmemorativa en recuerdo de un ser querido.<\/p>\n<p>Su donaci\u00f3n de regalo ayudar\u00e1 a cientos de personas con discapacidad que cuentan con UCPIE. \u00a1Eso es definitivamente algo para celebrar! \u00a1Deje que nuestro equipo de desarrollo le ayude! Cont\u00e1ctenos al (760) 321-8184<\/p>\n<\/div><div ><a class=\"fusion-button button-flat fusion-button-default-size button-default fusion-button-default button-1 fusion-button-default-span fusion-button-default-type\" style=\"--button_margin-top:30px;\" target=\"_self\" href=\"https:\/\/ucpie.org\/?give=PYEVM6DX\"><span class=\"fusion-button-text awb-button__text awb-button__text--default\">DONE AHORA<\/span><\/a><\/div><div class=\"fusion-image-element \" style=\"text-align:center;--awb-bottom-shadow-color:rgba(51,60,78,0.68);--awb-margin-top:20px;--awb-caption-title-font-family:var(--h2_typography-font-family);--awb-caption-title-font-weight:var(--h2_typography-font-weight);--awb-caption-title-font-style:var(--h2_typography-font-style);--awb-caption-title-size:var(--h2_typography-font-size);--awb-caption-title-transform:var(--h2_typography-text-transform);--awb-caption-title-line-height:var(--h2_typography-line-height);--awb-caption-title-letter-spacing:var(--h2_typography-letter-spacing);\"><div class=\"awb-image-frame awb-image-frame-1 awb-bottomshadow\"><span class=\" fusion-imageframe imageframe-bottomshadow imageframe-1 hover-type-none\"><img decoding=\"async\" width=\"960\" height=\"732\" alt=\"ni\u00f1a admirando burbujas\" title=\"Haciendo burbujas\" src=\"https:\/\/ucpie.org\/wp-content\/uploads\/2021\/10\/Blowing-Bubbles.jpg\" data-orig-src=\"https:\/\/ucpie.org\/wp-content\/uploads\/2021\/10\/Blowing-Bubbles.jpg\" class=\"lazyload img-responsive wp-image-4270\" srcset=\"data:image\/svg+xml,%3Csvg%20xmlns%3D%27http%3A%2F%2Fwww.w3.org%2F2000%2Fsvg%27%20width%3D%27960%27%20height%3D%27732%27%20viewBox%3D%270%200%20960%20732%27%3E%3Crect%20width%3D%27960%27%20height%3D%27732%27%20fill-opacity%3D%220%22%2F%3E%3C%2Fsvg%3E\" data-srcset=\"https:\/\/ucpie.org\/wp-content\/uploads\/2021\/10\/Blowing-Bubbles-200x153.jpg 200w, https:\/\/ucpie.org\/wp-content\/uploads\/2021\/10\/Blowing-Bubbles-400x305.jpg 400w, https:\/\/ucpie.org\/wp-content\/uploads\/2021\/10\/Blowing-Bubbles-600x458.jpg 600w, https:\/\/ucpie.org\/wp-content\/uploads\/2021\/10\/Blowing-Bubbles-800x610.jpg 800w, https:\/\/ucpie.org\/wp-content\/uploads\/2021\/10\/Blowing-Bubbles.jpg 960w\" data-sizes=\"auto\" data-orig-sizes=\"(max-width: 992px) 100vw, (max-width: 768px) 100vw, 960px\" \/><\/span><svg xmlns=\"http:\/\/www.w3.org\/2000\/svg\" version=\"1.1\" width=\"100%\" viewBox=\"0 0 600 28\" preserveAspectRatio=\"none\"><g clip-path=\"url(#a)\"><mask id=\"b\" style=\"mask-type:luminance\" maskUnits=\"userSpaceOnUse\" x=\"0\" y=\"0\" width=\"600\" height=\"28\"><path d=\"M0 0h600v28H0V0Z\" fill=\"#fff\"\/><\/mask><g filter=\"url(#c)\" mask=\"url(#b)\"><path d=\"M16.439-18.667h567.123v30.8S438.961-8.4 300-8.4C161.04-8.4 16.438 12.133 16.438 12.133v-30.8Z\" fill=\"#000\"\/><\/g><\/g><defs><clipPath id=\"a\"><path fill=\"#fff\" d=\"M0 0h600v28H0z\"\/><\/clipPath><filter id=\"c\" x=\"5.438\" y=\"-29.667\" width=\"589.123\" height=\"52.8\" filterUnits=\"userSpaceOnUse\" color-interpolation-filters=\"sRGB\"><feFlood flood-opacity=\"0\" result=\"BackgroundImageFix\"\/><feBlend in=\"SourceGraphic\" in2=\"BackgroundImageFix\" result=\"shape\"\/><feGaussianBlur stdDeviation=\"5.5\" result=\"effect1_foregroundBlur_3983_183\"\/><\/filter><\/defs><\/svg><\/div><\/div><\/div><\/div><\/div><\/div>\n","protected":false},"excerpt":{"rendered":"","protected":false},"author":7,"featured_media":0,"parent":3743,"menu_order":0,"comment_status":"closed","ping_status":"closed","template":"","meta":{"h5ap_radio_sources":[],"cybocfi_hide_featured_image":"","footnotes":""},"class_list":["post-3771","page","type-page","status-publish","hentry"],"yoast_head":"<!-- This site is optimized with the Yoast SEO plugin v27.3 - https:\/\/yoast.com\/product\/yoast-seo-wordpress\/ -->\n<title>En honor, recuerdo o celebraci\u00f3n &#8211; United Cerebral Palsy of the Inland Empire<\/title>\n<meta name=\"robots\" content=\"index, follow, max-snippet:-1, max-image-preview:large, max-video-preview:-1\" \/>\n<link rel=\"canonical\" href=\"https:\/\/ucpie.org\/es\/soporte-ucpie\/en-honor-recuerdo-o-celebracion\/\" \/>\n<meta property=\"og:locale\" content=\"es_ES\" \/>\n<meta property=\"og:type\" content=\"article\" \/>\n<meta property=\"og:title\" content=\"En honor, recuerdo o celebraci\u00f3n &#8211; United Cerebral Palsy of the Inland Empire\" \/>\n<meta property=\"og:url\" content=\"https:\/\/ucpie.org\/es\/soporte-ucpie\/en-honor-recuerdo-o-celebracion\/\" \/>\n<meta property=\"og:site_name\" content=\"United Cerebral Palsy of the Inland Empire\" \/>\n<meta property=\"article:publisher\" content=\"http:\/\/facebook.com\/ucpinlandempire\" \/>\n<meta property=\"article:modified_time\" content=\"2026-01-07T00:03:02+00:00\" \/>\n<meta name=\"twitter:card\" content=\"summary_large_image\" \/>\n<meta name=\"twitter:site\" content=\"@UCPIE\" \/>\n<meta name=\"twitter:label1\" content=\"Tiempo de lectura\" \/>\n\t<meta name=\"twitter:data1\" content=\"7 minutos\" \/>\n<script type=\"application\/ld+json\" class=\"yoast-schema-graph\">{\"@context\":\"https:\\\/\\\/schema.org\",\"@graph\":[{\"@type\":\"WebPage\",\"@id\":\"https:\\\/\\\/ucpie.org\\\/es\\\/soporte-ucpie\\\/en-honor-recuerdo-o-celebracion\\\/\",\"url\":\"https:\\\/\\\/ucpie.org\\\/es\\\/soporte-ucpie\\\/en-honor-recuerdo-o-celebracion\\\/\",\"name\":\"En honor, recuerdo o celebraci\u00f3n &#8211; United Cerebral Palsy of the Inland Empire\",\"isPartOf\":{\"@id\":\"https:\\\/\\\/steelblue-squid-762552.hostingersite.com\\\/#website\"},\"datePublished\":\"2021-09-22T22:07:33+00:00\",\"dateModified\":\"2026-01-07T00:03:02+00:00\",\"breadcrumb\":{\"@id\":\"https:\\\/\\\/ucpie.org\\\/es\\\/soporte-ucpie\\\/en-honor-recuerdo-o-celebracion\\\/#breadcrumb\"},\"inLanguage\":\"es\",\"potentialAction\":[{\"@type\":\"ReadAction\",\"target\":[\"https:\\\/\\\/ucpie.org\\\/es\\\/soporte-ucpie\\\/en-honor-recuerdo-o-celebracion\\\/\"]}]},{\"@type\":\"BreadcrumbList\",\"@id\":\"https:\\\/\\\/ucpie.org\\\/es\\\/soporte-ucpie\\\/en-honor-recuerdo-o-celebracion\\\/#breadcrumb\",\"itemListElement\":[{\"@type\":\"ListItem\",\"position\":1,\"name\":\"Home\",\"item\":\"https:\\\/\\\/ucpie.org\\\/es\\\/inicio\\\/\"},{\"@type\":\"ListItem\",\"position\":2,\"name\":\"Soporte UCPIE\",\"item\":\"https:\\\/\\\/ucpie.org\\\/es\\\/soporte-ucpie\\\/\"},{\"@type\":\"ListItem\",\"position\":3,\"name\":\"En honor, recuerdo o celebraci\u00f3n\"}]},{\"@type\":\"WebSite\",\"@id\":\"https:\\\/\\\/steelblue-squid-762552.hostingersite.com\\\/#website\",\"url\":\"https:\\\/\\\/steelblue-squid-762552.hostingersite.com\\\/\",\"name\":\"United Cerebral Palsy of the Inland Empire\",\"description\":\"Helping people with disabilities live life without limits\",\"potentialAction\":[{\"@type\":\"SearchAction\",\"target\":{\"@type\":\"EntryPoint\",\"urlTemplate\":\"https:\\\/\\\/steelblue-squid-762552.hostingersite.com\\\/?s={search_term_string}\"},\"query-input\":{\"@type\":\"PropertyValueSpecification\",\"valueRequired\":true,\"valueName\":\"search_term_string\"}}],\"inLanguage\":\"es\"}]}<\/script>\n<!-- \/ Yoast SEO plugin. -->","yoast_head_json":{"title":"En honor, recuerdo o celebraci\u00f3n &#8211; United Cerebral Palsy of the Inland Empire","robots":{"index":"index","follow":"follow","max-snippet":"max-snippet:-1","max-image-preview":"max-image-preview:large","max-video-preview":"max-video-preview:-1"},"canonical":"https:\/\/ucpie.org\/es\/soporte-ucpie\/en-honor-recuerdo-o-celebracion\/","og_locale":"es_ES","og_type":"article","og_title":"En honor, recuerdo o celebraci\u00f3n &#8211; United Cerebral Palsy of the Inland Empire","og_url":"https:\/\/ucpie.org\/es\/soporte-ucpie\/en-honor-recuerdo-o-celebracion\/","og_site_name":"United Cerebral Palsy of the Inland Empire","article_publisher":"http:\/\/facebook.com\/ucpinlandempire","article_modified_time":"2026-01-07T00:03:02+00:00","twitter_card":"summary_large_image","twitter_site":"@UCPIE","twitter_misc":{"Tiempo de lectura":"7 minutos"},"schema":{"@context":"https:\/\/schema.org","@graph":[{"@type":"WebPage","@id":"https:\/\/ucpie.org\/es\/soporte-ucpie\/en-honor-recuerdo-o-celebracion\/","url":"https:\/\/ucpie.org\/es\/soporte-ucpie\/en-honor-recuerdo-o-celebracion\/","name":"En honor, recuerdo o celebraci\u00f3n &#8211; United Cerebral Palsy of the Inland Empire","isPartOf":{"@id":"https:\/\/steelblue-squid-762552.hostingersite.com\/#website"},"datePublished":"2021-09-22T22:07:33+00:00","dateModified":"2026-01-07T00:03:02+00:00","breadcrumb":{"@id":"https:\/\/ucpie.org\/es\/soporte-ucpie\/en-honor-recuerdo-o-celebracion\/#breadcrumb"},"inLanguage":"es","potentialAction":[{"@type":"ReadAction","target":["https:\/\/ucpie.org\/es\/soporte-ucpie\/en-honor-recuerdo-o-celebracion\/"]}]},{"@type":"BreadcrumbList","@id":"https:\/\/ucpie.org\/es\/soporte-ucpie\/en-honor-recuerdo-o-celebracion\/#breadcrumb","itemListElement":[{"@type":"ListItem","position":1,"name":"Home","item":"https:\/\/ucpie.org\/es\/inicio\/"},{"@type":"ListItem","position":2,"name":"Soporte UCPIE","item":"https:\/\/ucpie.org\/es\/soporte-ucpie\/"},{"@type":"ListItem","position":3,"name":"En honor, recuerdo o celebraci\u00f3n"}]},{"@type":"WebSite","@id":"https:\/\/steelblue-squid-762552.hostingersite.com\/#website","url":"https:\/\/steelblue-squid-762552.hostingersite.com\/","name":"United Cerebral Palsy of the Inland Empire","description":"Helping people with disabilities live life without limits","potentialAction":[{"@type":"SearchAction","target":{"@type":"EntryPoint","urlTemplate":"https:\/\/steelblue-squid-762552.hostingersite.com\/?s={search_term_string}"},"query-input":{"@type":"PropertyValueSpecification","valueRequired":true,"valueName":"search_term_string"}}],"inLanguage":"es"}]}},"_links":{"self":[{"href":"https:\/\/ucpie.org\/es\/wp-json\/wp\/v2\/pages\/3771","targetHints":{"allow":["GET"]}}],"collection":[{"href":"https:\/\/ucpie.org\/es\/wp-json\/wp\/v2\/pages"}],"about":[{"href":"https:\/\/ucpie.org\/es\/wp-json\/wp\/v2\/types\/page"}],"author":[{"embeddable":true,"href":"https:\/\/ucpie.org\/es\/wp-json\/wp\/v2\/users\/7"}],"replies":[{"embeddable":true,"href":"https:\/\/ucpie.org\/es\/wp-json\/wp\/v2\/comments?post=3771"}],"version-history":[{"count":14,"href":"https:\/\/ucpie.org\/es\/wp-json\/wp\/v2\/pages\/3771\/revisions"}],"predecessor-version":[{"id":9802,"href":"https:\/\/ucpie.org\/es\/wp-json\/wp\/v2\/pages\/3771\/revisions\/9802"}],"up":[{"embeddable":true,"href":"https:\/\/ucpie.org\/es\/wp-json\/wp\/v2\/pages\/3743"}],"wp:attachment":[{"href":"https:\/\/ucpie.org\/es\/wp-json\/wp\/v2\/media?parent=3771"}],"curies":[{"name":"wp","href":"https:\/\/api.w.org\/{rel}","templated":true}]}}