{"id":3764,"date":"2021-11-03T10:57:55","date_gmt":"2021-11-03T17:57:55","guid":{"rendered":"https:\/\/ucpie.org\/?page_id=3764"},"modified":"2021-11-11T10:01:52","modified_gmt":"2021-11-11T18:01:52","slug":"donaciones-en-el-lugar-de-trabajo-y-los-empleados","status":"publish","type":"page","link":"https:\/\/ucpie.org\/es\/soporte-ucpie\/donaciones-en-el-lugar-de-trabajo-y-los-empleados\/","title":{"rendered":"Donaciones en el lugar de trabajo y los empleados"},"content":{"rendered":"<div class=\"fusion-fullwidth fullwidth-box fusion-builder-row-1 fusion-flex-container nonhundred-percent-fullwidth non-hundred-percent-height-scrolling\" style=\"--awb-border-radius-top-left:0px;--awb-border-radius-top-right:0px;--awb-border-radius-bottom-right:0px;--awb-border-radius-bottom-left:0px;--awb-flex-wrap:wrap;\" ><div class=\"fusion-builder-row fusion-row fusion-flex-align-items-flex-start fusion-flex-content-wrap\" style=\"max-width:2059.2px;margin-left: calc(-4% \/ 2 );margin-right: calc(-4% \/ 2 );\"><div class=\"fusion-layout-column fusion_builder_column fusion-builder-column-0 fusion_builder_column_1_1 1_1 fusion-flex-column\" style=\"--awb-bg-size:cover;--awb-width-large:100%;--awb-margin-top-large:10px;--awb-spacing-right-large:1.92%;--awb-margin-bottom-large:10px;--awb-spacing-left-large:1.92%;--awb-width-medium:100%;--awb-order-medium:0;--awb-spacing-right-medium:1.92%;--awb-spacing-left-medium:1.92%;--awb-width-small:100%;--awb-order-small:0;--awb-spacing-right-small:1.92%;--awb-spacing-left-small:1.92%;\"><div class=\"fusion-column-wrapper fusion-column-has-shadow fusion-flex-justify-content-flex-start fusion-content-layout-column\"><div class=\"fusion-title title fusion-title-1 fusion-sep-none fusion-title-text fusion-title-size-one\" style=\"--awb-margin-top-small:10px;--awb-margin-right-small:0px;--awb-margin-bottom-small:20px;--awb-margin-left-small:0px;\"><h1 class=\"fusion-title-heading title-heading-left fusion-responsive-typography-calculated\" style=\"margin:0;--fontSize:45;line-height:1.15;\">Donaciones en el lugar de trabajo y los empleados<\/h1><\/div><div class=\"fusion-text fusion-text-1\"><h2>Regalos de contrapartida del empleador<\/h2>\n<p>UCPIE agradece todas y cada una de las donaciones que nuestros amigos dan de su tiempo, talentos y tesoros. \u00a1Aqu\u00ed hay algunas formas creativas de lograr un impacto a\u00fan mayor!<\/p>\n<\/div><div class=\"fusion-text fusion-text-2\"><h4>\u00a1Duplique su impacto!<\/h4>\n<p>Las corporaciones a menudo dan dinero a organizaciones sin fines de lucro en forma de donaciones de contrapartida de los empleados. Esto significa que si un empleado hace una donaci\u00f3n a UCPIE, la corporaci\u00f3n del empleado tambi\u00e9n donar\u00e1 dinero a UCPIE de acuerdo con una asignaci\u00f3n predeterminada.<\/p>\n<p>Si bien estos programas no requieren mucho de usted como empleado, los pocos minutos que dedique a enviar los formularios de donaciones equivalentes pueden marcar una gran diferencia en las vidas de las personas que participan en los programas de UCPIE.<\/p>\n<h4>C\u00f3mo hacer un regalo a juego<\/h4>\n<p>Comun\u00edquese con su departamento de recursos humanos para ver si su empleador coincide y para obtener detalles sobre c\u00f3mo enviar una solicitud de donaci\u00f3n complementaria.<\/p>\n<p>Para obtener una lista parcial de las empresas que ofrecen un programa de donaciones complementarias, <strong><a href=\"https:\/\/ucpie.org\/wp-content\/uploads\/2021\/09\/Employer-matching-donations.pdf\">haga clic aqu\u00ed<\/a><\/strong> . (Descargar PDF)<\/p>\n<\/div><div class=\"fusion-separator\" style=\"align-self: center;margin-left: auto;margin-right: auto;margin-top:20px;margin-bottom:20px;width:100%;max-width:85%;\"><div class=\"fusion-separator-border sep-double\" style=\"--awb-height:20px;--awb-amount:20px;border-color:#f09a3e;border-top-width:1px;border-bottom-width:1px;\"><\/div><\/div><div class=\"fusion-text fusion-text-3\"><h2>Dar en el trabajo<\/h2>\n<p>Si usted es un empleado federal o estatal, o trabaja para una corporaci\u00f3n que ofrece un programa de donaciones en el lugar de trabajo, como la Campa\u00f1a Federal Combinada o su United Way local, tiene a su disposici\u00f3n una forma muy simple y conveniente de apoyar a UCPIE.<\/p>\n<p>Consulte a su gerente de recursos humanos o al departamento de n\u00f3mina para ver c\u00f3mo puede designar a UCPIE para recibir su donaci\u00f3n caritativa a trav\u00e9s de su lugar de trabajo. Es f\u00e1cil y es una excelente manera de mostrar su apoyo durante todo el a\u00f1o.<\/p>\n<\/div><div class=\"fusion-separator\" style=\"align-self: center;margin-left: auto;margin-right: auto;margin-top:20px;margin-bottom:20px;width:100%;max-width:85%;\"><div class=\"fusion-separator-border sep-double\" style=\"--awb-height:20px;--awb-amount:20px;border-color:#f09a3e;border-top-width:1px;border-bottom-width:1px;\"><\/div><\/div><div class=\"fusion-text fusion-text-4\"><h2>Servicio voluntario<\/h2>\n<p>UCPIE conf\u00eda en personas generosas como usted para ayudarnos, ayudar a las personas con discapacidades en todo el Inland Empire. Si usted o su empresa est\u00e1n buscando una oportunidad de voluntariado con un prop\u00f3sito que le llene el coraz\u00f3n de alegr\u00eda y su servicio con significado, considere ofrecerse como voluntario en un evento o programa de UCPIE. Para obtener m\u00e1s informaci\u00f3n, comun\u00edquese con el equipo de Desarrollo de UCPIE al (760) 321-8184<\/p>\n<\/div><div class=\"fusion-image-element \" style=\"text-align:center;--awb-bottom-shadow-color:rgba(51,60,78,0.66);--awb-margin-top:17px;--awb-caption-title-font-family:var(--h2_typography-font-family);--awb-caption-title-font-weight:var(--h2_typography-font-weight);--awb-caption-title-font-style:var(--h2_typography-font-style);--awb-caption-title-size:var(--h2_typography-font-size);--awb-caption-title-transform:var(--h2_typography-text-transform);--awb-caption-title-line-height:var(--h2_typography-line-height);--awb-caption-title-letter-spacing:var(--h2_typography-letter-spacing);\"><div class=\"awb-image-frame awb-image-frame-1 awb-bottomshadow\"><span class=\" fusion-imageframe imageframe-bottomshadow imageframe-1 hover-type-none\"><img decoding=\"async\" width=\"1296\" height=\"864\" title=\"donar-ahora-pg-1\" src=\"https:\/\/ucpie.org\/wp-content\/uploads\/2021\/09\/donate-now-pg-1.png\" data-orig-src=\"https:\/\/ucpie.org\/wp-content\/uploads\/2021\/09\/donate-now-pg-1.png\" alt class=\"lazyload img-responsive wp-image-4147\" srcset=\"data:image\/svg+xml,%3Csvg%20xmlns%3D%27http%3A%2F%2Fwww.w3.org%2F2000%2Fsvg%27%20width%3D%271296%27%20height%3D%27864%27%20viewBox%3D%270%200%201296%20864%27%3E%3Crect%20width%3D%271296%27%20height%3D%27864%27%20fill-opacity%3D%220%22%2F%3E%3C%2Fsvg%3E\" data-srcset=\"https:\/\/ucpie.org\/wp-content\/uploads\/2021\/09\/donate-now-pg-1-200x133.png 200w, https:\/\/ucpie.org\/wp-content\/uploads\/2021\/09\/donate-now-pg-1-400x267.png 400w, https:\/\/ucpie.org\/wp-content\/uploads\/2021\/09\/donate-now-pg-1-600x400.png 600w, https:\/\/ucpie.org\/wp-content\/uploads\/2021\/09\/donate-now-pg-1-800x533.png 800w, https:\/\/ucpie.org\/wp-content\/uploads\/2021\/09\/donate-now-pg-1-1200x800.png 1200w, https:\/\/ucpie.org\/wp-content\/uploads\/2021\/09\/donate-now-pg-1.png 1296w\" data-sizes=\"auto\" data-orig-sizes=\"(max-width: 992px) 100vw, (max-width: 768px) 100vw, 1296px\" \/><\/span><svg xmlns=\"http:\/\/www.w3.org\/2000\/svg\" version=\"1.1\" width=\"100%\" viewBox=\"0 0 600 28\" preserveAspectRatio=\"none\"><g clip-path=\"url(#a)\"><mask id=\"b\" style=\"mask-type:luminance\" maskUnits=\"userSpaceOnUse\" x=\"0\" y=\"0\" width=\"600\" height=\"28\"><path d=\"M0 0h600v28H0V0Z\" fill=\"#fff\"\/><\/mask><g filter=\"url(#c)\" mask=\"url(#b)\"><path d=\"M16.439-18.667h567.123v30.8S438.961-8.4 300-8.4C161.04-8.4 16.438 12.133 16.438 12.133v-30.8Z\" fill=\"#000\"\/><\/g><\/g><defs><clipPath id=\"a\"><path fill=\"#fff\" d=\"M0 0h600v28H0z\"\/><\/clipPath><filter id=\"c\" x=\"5.438\" y=\"-29.667\" width=\"589.123\" height=\"52.8\" filterUnits=\"userSpaceOnUse\" color-interpolation-filters=\"sRGB\"><feFlood flood-opacity=\"0\" result=\"BackgroundImageFix\"\/><feBlend in=\"SourceGraphic\" in2=\"BackgroundImageFix\" result=\"shape\"\/><feGaussianBlur stdDeviation=\"5.5\" result=\"effect1_foregroundBlur_3983_183\"\/><\/filter><\/defs><\/svg><\/div><\/div><\/div><\/div><\/div><\/div>\n","protected":false},"excerpt":{"rendered":"","protected":false},"author":7,"featured_media":0,"parent":3743,"menu_order":0,"comment_status":"closed","ping_status":"closed","template":"","meta":{"h5ap_radio_sources":[],"cybocfi_hide_featured_image":"","footnotes":""},"class_list":["post-3764","page","type-page","status-publish","hentry"],"yoast_head":"<!-- This site is optimized with the Yoast SEO plugin v27.3 - https:\/\/yoast.com\/product\/yoast-seo-wordpress\/ -->\n<title>Donaciones en el lugar de trabajo y los empleados &#8211; United Cerebral Palsy of the Inland Empire<\/title>\n<meta name=\"robots\" content=\"index, follow, max-snippet:-1, max-image-preview:large, max-video-preview:-1\" \/>\n<link rel=\"canonical\" href=\"https:\/\/ucpie.org\/es\/soporte-ucpie\/donaciones-en-el-lugar-de-trabajo-y-los-empleados\/\" \/>\n<meta property=\"og:locale\" content=\"es_ES\" \/>\n<meta property=\"og:type\" content=\"article\" \/>\n<meta property=\"og:title\" content=\"Donaciones en el lugar de trabajo y los empleados &#8211; United Cerebral Palsy of the Inland Empire\" \/>\n<meta property=\"og:url\" content=\"https:\/\/ucpie.org\/es\/soporte-ucpie\/donaciones-en-el-lugar-de-trabajo-y-los-empleados\/\" \/>\n<meta property=\"og:site_name\" content=\"United Cerebral Palsy of the Inland Empire\" \/>\n<meta property=\"article:publisher\" content=\"http:\/\/facebook.com\/ucpinlandempire\" \/>\n<meta property=\"article:modified_time\" content=\"2021-11-11T18:01:52+00:00\" \/>\n<meta name=\"twitter:card\" content=\"summary_large_image\" \/>\n<meta name=\"twitter:site\" content=\"@UCPIE\" \/>\n<meta name=\"twitter:label1\" content=\"Tiempo de lectura\" \/>\n\t<meta name=\"twitter:data1\" content=\"9 minutos\" \/>\n<script type=\"application\/ld+json\" class=\"yoast-schema-graph\">{\"@context\":\"https:\\\/\\\/schema.org\",\"@graph\":[{\"@type\":\"WebPage\",\"@id\":\"https:\\\/\\\/ucpie.org\\\/es\\\/soporte-ucpie\\\/donaciones-en-el-lugar-de-trabajo-y-los-empleados\\\/\",\"url\":\"https:\\\/\\\/ucpie.org\\\/es\\\/soporte-ucpie\\\/donaciones-en-el-lugar-de-trabajo-y-los-empleados\\\/\",\"name\":\"Donaciones en el lugar de trabajo y los empleados &#8211; United Cerebral Palsy of the Inland Empire\",\"isPartOf\":{\"@id\":\"https:\\\/\\\/steelblue-squid-762552.hostingersite.com\\\/#website\"},\"datePublished\":\"2021-11-03T17:57:55+00:00\",\"dateModified\":\"2021-11-11T18:01:52+00:00\",\"breadcrumb\":{\"@id\":\"https:\\\/\\\/ucpie.org\\\/es\\\/soporte-ucpie\\\/donaciones-en-el-lugar-de-trabajo-y-los-empleados\\\/#breadcrumb\"},\"inLanguage\":\"es\",\"potentialAction\":[{\"@type\":\"ReadAction\",\"target\":[\"https:\\\/\\\/ucpie.org\\\/es\\\/soporte-ucpie\\\/donaciones-en-el-lugar-de-trabajo-y-los-empleados\\\/\"]}]},{\"@type\":\"BreadcrumbList\",\"@id\":\"https:\\\/\\\/ucpie.org\\\/es\\\/soporte-ucpie\\\/donaciones-en-el-lugar-de-trabajo-y-los-empleados\\\/#breadcrumb\",\"itemListElement\":[{\"@type\":\"ListItem\",\"position\":1,\"name\":\"Home\",\"item\":\"https:\\\/\\\/ucpie.org\\\/es\\\/inicio\\\/\"},{\"@type\":\"ListItem\",\"position\":2,\"name\":\"Soporte UCPIE\",\"item\":\"https:\\\/\\\/ucpie.org\\\/es\\\/soporte-ucpie\\\/\"},{\"@type\":\"ListItem\",\"position\":3,\"name\":\"Donaciones en el lugar de trabajo y los empleados\"}]},{\"@type\":\"WebSite\",\"@id\":\"https:\\\/\\\/steelblue-squid-762552.hostingersite.com\\\/#website\",\"url\":\"https:\\\/\\\/steelblue-squid-762552.hostingersite.com\\\/\",\"name\":\"United Cerebral Palsy of the Inland Empire\",\"description\":\"Helping people with disabilities live life without limits\",\"potentialAction\":[{\"@type\":\"SearchAction\",\"target\":{\"@type\":\"EntryPoint\",\"urlTemplate\":\"https:\\\/\\\/steelblue-squid-762552.hostingersite.com\\\/?s={search_term_string}\"},\"query-input\":{\"@type\":\"PropertyValueSpecification\",\"valueRequired\":true,\"valueName\":\"search_term_string\"}}],\"inLanguage\":\"es\"}]}<\/script>\n<!-- \/ Yoast SEO plugin. -->","yoast_head_json":{"title":"Donaciones en el lugar de trabajo y los empleados &#8211; United Cerebral Palsy of the Inland Empire","robots":{"index":"index","follow":"follow","max-snippet":"max-snippet:-1","max-image-preview":"max-image-preview:large","max-video-preview":"max-video-preview:-1"},"canonical":"https:\/\/ucpie.org\/es\/soporte-ucpie\/donaciones-en-el-lugar-de-trabajo-y-los-empleados\/","og_locale":"es_ES","og_type":"article","og_title":"Donaciones en el lugar de trabajo y los empleados &#8211; United Cerebral Palsy of the Inland Empire","og_url":"https:\/\/ucpie.org\/es\/soporte-ucpie\/donaciones-en-el-lugar-de-trabajo-y-los-empleados\/","og_site_name":"United Cerebral Palsy of the Inland Empire","article_publisher":"http:\/\/facebook.com\/ucpinlandempire","article_modified_time":"2021-11-11T18:01:52+00:00","twitter_card":"summary_large_image","twitter_site":"@UCPIE","twitter_misc":{"Tiempo de lectura":"9 minutos"},"schema":{"@context":"https:\/\/schema.org","@graph":[{"@type":"WebPage","@id":"https:\/\/ucpie.org\/es\/soporte-ucpie\/donaciones-en-el-lugar-de-trabajo-y-los-empleados\/","url":"https:\/\/ucpie.org\/es\/soporte-ucpie\/donaciones-en-el-lugar-de-trabajo-y-los-empleados\/","name":"Donaciones en el lugar de trabajo y los empleados &#8211; United Cerebral Palsy of the Inland Empire","isPartOf":{"@id":"https:\/\/steelblue-squid-762552.hostingersite.com\/#website"},"datePublished":"2021-11-03T17:57:55+00:00","dateModified":"2021-11-11T18:01:52+00:00","breadcrumb":{"@id":"https:\/\/ucpie.org\/es\/soporte-ucpie\/donaciones-en-el-lugar-de-trabajo-y-los-empleados\/#breadcrumb"},"inLanguage":"es","potentialAction":[{"@type":"ReadAction","target":["https:\/\/ucpie.org\/es\/soporte-ucpie\/donaciones-en-el-lugar-de-trabajo-y-los-empleados\/"]}]},{"@type":"BreadcrumbList","@id":"https:\/\/ucpie.org\/es\/soporte-ucpie\/donaciones-en-el-lugar-de-trabajo-y-los-empleados\/#breadcrumb","itemListElement":[{"@type":"ListItem","position":1,"name":"Home","item":"https:\/\/ucpie.org\/es\/inicio\/"},{"@type":"ListItem","position":2,"name":"Soporte UCPIE","item":"https:\/\/ucpie.org\/es\/soporte-ucpie\/"},{"@type":"ListItem","position":3,"name":"Donaciones en el lugar de trabajo y los empleados"}]},{"@type":"WebSite","@id":"https:\/\/steelblue-squid-762552.hostingersite.com\/#website","url":"https:\/\/steelblue-squid-762552.hostingersite.com\/","name":"United Cerebral Palsy of the Inland Empire","description":"Helping people with disabilities live life without limits","potentialAction":[{"@type":"SearchAction","target":{"@type":"EntryPoint","urlTemplate":"https:\/\/steelblue-squid-762552.hostingersite.com\/?s={search_term_string}"},"query-input":{"@type":"PropertyValueSpecification","valueRequired":true,"valueName":"search_term_string"}}],"inLanguage":"es"}]}},"_links":{"self":[{"href":"https:\/\/ucpie.org\/es\/wp-json\/wp\/v2\/pages\/3764","targetHints":{"allow":["GET"]}}],"collection":[{"href":"https:\/\/ucpie.org\/es\/wp-json\/wp\/v2\/pages"}],"about":[{"href":"https:\/\/ucpie.org\/es\/wp-json\/wp\/v2\/types\/page"}],"author":[{"embeddable":true,"href":"https:\/\/ucpie.org\/es\/wp-json\/wp\/v2\/users\/7"}],"replies":[{"embeddable":true,"href":"https:\/\/ucpie.org\/es\/wp-json\/wp\/v2\/comments?post=3764"}],"version-history":[{"count":8,"href":"https:\/\/ucpie.org\/es\/wp-json\/wp\/v2\/pages\/3764\/revisions"}],"predecessor-version":[{"id":4612,"href":"https:\/\/ucpie.org\/es\/wp-json\/wp\/v2\/pages\/3764\/revisions\/4612"}],"up":[{"embeddable":true,"href":"https:\/\/ucpie.org\/es\/wp-json\/wp\/v2\/pages\/3743"}],"wp:attachment":[{"href":"https:\/\/ucpie.org\/es\/wp-json\/wp\/v2\/media?parent=3764"}],"curies":[{"name":"wp","href":"https:\/\/api.w.org\/{rel}","templated":true}]}}