{"id":3755,"date":"2021-11-03T11:10:36","date_gmt":"2021-11-03T18:10:36","guid":{"rendered":"https:\/\/ucpie.org\/?page_id=3755"},"modified":"2021-11-11T10:01:13","modified_gmt":"2021-11-11T18:01:13","slug":"recaudacion-de-fondos-para-ucpie","status":"publish","type":"page","link":"https:\/\/ucpie.org\/es\/soporte-ucpie\/recaudacion-de-fondos-para-ucpie\/","title":{"rendered":"Recaudaci\u00f3n de fondos para UCPIE"},"content":{"rendered":"<div class=\"fusion-fullwidth fullwidth-box fusion-builder-row-1 fusion-flex-container nonhundred-percent-fullwidth non-hundred-percent-height-scrolling\" style=\"--awb-border-radius-top-left:0px;--awb-border-radius-top-right:0px;--awb-border-radius-bottom-right:0px;--awb-border-radius-bottom-left:0px;--awb-flex-wrap:wrap;\" ><div class=\"fusion-builder-row fusion-row fusion-flex-align-items-flex-start fusion-flex-content-wrap\" style=\"max-width:2059.2px;margin-left: calc(-4% \/ 2 );margin-right: calc(-4% \/ 2 );\"><div class=\"fusion-layout-column fusion_builder_column fusion-builder-column-0 fusion_builder_column_1_1 1_1 fusion-flex-column\" style=\"--awb-bg-size:cover;--awb-width-large:100%;--awb-margin-top-large:10px;--awb-spacing-right-large:1.92%;--awb-margin-bottom-large:10px;--awb-spacing-left-large:1.92%;--awb-width-medium:100%;--awb-order-medium:0;--awb-spacing-right-medium:1.92%;--awb-spacing-left-medium:1.92%;--awb-width-small:100%;--awb-order-small:0;--awb-spacing-right-small:1.92%;--awb-spacing-left-small:1.92%;\"><div class=\"fusion-column-wrapper fusion-column-has-shadow fusion-flex-justify-content-flex-start fusion-content-layout-column\"><div class=\"fusion-title title fusion-title-1 fusion-sep-none fusion-title-text fusion-title-size-one\" style=\"--awb-margin-top-small:10px;--awb-margin-right-small:0px;--awb-margin-bottom-small:20px;--awb-margin-left-small:0px;\"><h1 class=\"fusion-title-heading title-heading-left fusion-responsive-typography-calculated\" style=\"margin:0;--fontSize:45;line-height:1.15;\">Recaudaci\u00f3n de fondos para UCPIE<\/h1><\/div><div class=\"fusion-text fusion-text-1\"><h2>Ayude a subir el list\u00f3n: \u00a1una vida sin l\u00edmites!<\/h2>\n<p><img decoding=\"async\" class=\"lazyload alignright size-full wp-image-4140\" src=\"https:\/\/ucpie.org\/wp-content\/uploads\/2021\/09\/fundraise-pg-1.png\" data-orig-src=\"https:\/\/ucpie.org\/wp-content\/uploads\/2021\/09\/fundraise-pg-1.png\" alt=\"\" width=\"422\" height=\"272\" srcset=\"data:image\/svg+xml,%3Csvg%20xmlns%3D%27http%3A%2F%2Fwww.w3.org%2F2000%2Fsvg%27%20width%3D%27422%27%20height%3D%27272%27%20viewBox%3D%270%200%20422%20272%27%3E%3Crect%20width%3D%27422%27%20height%3D%27272%27%20fill-opacity%3D%220%22%2F%3E%3C%2Fsvg%3E\" data-srcset=\"https:\/\/ucpie.org\/wp-content\/uploads\/2021\/09\/fundraise-pg-1-200x129.png 200w, https:\/\/ucpie.org\/wp-content\/uploads\/2021\/09\/fundraise-pg-1-300x193.png 300w, https:\/\/ucpie.org\/wp-content\/uploads\/2021\/09\/fundraise-pg-1-400x258.png 400w, https:\/\/ucpie.org\/wp-content\/uploads\/2021\/09\/fundraise-pg-1.png 422w\" data-sizes=\"auto\" data-orig-sizes=\"(max-width: 422px) 100vw, 422px\" \/>\u00a1Gracias por su inter\u00e9s en alinear sus esfuerzos de recaudaci\u00f3n de fondos con UCPIE! Agradecemos su generosidad y deseo de apoyar el importante trabajo que hacemos.<\/p>\n<p>Los individuos, socios, corporaciones, grupos de servicios, clubes, organizaciones o cualquier tipo de entidad que desee recaudar dinero en nombre de United Cerebral Palsy of the Inland Empire pueden participar como Recaudadores de Fondos de Terceros. La recaudaci\u00f3n de fondos de terceros puede ser iniciada por una persona o empresa en beneficio de los programas y servicios que cambian la vida de UCPIE.<\/p>\n<p>\u00a1Queremos que sus esfuerzos de recaudaci\u00f3n de fondos tengan \u00e9xito! Para asegurarse de que su actividad sea agradable y est\u00e9 bien planificada, le pedimos que complete y env\u00ede la Propuesta de recaudaci\u00f3n de fondos de terceros (enlace del formulario a continuaci\u00f3n). Revise nuestras pautas para eventos Contrato de terceros al final del formulario. Si tiene alguna pregunta, comun\u00edquese con nuestro equipo de desarrollo al (760) 321-8184. \u00a1Gracias!<\/p>\n<\/div><div class=\"fusion-text fusion-text-2\"><h2>\u00a1Crea una recaudaci\u00f3n de fondos en Facebook para apoyar a UCPIE!<\/h2>\n<p>Solo se necesitan 5 sencillos pasos para configurar su recaudaci\u00f3n de fondos en Facebook:<\/p>\n<ol>\n<li>Vaya a <a href=\"https:\/\/www.facebook.com\/fund\/unitedcerebralpalsyoftheinlandempire\/\">https:\/\/www.facebook.com\/fund\/unitedcerebralpalsyoftheinlandempire\/<\/a><\/li>\n<li>Haga clic en el bot\u00f3n que dice \u00abRecaudar dinero\u00bb.<\/li>\n<li>Establezca el total de su objetivo de recaudaci\u00f3n de fondos. Sugerimos un objetivo m\u00ednimo de $ 280 USD y que su recaudaci\u00f3n de fondos finalice un mes despu\u00e9s del d\u00eda en que comienza. Puede extender la fecha de finalizaci\u00f3n si lo desea por m\u00e1s tiempo.<\/li>\n<li>Para el t\u00edtulo, escriba \u00abEstoy cambiando vidas\u00bb (\u00a1para que sepamos que est\u00e1 recaudando dinero para UCPIE!)<\/li>\n<li>Para la descripci\u00f3n de su recaudaci\u00f3n de fondos, si\u00e9ntase libre de ser creativo y escribir el suyo, o copiar y pegar lo siguiente:<\/li>\n<\/ol>\n<p>\u201cEn honor a mi (cumplea\u00f1os, aniversario, boda), solicito donaciones para United Cerebral Palsy of the Inland Empire. Eleg\u00ed esta organizaci\u00f3n sin fines de lucro porque su misi\u00f3n significa mucho para m\u00ed y espero que consideren contribuir como una forma de celebrar conmigo. Cada poquito me ayudar\u00e1 a alcanzar mi objetivo. He incluido informaci\u00f3n sobre la par\u00e1lisis cerebral unida del Inland Empire a continuaci\u00f3n \u00ab.<\/p>\n<p>Misi\u00f3n de UCPIE: promover la independencia, la productividad y la ciudadan\u00eda plena de las personas con discapacidades<\/p>\n<p>\u201cMi meta de $ 280 parece mucho, \u00bfverdad? Bueno, cuesta $ 280 proporcionar salidas recreativas para 12 estudiantes durante un mes. \u00a1Excursiones que llevan a estudiantes discapacitados de cuatro paredes al mundo para pasar momentos incre\u00edbles y un poco de diversi\u00f3n tambi\u00e9n! \u00a1Un precio muy bajo por la independencia, la aventura y la oportunidad de conectarse! \u00a1Junto con su apoyo, NOSOTROS podemos marcar la diferencia! \u00a1Gracias!\u00bb<\/p>\n<\/div><\/div><\/div><\/div><\/div>\n","protected":false},"excerpt":{"rendered":"","protected":false},"author":7,"featured_media":0,"parent":3743,"menu_order":0,"comment_status":"closed","ping_status":"closed","template":"","meta":{"h5ap_radio_sources":[],"cybocfi_hide_featured_image":"","footnotes":""},"class_list":["post-3755","page","type-page","status-publish","hentry"],"yoast_head":"<!-- This site is optimized with the Yoast SEO plugin v27.3 - https:\/\/yoast.com\/product\/yoast-seo-wordpress\/ -->\n<title>Recaudaci\u00f3n de fondos para UCPIE &#8211; United Cerebral Palsy of the Inland Empire<\/title>\n<meta name=\"robots\" content=\"index, follow, max-snippet:-1, max-image-preview:large, max-video-preview:-1\" \/>\n<link rel=\"canonical\" href=\"https:\/\/ucpie.org\/es\/soporte-ucpie\/recaudacion-de-fondos-para-ucpie\/\" \/>\n<meta property=\"og:locale\" content=\"es_ES\" \/>\n<meta property=\"og:type\" content=\"article\" \/>\n<meta property=\"og:title\" content=\"Recaudaci\u00f3n de fondos para UCPIE &#8211; United Cerebral Palsy of the Inland Empire\" \/>\n<meta property=\"og:url\" content=\"https:\/\/ucpie.org\/es\/soporte-ucpie\/recaudacion-de-fondos-para-ucpie\/\" \/>\n<meta property=\"og:site_name\" content=\"United Cerebral Palsy of the Inland Empire\" \/>\n<meta property=\"article:publisher\" content=\"http:\/\/facebook.com\/ucpinlandempire\" \/>\n<meta property=\"article:modified_time\" content=\"2021-11-11T18:01:13+00:00\" \/>\n<meta property=\"og:image\" content=\"https:\/\/ucpie.org\/wp-content\/uploads\/2021\/09\/fundraise-pg-1.png\" \/>\n<meta name=\"twitter:card\" content=\"summary_large_image\" \/>\n<meta name=\"twitter:site\" content=\"@UCPIE\" \/>\n<meta name=\"twitter:label1\" content=\"Tiempo de lectura\" \/>\n\t<meta name=\"twitter:data1\" content=\"7 minutos\" \/>\n<script type=\"application\/ld+json\" class=\"yoast-schema-graph\">{\"@context\":\"https:\\\/\\\/schema.org\",\"@graph\":[{\"@type\":\"WebPage\",\"@id\":\"https:\\\/\\\/ucpie.org\\\/es\\\/soporte-ucpie\\\/recaudacion-de-fondos-para-ucpie\\\/\",\"url\":\"https:\\\/\\\/ucpie.org\\\/es\\\/soporte-ucpie\\\/recaudacion-de-fondos-para-ucpie\\\/\",\"name\":\"Recaudaci\u00f3n de fondos para UCPIE &#8211; United Cerebral Palsy of the Inland Empire\",\"isPartOf\":{\"@id\":\"https:\\\/\\\/steelblue-squid-762552.hostingersite.com\\\/#website\"},\"primaryImageOfPage\":{\"@id\":\"https:\\\/\\\/ucpie.org\\\/es\\\/soporte-ucpie\\\/recaudacion-de-fondos-para-ucpie\\\/#primaryimage\"},\"image\":{\"@id\":\"https:\\\/\\\/ucpie.org\\\/es\\\/soporte-ucpie\\\/recaudacion-de-fondos-para-ucpie\\\/#primaryimage\"},\"thumbnailUrl\":\"https:\\\/\\\/ucpie.org\\\/wp-content\\\/uploads\\\/2021\\\/09\\\/fundraise-pg-1.png\",\"datePublished\":\"2021-11-03T18:10:36+00:00\",\"dateModified\":\"2021-11-11T18:01:13+00:00\",\"breadcrumb\":{\"@id\":\"https:\\\/\\\/ucpie.org\\\/es\\\/soporte-ucpie\\\/recaudacion-de-fondos-para-ucpie\\\/#breadcrumb\"},\"inLanguage\":\"es\",\"potentialAction\":[{\"@type\":\"ReadAction\",\"target\":[\"https:\\\/\\\/ucpie.org\\\/es\\\/soporte-ucpie\\\/recaudacion-de-fondos-para-ucpie\\\/\"]}]},{\"@type\":\"ImageObject\",\"inLanguage\":\"es\",\"@id\":\"https:\\\/\\\/ucpie.org\\\/es\\\/soporte-ucpie\\\/recaudacion-de-fondos-para-ucpie\\\/#primaryimage\",\"url\":\"https:\\\/\\\/ucpie.org\\\/wp-content\\\/uploads\\\/2021\\\/09\\\/fundraise-pg-1.png\",\"contentUrl\":\"https:\\\/\\\/ucpie.org\\\/wp-content\\\/uploads\\\/2021\\\/09\\\/fundraise-pg-1.png\"},{\"@type\":\"BreadcrumbList\",\"@id\":\"https:\\\/\\\/ucpie.org\\\/es\\\/soporte-ucpie\\\/recaudacion-de-fondos-para-ucpie\\\/#breadcrumb\",\"itemListElement\":[{\"@type\":\"ListItem\",\"position\":1,\"name\":\"Home\",\"item\":\"https:\\\/\\\/ucpie.org\\\/es\\\/inicio\\\/\"},{\"@type\":\"ListItem\",\"position\":2,\"name\":\"Soporte UCPIE\",\"item\":\"https:\\\/\\\/ucpie.org\\\/es\\\/soporte-ucpie\\\/\"},{\"@type\":\"ListItem\",\"position\":3,\"name\":\"Recaudaci\u00f3n de fondos para UCPIE\"}]},{\"@type\":\"WebSite\",\"@id\":\"https:\\\/\\\/steelblue-squid-762552.hostingersite.com\\\/#website\",\"url\":\"https:\\\/\\\/steelblue-squid-762552.hostingersite.com\\\/\",\"name\":\"United Cerebral Palsy of the Inland Empire\",\"description\":\"Helping people with disabilities live life without limits\",\"potentialAction\":[{\"@type\":\"SearchAction\",\"target\":{\"@type\":\"EntryPoint\",\"urlTemplate\":\"https:\\\/\\\/steelblue-squid-762552.hostingersite.com\\\/?s={search_term_string}\"},\"query-input\":{\"@type\":\"PropertyValueSpecification\",\"valueRequired\":true,\"valueName\":\"search_term_string\"}}],\"inLanguage\":\"es\"}]}<\/script>\n<!-- \/ Yoast SEO plugin. -->","yoast_head_json":{"title":"Recaudaci\u00f3n de fondos para UCPIE &#8211; United Cerebral Palsy of the Inland Empire","robots":{"index":"index","follow":"follow","max-snippet":"max-snippet:-1","max-image-preview":"max-image-preview:large","max-video-preview":"max-video-preview:-1"},"canonical":"https:\/\/ucpie.org\/es\/soporte-ucpie\/recaudacion-de-fondos-para-ucpie\/","og_locale":"es_ES","og_type":"article","og_title":"Recaudaci\u00f3n de fondos para UCPIE &#8211; United Cerebral Palsy of the Inland Empire","og_url":"https:\/\/ucpie.org\/es\/soporte-ucpie\/recaudacion-de-fondos-para-ucpie\/","og_site_name":"United Cerebral Palsy of the Inland Empire","article_publisher":"http:\/\/facebook.com\/ucpinlandempire","article_modified_time":"2021-11-11T18:01:13+00:00","og_image":[{"url":"https:\/\/ucpie.org\/wp-content\/uploads\/2021\/09\/fundraise-pg-1.png","type":"","width":"","height":""}],"twitter_card":"summary_large_image","twitter_site":"@UCPIE","twitter_misc":{"Tiempo de lectura":"7 minutos"},"schema":{"@context":"https:\/\/schema.org","@graph":[{"@type":"WebPage","@id":"https:\/\/ucpie.org\/es\/soporte-ucpie\/recaudacion-de-fondos-para-ucpie\/","url":"https:\/\/ucpie.org\/es\/soporte-ucpie\/recaudacion-de-fondos-para-ucpie\/","name":"Recaudaci\u00f3n de fondos para UCPIE &#8211; United Cerebral Palsy of the Inland Empire","isPartOf":{"@id":"https:\/\/steelblue-squid-762552.hostingersite.com\/#website"},"primaryImageOfPage":{"@id":"https:\/\/ucpie.org\/es\/soporte-ucpie\/recaudacion-de-fondos-para-ucpie\/#primaryimage"},"image":{"@id":"https:\/\/ucpie.org\/es\/soporte-ucpie\/recaudacion-de-fondos-para-ucpie\/#primaryimage"},"thumbnailUrl":"https:\/\/ucpie.org\/wp-content\/uploads\/2021\/09\/fundraise-pg-1.png","datePublished":"2021-11-03T18:10:36+00:00","dateModified":"2021-11-11T18:01:13+00:00","breadcrumb":{"@id":"https:\/\/ucpie.org\/es\/soporte-ucpie\/recaudacion-de-fondos-para-ucpie\/#breadcrumb"},"inLanguage":"es","potentialAction":[{"@type":"ReadAction","target":["https:\/\/ucpie.org\/es\/soporte-ucpie\/recaudacion-de-fondos-para-ucpie\/"]}]},{"@type":"ImageObject","inLanguage":"es","@id":"https:\/\/ucpie.org\/es\/soporte-ucpie\/recaudacion-de-fondos-para-ucpie\/#primaryimage","url":"https:\/\/ucpie.org\/wp-content\/uploads\/2021\/09\/fundraise-pg-1.png","contentUrl":"https:\/\/ucpie.org\/wp-content\/uploads\/2021\/09\/fundraise-pg-1.png"},{"@type":"BreadcrumbList","@id":"https:\/\/ucpie.org\/es\/soporte-ucpie\/recaudacion-de-fondos-para-ucpie\/#breadcrumb","itemListElement":[{"@type":"ListItem","position":1,"name":"Home","item":"https:\/\/ucpie.org\/es\/inicio\/"},{"@type":"ListItem","position":2,"name":"Soporte UCPIE","item":"https:\/\/ucpie.org\/es\/soporte-ucpie\/"},{"@type":"ListItem","position":3,"name":"Recaudaci\u00f3n de fondos para UCPIE"}]},{"@type":"WebSite","@id":"https:\/\/steelblue-squid-762552.hostingersite.com\/#website","url":"https:\/\/steelblue-squid-762552.hostingersite.com\/","name":"United Cerebral Palsy of the Inland Empire","description":"Helping people with disabilities live life without limits","potentialAction":[{"@type":"SearchAction","target":{"@type":"EntryPoint","urlTemplate":"https:\/\/steelblue-squid-762552.hostingersite.com\/?s={search_term_string}"},"query-input":{"@type":"PropertyValueSpecification","valueRequired":true,"valueName":"search_term_string"}}],"inLanguage":"es"}]}},"_links":{"self":[{"href":"https:\/\/ucpie.org\/es\/wp-json\/wp\/v2\/pages\/3755","targetHints":{"allow":["GET"]}}],"collection":[{"href":"https:\/\/ucpie.org\/es\/wp-json\/wp\/v2\/pages"}],"about":[{"href":"https:\/\/ucpie.org\/es\/wp-json\/wp\/v2\/types\/page"}],"author":[{"embeddable":true,"href":"https:\/\/ucpie.org\/es\/wp-json\/wp\/v2\/users\/7"}],"replies":[{"embeddable":true,"href":"https:\/\/ucpie.org\/es\/wp-json\/wp\/v2\/comments?post=3755"}],"version-history":[{"count":7,"href":"https:\/\/ucpie.org\/es\/wp-json\/wp\/v2\/pages\/3755\/revisions"}],"predecessor-version":[{"id":4598,"href":"https:\/\/ucpie.org\/es\/wp-json\/wp\/v2\/pages\/3755\/revisions\/4598"}],"up":[{"embeddable":true,"href":"https:\/\/ucpie.org\/es\/wp-json\/wp\/v2\/pages\/3743"}],"wp:attachment":[{"href":"https:\/\/ucpie.org\/es\/wp-json\/wp\/v2\/media?parent=3755"}],"curies":[{"name":"wp","href":"https:\/\/api.w.org\/{rel}","templated":true}]}}