{"id":3120,"date":"2019-12-06T16:50:46","date_gmt":"2019-12-07T00:50:46","guid":{"rendered":"https:\/\/ucpie.org\/cuidado-de-relevo\/"},"modified":"2024-01-04T15:04:21","modified_gmt":"2024-01-04T23:04:21","slug":"cuidado-de-relevo","status":"publish","type":"page","link":"https:\/\/ucpie.org\/es\/cuidado-de-relevo\/","title":{"rendered":"Programa de cuidados de relevo"},"content":{"rendered":"<div class=\"fusion-fullwidth fullwidth-box fusion-builder-row-1 fusion-flex-container nonhundred-percent-fullwidth non-hundred-percent-height-scrolling\" style=\"--awb-border-radius-top-left:0px;--awb-border-radius-top-right:0px;--awb-border-radius-bottom-right:0px;--awb-border-radius-bottom-left:0px;--awb-flex-wrap:wrap;\" ><div class=\"fusion-builder-row fusion-row fusion-flex-align-items-flex-start fusion-flex-content-wrap\" style=\"max-width:2059.2px;margin-left: calc(-4% \/ 2 );margin-right: calc(-4% \/ 2 );\"><div class=\"fusion-layout-column fusion_builder_column fusion-builder-column-0 fusion_builder_column_1_1 1_1 fusion-flex-column\" style=\"--awb-bg-size:cover;--awb-width-large:100%;--awb-margin-top-large:10px;--awb-spacing-right-large:1.92%;--awb-margin-bottom-large:10px;--awb-spacing-left-large:1.92%;--awb-width-medium:100%;--awb-order-medium:0;--awb-spacing-right-medium:1.92%;--awb-spacing-left-medium:1.92%;--awb-width-small:100%;--awb-order-small:0;--awb-spacing-right-small:1.92%;--awb-spacing-left-small:1.92%;\"><div class=\"fusion-column-wrapper fusion-column-has-shadow fusion-flex-justify-content-flex-start fusion-content-layout-column\"><div class=\"fusion-title title fusion-title-1 fusion-sep-none fusion-title-text fusion-title-size-one\" style=\"--awb-margin-top-small:10px;--awb-margin-right-small:0px;--awb-margin-bottom-small:20px;--awb-margin-left-small:0px;\"><h1 class=\"fusion-title-heading title-heading-left fusion-responsive-typography-calculated\" style=\"margin:0;--fontSize:45;line-height:1.15;\">Programa de cuidados de relevo<\/h1><\/div><div class=\"fusion-text fusion-text-1\" style=\"--awb-text-transform:none;\"><p>El Programa de atenci\u00f3n de relevo en el hogar de UCPIE es un servicio ofrecido a personas con discapacidades en todo Inland Empire. UCPIE env\u00eda un cuidador de relevo calificado y previamente evaluado certificado en RCP y primeros auxilios a hogares con personas con necesidades especiales. La capacitaci\u00f3n continua de recertificaci\u00f3n tambi\u00e9n es proporcionada por UCPIE. El servicio de atenci\u00f3n de relevo permite a los padres y cuidadores t\u00edpicos la oportunidad de descansar o atender otras tareas, una vez que un proveedor capacitado de cuidados de relevo cuida a su ser querido.<\/p>\n<h3>\u00bfQu\u00e9 proporciona la atenci\u00f3n de relevo en el hogar de UCP?<\/h3>\n<p><img decoding=\"async\" class=\"lazyload alignright size-full wp-image-4036\" src=\"https:\/\/ucpie.org\/wp-content\/uploads\/2021\/09\/respite-care.png\" data-orig-src=\"https:\/\/ucpie.org\/wp-content\/uploads\/2021\/09\/respite-care.png\" alt=\"\" width=\"375\" height=\"350\" srcset=\"data:image\/svg+xml,%3Csvg%20xmlns%3D%27http%3A%2F%2Fwww.w3.org%2F2000%2Fsvg%27%20width%3D%27375%27%20height%3D%27350%27%20viewBox%3D%270%200%20375%20350%27%3E%3Crect%20width%3D%27375%27%20height%3D%27350%27%20fill-opacity%3D%220%22%2F%3E%3C%2Fsvg%3E\" data-srcset=\"https:\/\/ucpie.org\/wp-content\/uploads\/2021\/09\/respite-care-200x187.png 200w, https:\/\/ucpie.org\/wp-content\/uploads\/2021\/09\/respite-care-300x280.png 300w, https:\/\/ucpie.org\/wp-content\/uploads\/2021\/09\/respite-care.png 375w\" data-sizes=\"auto\" data-orig-sizes=\"(max-width: 375px) 100vw, 375px\" \/><\/p>\n<ol style=\"margin-left: 50px;\">\n<li>Atenci\u00f3n personalizada en el hogar para su familiar con necesidades especiales.<\/li>\n<li>Supervisi\u00f3n y estimulaci\u00f3n a trav\u00e9s de actividades apropiadas para la edad y el Plan mensual de objetivos individuales.<\/li>\n<li>Oportunidades para que las personas con discapacidades del desarrollo obtengan una nueva compa\u00f1\u00eda y tengan experiencias interpersonales m\u00e1s positivas.<\/li>\n<li>Las familias de personas con necesidades especiales obtienen oportunidades para la renovaci\u00f3n personal sin preocupaciones.<\/li>\n<li>Una alternativa viable a la colocaci\u00f3n fuera del hogar.<\/li>\n<\/ol>\n<h3>\u00bfQui\u00e9n es elegible para recibir atenci\u00f3n de relevo? Ni\u00f1os y adultos con discapacidades del desarrollo, tales como:<\/h3>\n<ol style=\"margin-left: 50px;\">\n<li>Epilepsia<\/li>\n<li>Discapacidades intelectuales<\/li>\n<li>Autismo<\/li>\n<li>Par\u00e1lisis cerebral<\/li>\n<li>S\u00edndrome de Down<\/li>\n<li>Otras necesidades especiales<\/li>\n<\/ol>\n<p>Los servicios de cuidado de relevo a trav\u00e9s del Departamento de Servicios del Desarrollo de California se ofrecen SIN COSTO. Para recibir atenci\u00f3n de relevo, las personas deben convertirse en clientes del Inland Regional Center y obtener autorizaci\u00f3n a trav\u00e9s de ellos.<\/p>\n<p>Para obtener m\u00e1s informaci\u00f3n sobre el Inland Regional Center, incluido c\u00f3mo convertirse en cliente, llame al (909) 890-3000 o visite: <a href=\"http:\/\/www.inlandrc.org\/\" target=\"_blank\" rel=\"noopener noreferrer\">www.inlandrc.org<\/a><\/p>\n<p>Nuestro coordinador de atenci\u00f3n de relevo de UCPIE estar\u00e1 encantado de hablar con usted sobre c\u00f3mo puede acceder a los servicios proporcionados por el Inland Regional Center. Para obtener ayuda con la autorizaci\u00f3n, p\u00f3ngase en contacto con Vanessa Vargas en <a href=\"mailto:vvargas@ucpie.org\">vvargas@ucpie.org<\/a> o en el 760-321-8184 ext. 4.<\/p>\n<\/div><div ><a class=\"fusion-button button-flat fusion-button-default-size button-default fusion-button-default button-1 fusion-button-default-span fusion-button-default-type\" target=\"_self\" href=\"https:\/\/workforcenow.adp.com\/mascsr\/default\/mdf\/recruitment\/recruitment.html?cid=930df65e-c3a6-4383-a231-a08838b291c1&amp;ccId=273843202493_514&amp;lang=en_US\"><span class=\"fusion-button-text awb-button__text awb-button__text--default\">Solicite ser proveedor de servicios de relevo<\/span><\/a><\/div><\/div><\/div><\/div><\/div>\n","protected":false},"excerpt":{"rendered":"","protected":false},"author":7,"featured_media":0,"parent":0,"menu_order":0,"comment_status":"open","ping_status":"open","template":"","meta":{"h5ap_radio_sources":[],"cybocfi_hide_featured_image":"","footnotes":""},"class_list":["post-3120","page","type-page","status-publish","hentry"],"yoast_head":"<!-- This site is optimized with the Yoast SEO plugin v27.3 - https:\/\/yoast.com\/product\/yoast-seo-wordpress\/ -->\n<title>Programa de cuidados de relevo &#8211; United Cerebral Palsy of the Inland Empire<\/title>\n<meta name=\"robots\" content=\"index, follow, max-snippet:-1, max-image-preview:large, max-video-preview:-1\" \/>\n<link rel=\"canonical\" href=\"https:\/\/ucpie.org\/es\/cuidado-de-relevo\/\" \/>\n<meta property=\"og:locale\" content=\"es_ES\" \/>\n<meta property=\"og:type\" content=\"article\" \/>\n<meta property=\"og:title\" content=\"Programa de cuidados de relevo &#8211; United Cerebral Palsy of the Inland Empire\" \/>\n<meta property=\"og:url\" content=\"https:\/\/ucpie.org\/es\/cuidado-de-relevo\/\" \/>\n<meta property=\"og:site_name\" content=\"United Cerebral Palsy of the Inland Empire\" \/>\n<meta property=\"article:publisher\" content=\"http:\/\/facebook.com\/ucpinlandempire\" \/>\n<meta property=\"article:modified_time\" content=\"2024-01-04T23:04:21+00:00\" \/>\n<meta property=\"og:image\" content=\"https:\/\/ucpie.org\/wp-content\/uploads\/2021\/09\/respite-care.png\" \/>\n<meta name=\"twitter:card\" content=\"summary_large_image\" \/>\n<meta name=\"twitter:site\" content=\"@UCPIE\" \/>\n<meta name=\"twitter:label1\" content=\"Tiempo de lectura\" \/>\n\t<meta name=\"twitter:data1\" content=\"7 minutos\" \/>\n<script type=\"application\/ld+json\" class=\"yoast-schema-graph\">{\"@context\":\"https:\\\/\\\/schema.org\",\"@graph\":[{\"@type\":\"WebPage\",\"@id\":\"https:\\\/\\\/ucpie.org\\\/es\\\/cuidado-de-relevo\\\/\",\"url\":\"https:\\\/\\\/ucpie.org\\\/es\\\/cuidado-de-relevo\\\/\",\"name\":\"Programa de cuidados de relevo &#8211; United Cerebral Palsy of the Inland Empire\",\"isPartOf\":{\"@id\":\"https:\\\/\\\/steelblue-squid-762552.hostingersite.com\\\/#website\"},\"primaryImageOfPage\":{\"@id\":\"https:\\\/\\\/ucpie.org\\\/es\\\/cuidado-de-relevo\\\/#primaryimage\"},\"image\":{\"@id\":\"https:\\\/\\\/ucpie.org\\\/es\\\/cuidado-de-relevo\\\/#primaryimage\"},\"thumbnailUrl\":\"https:\\\/\\\/ucpie.org\\\/wp-content\\\/uploads\\\/2021\\\/09\\\/respite-care.png\",\"datePublished\":\"2019-12-07T00:50:46+00:00\",\"dateModified\":\"2024-01-04T23:04:21+00:00\",\"breadcrumb\":{\"@id\":\"https:\\\/\\\/ucpie.org\\\/es\\\/cuidado-de-relevo\\\/#breadcrumb\"},\"inLanguage\":\"es\",\"potentialAction\":[{\"@type\":\"ReadAction\",\"target\":[\"https:\\\/\\\/ucpie.org\\\/es\\\/cuidado-de-relevo\\\/\"]}]},{\"@type\":\"ImageObject\",\"inLanguage\":\"es\",\"@id\":\"https:\\\/\\\/ucpie.org\\\/es\\\/cuidado-de-relevo\\\/#primaryimage\",\"url\":\"https:\\\/\\\/ucpie.org\\\/wp-content\\\/uploads\\\/2021\\\/09\\\/respite-care.png\",\"contentUrl\":\"https:\\\/\\\/ucpie.org\\\/wp-content\\\/uploads\\\/2021\\\/09\\\/respite-care.png\"},{\"@type\":\"BreadcrumbList\",\"@id\":\"https:\\\/\\\/ucpie.org\\\/es\\\/cuidado-de-relevo\\\/#breadcrumb\",\"itemListElement\":[{\"@type\":\"ListItem\",\"position\":1,\"name\":\"Home\",\"item\":\"https:\\\/\\\/ucpie.org\\\/es\\\/inicio\\\/\"},{\"@type\":\"ListItem\",\"position\":2,\"name\":\"Programa de cuidados de relevo\"}]},{\"@type\":\"WebSite\",\"@id\":\"https:\\\/\\\/steelblue-squid-762552.hostingersite.com\\\/#website\",\"url\":\"https:\\\/\\\/steelblue-squid-762552.hostingersite.com\\\/\",\"name\":\"United Cerebral Palsy of the Inland Empire\",\"description\":\"Helping people with disabilities live life without limits\",\"potentialAction\":[{\"@type\":\"SearchAction\",\"target\":{\"@type\":\"EntryPoint\",\"urlTemplate\":\"https:\\\/\\\/steelblue-squid-762552.hostingersite.com\\\/?s={search_term_string}\"},\"query-input\":{\"@type\":\"PropertyValueSpecification\",\"valueRequired\":true,\"valueName\":\"search_term_string\"}}],\"inLanguage\":\"es\"}]}<\/script>\n<!-- \/ Yoast SEO plugin. -->","yoast_head_json":{"title":"Programa de cuidados de relevo &#8211; United Cerebral Palsy of the Inland Empire","robots":{"index":"index","follow":"follow","max-snippet":"max-snippet:-1","max-image-preview":"max-image-preview:large","max-video-preview":"max-video-preview:-1"},"canonical":"https:\/\/ucpie.org\/es\/cuidado-de-relevo\/","og_locale":"es_ES","og_type":"article","og_title":"Programa de cuidados de relevo &#8211; United Cerebral Palsy of the Inland Empire","og_url":"https:\/\/ucpie.org\/es\/cuidado-de-relevo\/","og_site_name":"United Cerebral Palsy of the Inland Empire","article_publisher":"http:\/\/facebook.com\/ucpinlandempire","article_modified_time":"2024-01-04T23:04:21+00:00","og_image":[{"url":"https:\/\/ucpie.org\/wp-content\/uploads\/2021\/09\/respite-care.png","type":"","width":"","height":""}],"twitter_card":"summary_large_image","twitter_site":"@UCPIE","twitter_misc":{"Tiempo de lectura":"7 minutos"},"schema":{"@context":"https:\/\/schema.org","@graph":[{"@type":"WebPage","@id":"https:\/\/ucpie.org\/es\/cuidado-de-relevo\/","url":"https:\/\/ucpie.org\/es\/cuidado-de-relevo\/","name":"Programa de cuidados de relevo &#8211; United Cerebral Palsy of the Inland Empire","isPartOf":{"@id":"https:\/\/steelblue-squid-762552.hostingersite.com\/#website"},"primaryImageOfPage":{"@id":"https:\/\/ucpie.org\/es\/cuidado-de-relevo\/#primaryimage"},"image":{"@id":"https:\/\/ucpie.org\/es\/cuidado-de-relevo\/#primaryimage"},"thumbnailUrl":"https:\/\/ucpie.org\/wp-content\/uploads\/2021\/09\/respite-care.png","datePublished":"2019-12-07T00:50:46+00:00","dateModified":"2024-01-04T23:04:21+00:00","breadcrumb":{"@id":"https:\/\/ucpie.org\/es\/cuidado-de-relevo\/#breadcrumb"},"inLanguage":"es","potentialAction":[{"@type":"ReadAction","target":["https:\/\/ucpie.org\/es\/cuidado-de-relevo\/"]}]},{"@type":"ImageObject","inLanguage":"es","@id":"https:\/\/ucpie.org\/es\/cuidado-de-relevo\/#primaryimage","url":"https:\/\/ucpie.org\/wp-content\/uploads\/2021\/09\/respite-care.png","contentUrl":"https:\/\/ucpie.org\/wp-content\/uploads\/2021\/09\/respite-care.png"},{"@type":"BreadcrumbList","@id":"https:\/\/ucpie.org\/es\/cuidado-de-relevo\/#breadcrumb","itemListElement":[{"@type":"ListItem","position":1,"name":"Home","item":"https:\/\/ucpie.org\/es\/inicio\/"},{"@type":"ListItem","position":2,"name":"Programa de cuidados de relevo"}]},{"@type":"WebSite","@id":"https:\/\/steelblue-squid-762552.hostingersite.com\/#website","url":"https:\/\/steelblue-squid-762552.hostingersite.com\/","name":"United Cerebral Palsy of the Inland Empire","description":"Helping people with disabilities live life without limits","potentialAction":[{"@type":"SearchAction","target":{"@type":"EntryPoint","urlTemplate":"https:\/\/steelblue-squid-762552.hostingersite.com\/?s={search_term_string}"},"query-input":{"@type":"PropertyValueSpecification","valueRequired":true,"valueName":"search_term_string"}}],"inLanguage":"es"}]}},"_links":{"self":[{"href":"https:\/\/ucpie.org\/es\/wp-json\/wp\/v2\/pages\/3120","targetHints":{"allow":["GET"]}}],"collection":[{"href":"https:\/\/ucpie.org\/es\/wp-json\/wp\/v2\/pages"}],"about":[{"href":"https:\/\/ucpie.org\/es\/wp-json\/wp\/v2\/types\/page"}],"author":[{"embeddable":true,"href":"https:\/\/ucpie.org\/es\/wp-json\/wp\/v2\/users\/7"}],"replies":[{"embeddable":true,"href":"https:\/\/ucpie.org\/es\/wp-json\/wp\/v2\/comments?post=3120"}],"version-history":[{"count":13,"href":"https:\/\/ucpie.org\/es\/wp-json\/wp\/v2\/pages\/3120\/revisions"}],"predecessor-version":[{"id":6838,"href":"https:\/\/ucpie.org\/es\/wp-json\/wp\/v2\/pages\/3120\/revisions\/6838"}],"wp:attachment":[{"href":"https:\/\/ucpie.org\/es\/wp-json\/wp\/v2\/media?parent=3120"}],"curies":[{"name":"wp","href":"https:\/\/api.w.org\/{rel}","templated":true}]}}