{"id":3118,"date":"2013-05-10T19:26:19","date_gmt":"2013-05-11T02:26:19","guid":{"rendered":"https:\/\/ucpie.org\/programa-de-recursos-y-referencias\/"},"modified":"2026-01-06T11:25:31","modified_gmt":"2026-01-06T19:25:31","slug":"programa-de-recursos-y-referencias","status":"publish","type":"page","link":"https:\/\/ucpie.org\/es\/programa-de-recursos-y-referencias\/","title":{"rendered":"Programa de recursos y referencias"},"content":{"rendered":"<div class=\"fusion-fullwidth fullwidth-box fusion-builder-row-1 fusion-flex-container nonhundred-percent-fullwidth non-hundred-percent-height-scrolling\" style=\"--awb-border-radius-top-left:0px;--awb-border-radius-top-right:0px;--awb-border-radius-bottom-right:0px;--awb-border-radius-bottom-left:0px;--awb-flex-wrap:wrap;\" ><div class=\"fusion-builder-row fusion-row fusion-flex-align-items-flex-start fusion-flex-content-wrap\" style=\"max-width:2059.2px;margin-left: calc(-4% \/ 2 );margin-right: calc(-4% \/ 2 );\"><div class=\"fusion-layout-column fusion_builder_column fusion-builder-column-0 fusion_builder_column_1_1 1_1 fusion-flex-column\" style=\"--awb-bg-size:cover;--awb-width-large:100%;--awb-margin-top-large:10px;--awb-spacing-right-large:1.92%;--awb-margin-bottom-large:10px;--awb-spacing-left-large:1.92%;--awb-width-medium:100%;--awb-order-medium:0;--awb-spacing-right-medium:1.92%;--awb-spacing-left-medium:1.92%;--awb-width-small:100%;--awb-order-small:0;--awb-spacing-right-small:1.92%;--awb-spacing-left-small:1.92%;\"><div class=\"fusion-column-wrapper fusion-column-has-shadow fusion-flex-justify-content-flex-start fusion-content-layout-column\"><div class=\"fusion-title title fusion-title-1 fusion-sep-none fusion-title-text fusion-title-size-one\" style=\"--awb-margin-top-small:10px;--awb-margin-right-small:0px;--awb-margin-bottom-small:20px;--awb-margin-left-small:0px;\"><h1 class=\"fusion-title-heading title-heading-left fusion-responsive-typography-calculated\" style=\"margin:0;--fontSize:45;line-height:1.15;\">Programa de recursos y referencias<\/h1><\/div><div class=\"fusion-text fusion-text-1\" style=\"--awb-text-transform:none;\"><p>La filosof\u00eda de \u00abVida sin l\u00edmites\u00bb de United Cerebral Palsy of the Inland Empire va m\u00e1s all\u00e1 de los servicios que prestamos directamente. Nosotros creemos en ayudar a las familias con necesidades que se extienden fuera de nuestro alcance de servicios. Con esto en mente, UCPIE cre\u00f3 nuestro Programa de Recursos y Referencias. A trav\u00e9s de nuestros programas de divulgaci\u00f3n, asociaciones profesionales y relaciones con agencias y grupos de ideas similares, hemos creado una base de conocimiento para que las familias encuentren la ayuda que necesitan. Las siguientes son gu\u00edas y enlaces de recursos que creemos ser\u00e1n \u00fatiles.<\/p>\n<p>Si necesitas m\u00e1s ayuda, ponte en contacto con Alyssa Nieto en <a title=\"mailto:Alyssa@ucpie.org\" contenteditable=\"false\" href=\"mailto:Alyssa@ucpie.org\">Alyssa@ucpie.org<\/a> o en el 760-321-8184 ext. 114.<\/p>\n<h2><strong>Centro Regional Inland (CRI)<\/strong><\/h2>\n<h2>Requisitos y admisi\u00f3n<\/h2>\n<p><a href=\"https:\/\/www.inlandrc.org\/eligibility\/\">https:\/\/www.inlandrc.org\/eligibility\/<\/a><\/p>\n<p><strong>Oficina de San Bernardino:<\/strong><br \/>\n1365 South Waterman Avenue<br \/>\nSan Bernardino, CA 92408<br \/>\nRecepci\u00f3n: (909) 890-3000<br \/>\n<a href=\"http:\/\/www.inlandrc.org\">www.inlandrc.org<\/a><\/p>\n<h2>Acceso a los servicios y equidad (SAE)<\/h2>\n<p><a href=\"https:\/\/www.inlandrc.org\/service-access-and-equity\/\">https:\/\/www.inlandrc.org\/service-access-and-equity\/<\/a><\/p>\n<h2>SERVICIOS DE APOYO<\/h2>\n<ul>\n<li><strong>Servicios de apoyo a domicilio (en todo el Estado)<br \/>\n<\/strong> <a href=\"http:\/\/www.cdss.ca.gov\/in-home-supportive-services\">http:\/\/www.cdss.ca.gov\/in-home-supportive-services<\/a><\/li>\n<li><strong>Servicios de apoyo a domicilio (Condado de Riverside)<\/strong> <a href=\"https:\/\/riversideihss.org\/\">https:\/\/riversideihss.org\/<\/a><\/li>\n<li><strong>Servicios de apoyo en el hogar (San Bernardino)<\/strong>http:\/\/hss.sbcounty.gov\/daas\/IHSS\/<br \/>\n<a href=\"http:\/\/hss.sbcounty.gov\/daas\/IHSS\/\">http:\/\/hss.sbcounty.gov\/daas\/IHSS\/<\/a><\/li>\n<li><strong>Servicio de Ni\u00f1os de California (en todo el Estado)<br \/>\n<\/strong> <a href=\"http:\/\/wp.sbcounty.gov\/dph\/programs\/ccs\/\">http:\/\/wp.sbcounty.gov\/dph\/programs\/ccs\/<\/a><\/li>\n<li><strong>Condado de Riverside<\/strong> &#8211;<a href=\"https:\/\/www.ruhealth.org\/public-health\/california-children-services\"> https:\/\/www.ruhealth.org\/public-health\/california-children-services <\/a> <\/li>\n<li><strong>Condado de San Bernardino<\/strong> &#8211; <a href=\"https:\/\/dph.sbcounty.gov\/\">https:\/\/dph.sbcounty.gov\/<\/a><\/li>\n<\/ul>\n<h2>APOYO JUR\u00cdDICO<\/h2>\n<ul>\n<li><strong>Disabilities Rights California (Sate Wide)<\/strong> &#8211; <a href=\"https:\/\/www.disabilityrightsca.org\/\">https:\/\/www.disabilityrightsca.org\/<\/a><br \/>\n3602 Inland Empire Blvd Suite C-110<br \/>\nOntario, CA 91764<br \/>\nTel\u00e9fono: 213-213-8000<\/li>\n<li><strong>Oficina de Defensa de los Derechos del Cliente (OCRA) &#8211; Inland Empire<br \/>\n<\/strong><a href=\"https:\/\/www.disabilityrightsca.org\/what-we-do\/programs\/office-of-clients-rights-advocacy-ocra\">https:\/\/www.disabilityrightsca.org\/what-we-do\/programs\/office-of-clients-rights-advocacy-ocra<\/a><br \/>\n3602 Inland Empire Blvd., Suite C-150<br \/>\nOntario, CA 91764<br \/>\nTel\u00e9fono: (909) 383-1133<br \/>\nFax: (909) 383-1113<\/li>\n<li><strong>Centro Legal de Derechos de los Discapacitados<\/strong> &#8211; <a href=\"https:\/\/thedrlc.org\/\">https:\/\/thedrlc.org\/<\/a><\/li>\n<li><strong>Inland Counties Legal Services, Inc.<\/strong> &#8211; <a href=\"https:\/\/www.inlandlegal.org\/\">https:\/\/www.inlandlegal.org\/<\/a><\/li>\n<li><strong>Ley de Estadounidenses con Discapacidades (en todo el pa\u00eds)<\/strong> &#8211; <a href=\"https:\/\/ada.gov\/\">https:\/\/ada.gov<\/a><\/li>\n<li><strong>Sheela A.<\/strong> <strong>Stark (Abogada) &#8211; <\/strong><a href=\"https:\/\/lawyerstark.com\/\">https:\/\/lawyerstark.com\/<\/a><\/li>\n<li><strong>Economou Law Group, Inc. (Abogado y defensor &#8211; Proveedor de IRC)<\/strong><a href=\"https:\/\/www.economoulawgroup.com\/index.html\">https:\/\/www.economoulawgroup.com\/index.html<\/a><br \/>\n536 E Rowland St, Covina, CA 91723<br \/>\nTel: 626-765-9607<\/li>\n<\/ul>\n<h2>VIDA INDEPENDIENTE \/ ASISTENCIA<\/h2>\n<ul>\n<li><strong>Departamento de Servicios de Desarrollo (DDS \/ Estado)<br \/>\n<\/strong> <a href=\"https:\/\/www.dds.ca.gov\/LivingArrang\/IndLiving.cfm\">https:\/\/www.dds.ca.gov\/LivingArrang\/IndLiving.cfm<\/a><\/li>\n<li><strong>Condado de San Bernardino (Rolling Start)<\/strong> &#8211; <a href=\"http:\/\/www.rollingstart.com\/\">rollingstart.com<\/a><\/li>\n<li><strong>Condado de Riverside (Centro de acceso comunitario)<\/strong> &#8211; <a href=\"http:\/\/www.ilcac.org\/\">ilcac.org<\/a><\/li>\n<li><strong>Rolling Start, Inc.<\/strong> &#8211; <a href=\"http:\/\/www.rollingstart.com\/\">http:\/\/www.rollingstart.com\/<\/a><\/li>\n<\/ul>\n<h2>APOYO AL EMPLEO<\/h2>\n<ul>\n<li><strong>Seguridad Social<\/strong>&#8211; <a href=\"http:\/\/www.ssa.gov\/\">ssa.gov<\/a><\/li>\n<li><strong>Ticket to<\/strong> Work &#8211; <a href=\"https:\/\/www.ssa.gov\/work\/\">https:\/\/www.ssa.gov\/work\/<\/a><\/li>\n<li><strong>Red de alojamiento laboral<\/strong>&#8211; <a href=\"http:\/\/www.askjan.org\">askjan.org<\/a><\/li>\n<li><strong>Desert Arc &#8211; <\/strong><a href=\"https:\/\/www.desertarc.org\/\">https:\/\/www.desertarc.org\/<\/a><\/li>\n<li><strong>Centro Regional Inland &#8211; <u>Busque EMPLEO<br \/>\n<\/u><\/strong> <a href=\"https:\/\/www.inlandrc.org\/service-providers\/\">https:\/\/www.inlandrc.org\/service-providers\/<\/a><\/li>\n<li><strong>EXCEDER<\/strong> &#8211; <a href=\"https:\/\/weexceed.org\/programs\">https:\/\/weexceed.org\/programs<\/a><\/li>\n<li><strong>Departamento de Rehabilitaci\u00f3n (seg\u00fan su condado)<\/strong><\/li>\n<li><strong>P.A.S.S. Program Specialist<\/strong><br \/>\nPatrick Mattis<br \/>\n855-820-0100 x 24060<br \/>\n<a href=\"mailto:Patrick.Mattis@ssa.gov\">Patrick.Mattis@ssa.gov<\/a><\/li>\n<\/ul>\n<h2>CALIFORNIA (ESTADO)<\/h2>\n<ul>\n<li><strong>Departamento de Servicios de Desarrollo<\/strong> &#8211; <a href=\"http:\/\/www.dds.ca.gov\/\">dds.ca.gov<\/a><\/li>\n<li><strong>Ley de Discapacidades del Desarrollo de Lanterman<\/strong> &#8211; <a href=\"https:\/\/lanterman.org\/lanterman_act#.XR_U7OhKi00\">https:\/\/lanterman.org\/lanterman_act#.XR_U7OhKi00<\/a><\/li>\n<li><strong>MediCal<\/strong> &#8211; <a href=\"https:\/\/www.coveredca.com\/medi-cal\/\">https:\/\/www.coveredca.com\/medi-cal\/<\/a><\/li>\n<li><strong>Covered California<\/strong> &#8211; <a href=\"https:\/\/www.healthforcalifornia.com\/\">https:\/\/www.healthforcalifornia.com\/<\/a><\/li>\n<li><strong>Servicios de apoyo tribal<\/strong> &#8211; <a href=\"http:\/\/www.cdss.ca.gov\/Tribal-TANF\">http:\/\/www.cdss.ca.gov\/Tribal-TANF<\/a><\/li>\n<li><strong>Consejo Estatal de Discapacidades del Desarrollo<\/strong> &#8211; <a href=\"https:\/\/scdd.ca.gov\/\">https:\/\/scdd.ca.gov\/<\/a><br \/>\n<strong>Oficina local (condados de Riverside y San Bernardino)<br \/>\n<\/strong>Tel\u00e9fono de la oficina: 909-890-1259 \/ 909-890-1374<br \/>\nFax: 909-890-1635<\/li>\n<li><strong>CalWORKS<\/strong> &#8211; <a href=\"https:\/\/www.cdss.ca.gov\/CalWORKS\">https:\/\/www.cdss.ca.gov\/CalWORKS<\/a><\/li>\n<li><strong>ARCA <\/strong>&#8211;<strong> Asociaci\u00f3n de Agencias de Centros Regionales<\/strong> &#8211; <a href=\"http:\/\/www.arcanet.org\/\">arcanet.org<\/a><\/li>\n<\/ul>\n<h2>APOYO EDUCATIVO<\/h2>\n<ul>\n<li><strong>Departamento de Educaci\u00f3n Especial de California<\/strong> &#8211; <a href=\"http:\/\/www.cde.ca.gov\/sp\/se\/\">cde.ca.gov\/sp\/se\/<\/a><\/li>\n<li><strong>Ley de Educaci\u00f3n para Individuos con Discapacidades (IDEA)<\/strong> &#8211; <a href=\"https:\/\/sites.ed.gov\/idea\/\">https:\/\/sites.ed.gov\/idea\/<\/a><\/li>\n<li><strong>SELPA del Condado de Riverside<\/strong> (\u00c1rea del Plan Local de Educaci\u00f3n Especial) <a href=\"https:\/\/www.rcselpa.org\/\">https:\/\/www.rcselpa.org\/<\/a><\/li>\n<li><strong>SELPA del Condado de San Bernardino<\/strong>(\u00c1rea del Plan Local de Educaci\u00f3n Especial)<\/li>\n<\/ul>\n<ol>\n<li>Ontario-Montclair: <a href=\"https:\/\/www.omsd.net\/Domain\/498\">https:\/\/www.omsd.net\/Domain\/498<\/a><\/li>\n<li>Desert Mountain: <a href=\"https:\/\/cahelp.ss8.sharpschool.com\/\">https: <\/a>\/\/cahelp.ss8.sharpschool.com\/  <\/li>\n<li>East Valley: <a href=\"https:\/\/www.sbcss.k12.ca.us\/index.php\/selpas\/east-valley-selpa\">https:\/\/www.sbcss.k12.ca.us\/index.php\/selpas\/east-valley-selpa<\/a><\/li>\n<\/ol>\n<ul>\n<li><strong>TASK (tambi\u00e9n proporcionar capacitaci\u00f3n para padres)<\/strong> &#8211; <a href=\"http:\/\/www.taskca.org\/\">taskca.org<\/a><\/li>\n<li><strong>Fiesta Educativa (tambi\u00e9n proporciona capacitaci\u00f3n para padres )<\/strong> <strong>&#8211;<\/strong><a href=\"http:\/\/www.fiestaeducativa.org\/\">fiestaeducativa.org<\/a><\/li>\n<\/ul>\n<h2>PREPARACI\u00d3N PARA EMERGENCIAS<\/h2>\n<ul>\n<li><strong>Cruz Roja Americana (Nacional):<\/strong> <a href=\"http:\/\/www.redcross.org\">redcross.org<\/a><\/li>\n<li><strong>Cruz Roja Americana (Condado de Riverside)<br \/>\n<\/strong>Ciudad de Riverside y alrededores<br \/>\n6235 River Crest Drive, Suite A<br \/>\nRiverside, CA 92507<br \/>\n<strong>Tel\u00e9fono:<\/strong> <a href=\"tel:1-888-831-0031\">1-888-831-0031<\/a><\/li>\n<\/ul>\n<ul>\n<li><strong>Coachella Valley \/ Morongo Basin<\/strong><br \/>\n39-665 Entrepreneur Ln., Suite A<br \/>\nPalm Desert, CA 92211<br \/>\n<strong>Tel\u00e9fono:<\/strong> <a href=\"tel:1-888-831-0031\">1-888-831-0031<\/a><\/li>\n<\/ul>\n<ul>\n<li><strong>Cruz Roja Americana (Condado de San Bernardino):<br \/>\n<\/strong>10600 Trademark Parkway, Suite 406<br \/>\nRancho Cucamonga, CA 91730<br \/>\n<strong>Tel\u00e9fono :<\/strong> <a href=\"tel:1-909-%20888-1481\">1-909- 888-1481<\/a><\/li>\n<\/ul>\n<ul>\n<li><strong>Oficina de Victorville (al servicio del Alto Desierto):<\/strong><br \/>\n17199 Yuma St. Suite #2<br \/>\nVictorville, CA, 92395<br \/>\n<strong>Tel\u00e9fono :<\/strong> <a href=\"tel:1-909-%20888-1481\">1-909- 888-1481<\/a><\/li>\n<\/ul>\n<ul>\n<li><strong>Cruz Roja Americana<\/strong> <strong>&#8211; Twentynine Palms<\/strong><br \/>\n(En MCAGCC Twentynine Palms)<br \/>\n5th St. y Sturgis St. Village Center,<br \/>\nBuilding 1551, Sala 29<br \/>\nTwentynine Palms, CA 92278<br \/>\n<strong>Tel\u00e9fono:<\/strong> <a href=\"tel:1-254-287-0400\">1-254-287-0400<\/a><\/li>\n<\/ul>\n<ul>\n<li><strong>Consejo Estatal de Discapacidades del Desarrollo: <\/strong><a href=\"https:\/\/scdd.ca.gov\/sanbernardino\/\">https:\/\/scdd.ca.gov\/sanbernardino\/<\/a><\/li>\n<\/ul>\n<h2>APOYO Y SERVICIOS COMUNITARIOS (TODAS LAS DISCAPACIDADES):<\/h2>\n<ul>\n<li><strong>Sociedad de Autismo Inland Empire<\/strong> &#8211; ieautism <a href=\"http:\/\/www.ieautism.org\/\">.org<\/a><\/li>\n<li><strong>La Comunidad del Autismo en Acci\u00f3n (TACA)<\/strong> &#8211; <a href=\"http:\/\/www.tacanow.org\/\">tacanow.org<\/a><\/li>\n<li><strong>Autism Speaks<\/strong> &#8211; <a href=\"http:\/\/www.autismspeaks.org\/\">autismspeaks.org<\/a><\/li>\n<li><strong>Fundaci\u00f3n para la Epilepsia de Los \u00c1ngeles-<\/strong> <a href=\"https:\/\/epilepsyfoundationgla.org\">epilepsyfoundationgla.org<\/a><\/li>\n<li><strong>Centro de Epilepsia de Loma<\/strong> Linda &#8211; <a href=\"https:\/\/lluh.org\/neurology\/our-services\/epilepsy-center\">lluh.org\/neurology\/our-services\/epilepsy-center<\/a><\/li>\n<li><strong>Educaci\u00f3n sobre la epilepsia en todas partes<\/strong> &#8211; <a href=\"https:\/\/epilepsyed.org\/\">https:\/\/epilepsyed.org\/<\/a><\/li>\n<li><strong>Defensor<\/strong> &#8211; <a href=\"https:\/\/www.educateadvocateca.com\/\">educateadvocateca.com\/<\/a><\/li>\n<li><strong>Ezekiel&#8217;s Gift of Love (Fundaci\u00f3n S\u00edndrome de Down del Valle de Coachella)<\/strong> &#8211; <a href=\"https:\/\/ezekielsgiftoflove.com\/\">https:\/\/ezekielsgiftoflove.com\/<\/a><\/li>\n<li><strong>Asociaci\u00f3n del S\u00edndrome de Down del Valle Interior<\/strong> &#8211; <a href=\"https:\/\/www.ivdsa.org\/\">https:\/\/www.ivdsa.org\/<\/a><\/li>\n<li><strong>Sociedad Nacional Buddy Walk<\/strong> &#8211; <a href=\"https:\/\/www.ndss.org\/play\/national-buddy-walk-program\/\">https:\/\/www.ndss.org\/play\/national-buddy-walk-program\/<\/a><\/li>\n<li><strong>TASH<\/strong> &#8211;<a href=\"https:\/\/tash.org\"> tash.org<\/a><\/li>\n<li><strong>Jean Gonsier-Gerdin (Representante de California)<br \/>\n<\/strong><a href=\"mailto:jgonsiergerdin@csus.edu\">jgonsiergerdin@csus.edu<\/a><br \/>\n(925) 366-6246<br \/>\nElk Grove, CA<br \/>\nPresidente del Comit\u00e9 Ejecutivo<br \/>\nCo-Presidente de Liderazgo del Cap\u00edtulo<\/li>\n<li><strong>TASK (tambi\u00e9n proporcionar capacitaci\u00f3n para padres)<\/strong> &#8211; <a href=\"https:\/\/taskca.org\">taskca.org<\/a><\/li>\n<li>Fiesta Educativa <strong>(tambi\u00e9n ofrece formaci\u00f3n para padres)<\/strong> &#8211; <a href=\"https:\/\/fiestaeducativa.org\">fiestaeducativa.org<\/a><\/li>\n<\/ul>\n<h2>ACTIVIDADES RECREATIVAS<\/h2>\n<ul>\n<li><strong>C\u00f3mo superar el autismo &#8211; <\/strong><a href=\"https:\/\/aceingautism.org\/\">https:\/\/aceingautism.org\/<\/a><\/li>\n<li><strong>Desert Arc &#8211; <\/strong><a href=\"https:\/\/www.desertarc.org\/\">https:\/\/www.desertarc.org\/<\/a><\/li>\n<li><strong>Distrito de Recreaci\u00f3n del Desierto (Lower Desert)<\/strong> &#8211; <a href=\"https:\/\/myrecreationdistrict.com\/activities\/adaptive-sports\">https:\/\/myrecreationdistrict.com\/activities\/adaptive-sports<\/a><\/li>\n<li><strong>High Hopes (Lower Desert) <\/strong>\u2013 (760) 408-2602 (habla con la Sra. Renne )<\/li>\n<li><strong>Centros Comunitarios de Inland Empire Health Plan &#8211;<\/strong> <a href=\"https:\/\/www.iehp.org\/en\/community-resources\/community-resource-center\" rel=\"noopener noreferrer\">iehp.org\/es\/recursos-comunitarios\/centro-de-recursos-comunitarios<\/a><\/li>\n<li><strong>San Bernardino<\/strong><br \/>\n805 W. 2nd St., Suite C.<br \/>\nSan Bernardino, CA 92410<\/li>\n<li><strong>Riverside<\/strong><br \/>\n3590 Tyler St., Suite 101<br \/>\nRiverside, CA 92503<\/li>\n<li><strong>Victorville <\/strong><br \/>\n12353 Mariposa Road Unit C2 and C3<br \/>\nVictorville CA, 9239<\/li>\n<li><strong>Inland Empire &#8211; <\/strong><a href=\"https:\/\/www.sosc.org\/staff\/ie\">https:\/\/www.sosc.org\/staff\/ie<\/a><\/li>\n<li><strong>Kelsey\u2019s Heroes (Desierto Inferior) &#8211; <\/strong><a href=\"https:\/\/kelseysheroes.org\/\">https:\/\/kelseysheroes.org\/<\/a><\/li>\n<li><strong>Olimpiadas Especiales del Sur de California<\/strong> &#8211; <a href=\"https:\/\/www.sosc.org\/\">https:\/\/www.sosc.org\/<\/a><\/li>\n<li><strong>SoCal Adaptive Sports-<\/strong> <a href=\"https:\/\/socaladaptivesports.org\/\">https:\/\/socaladaptivesports.org\/<\/a><\/li>\n<\/ul>\n<h3>CONSULTE CON EL DEPARTAMENTO DE OCIO DE SU CIUDAD<\/h3>\n<ul>\n<li><strong>\u2022 Ciudad de Fontana \u2013 <\/strong><a href=\"https:\/\/www.fontana.org\/2708\/Above-the-Limits-Special-Needs\">https:\/\/www.fontana.org\/2708\/Above-the-Limits-Special-Needs<\/a><\/li>\n<li><strong>Ciudad de Rancho Cucamonga &#8211;<\/strong> <a href=\"https:\/\/www.cityofrc.us\/community-services\/special-needs\">https:\/\/www.cityofrc.us\/community-services\/special-needs<\/a><\/li>\n<li><strong>Distrito Recreativo del Desierto (Bajo Desierto) &#8211; <\/strong><a href=\"https:\/\/myrecreationdistrict.com\/activities\/adaptive-sports\">https:\/\/myrecreationdistrict.com\/activities\/adaptive-sports<\/a><\/li>\n<li><strong>Oportunidades EST (High Desert) &#8211; <\/strong><a href=\"http:\/\/www.bestopportunities.org\/about-us\/\">http:\/\/www.bestopportunities.org\/about-us\/<\/a><\/li>\n<\/ul>\n<\/div><\/div><\/div><\/div><\/div>\n","protected":false},"excerpt":{"rendered":"","protected":false},"author":7,"featured_media":0,"parent":0,"menu_order":0,"comment_status":"closed","ping_status":"closed","template":"","meta":{"h5ap_radio_sources":[],"cybocfi_hide_featured_image":"","footnotes":""},"class_list":["post-3118","page","type-page","status-publish","hentry"],"yoast_head":"<!-- This site is optimized with the Yoast SEO plugin v27.3 - https:\/\/yoast.com\/product\/yoast-seo-wordpress\/ -->\n<title>Programa de recursos y referencias &#8211; United Cerebral Palsy of the Inland Empire<\/title>\n<meta name=\"robots\" content=\"index, follow, max-snippet:-1, max-image-preview:large, max-video-preview:-1\" \/>\n<link rel=\"canonical\" href=\"https:\/\/ucpie.org\/es\/programa-de-recursos-y-referencias\/\" \/>\n<meta property=\"og:locale\" content=\"es_ES\" \/>\n<meta property=\"og:type\" content=\"article\" \/>\n<meta property=\"og:title\" content=\"Programa de recursos y referencias &#8211; United Cerebral Palsy of the Inland Empire\" \/>\n<meta property=\"og:url\" content=\"https:\/\/ucpie.org\/es\/programa-de-recursos-y-referencias\/\" \/>\n<meta property=\"og:site_name\" content=\"United Cerebral Palsy of the Inland Empire\" \/>\n<meta property=\"article:publisher\" content=\"http:\/\/facebook.com\/ucpinlandempire\" \/>\n<meta property=\"article:modified_time\" content=\"2026-01-06T19:25:31+00:00\" \/>\n<meta name=\"twitter:card\" content=\"summary_large_image\" \/>\n<meta name=\"twitter:site\" content=\"@UCPIE\" \/>\n<meta name=\"twitter:label1\" content=\"Tiempo de lectura\" \/>\n\t<meta name=\"twitter:data1\" content=\"10 minutos\" \/>\n<script type=\"application\/ld+json\" class=\"yoast-schema-graph\">{\"@context\":\"https:\\\/\\\/schema.org\",\"@graph\":[{\"@type\":\"WebPage\",\"@id\":\"https:\\\/\\\/ucpie.org\\\/es\\\/programa-de-recursos-y-referencias\\\/\",\"url\":\"https:\\\/\\\/ucpie.org\\\/es\\\/programa-de-recursos-y-referencias\\\/\",\"name\":\"Programa de recursos y referencias &#8211; United Cerebral Palsy of the Inland Empire\",\"isPartOf\":{\"@id\":\"https:\\\/\\\/steelblue-squid-762552.hostingersite.com\\\/#website\"},\"datePublished\":\"2013-05-11T02:26:19+00:00\",\"dateModified\":\"2026-01-06T19:25:31+00:00\",\"breadcrumb\":{\"@id\":\"https:\\\/\\\/ucpie.org\\\/es\\\/programa-de-recursos-y-referencias\\\/#breadcrumb\"},\"inLanguage\":\"es\",\"potentialAction\":[{\"@type\":\"ReadAction\",\"target\":[\"https:\\\/\\\/ucpie.org\\\/es\\\/programa-de-recursos-y-referencias\\\/\"]}]},{\"@type\":\"BreadcrumbList\",\"@id\":\"https:\\\/\\\/ucpie.org\\\/es\\\/programa-de-recursos-y-referencias\\\/#breadcrumb\",\"itemListElement\":[{\"@type\":\"ListItem\",\"position\":1,\"name\":\"Home\",\"item\":\"https:\\\/\\\/ucpie.org\\\/es\\\/inicio\\\/\"},{\"@type\":\"ListItem\",\"position\":2,\"name\":\"Programa de recursos y referencias\"}]},{\"@type\":\"WebSite\",\"@id\":\"https:\\\/\\\/steelblue-squid-762552.hostingersite.com\\\/#website\",\"url\":\"https:\\\/\\\/steelblue-squid-762552.hostingersite.com\\\/\",\"name\":\"United Cerebral Palsy of the Inland Empire\",\"description\":\"Helping people with disabilities live life without limits\",\"potentialAction\":[{\"@type\":\"SearchAction\",\"target\":{\"@type\":\"EntryPoint\",\"urlTemplate\":\"https:\\\/\\\/steelblue-squid-762552.hostingersite.com\\\/?s={search_term_string}\"},\"query-input\":{\"@type\":\"PropertyValueSpecification\",\"valueRequired\":true,\"valueName\":\"search_term_string\"}}],\"inLanguage\":\"es\"}]}<\/script>\n<!-- \/ Yoast SEO plugin. -->","yoast_head_json":{"title":"Programa de recursos y referencias &#8211; United Cerebral Palsy of the Inland Empire","robots":{"index":"index","follow":"follow","max-snippet":"max-snippet:-1","max-image-preview":"max-image-preview:large","max-video-preview":"max-video-preview:-1"},"canonical":"https:\/\/ucpie.org\/es\/programa-de-recursos-y-referencias\/","og_locale":"es_ES","og_type":"article","og_title":"Programa de recursos y referencias &#8211; United Cerebral Palsy of the Inland Empire","og_url":"https:\/\/ucpie.org\/es\/programa-de-recursos-y-referencias\/","og_site_name":"United Cerebral Palsy of the Inland Empire","article_publisher":"http:\/\/facebook.com\/ucpinlandempire","article_modified_time":"2026-01-06T19:25:31+00:00","twitter_card":"summary_large_image","twitter_site":"@UCPIE","twitter_misc":{"Tiempo de lectura":"10 minutos"},"schema":{"@context":"https:\/\/schema.org","@graph":[{"@type":"WebPage","@id":"https:\/\/ucpie.org\/es\/programa-de-recursos-y-referencias\/","url":"https:\/\/ucpie.org\/es\/programa-de-recursos-y-referencias\/","name":"Programa de recursos y referencias &#8211; United Cerebral Palsy of the Inland Empire","isPartOf":{"@id":"https:\/\/steelblue-squid-762552.hostingersite.com\/#website"},"datePublished":"2013-05-11T02:26:19+00:00","dateModified":"2026-01-06T19:25:31+00:00","breadcrumb":{"@id":"https:\/\/ucpie.org\/es\/programa-de-recursos-y-referencias\/#breadcrumb"},"inLanguage":"es","potentialAction":[{"@type":"ReadAction","target":["https:\/\/ucpie.org\/es\/programa-de-recursos-y-referencias\/"]}]},{"@type":"BreadcrumbList","@id":"https:\/\/ucpie.org\/es\/programa-de-recursos-y-referencias\/#breadcrumb","itemListElement":[{"@type":"ListItem","position":1,"name":"Home","item":"https:\/\/ucpie.org\/es\/inicio\/"},{"@type":"ListItem","position":2,"name":"Programa de recursos y referencias"}]},{"@type":"WebSite","@id":"https:\/\/steelblue-squid-762552.hostingersite.com\/#website","url":"https:\/\/steelblue-squid-762552.hostingersite.com\/","name":"United Cerebral Palsy of the Inland Empire","description":"Helping people with disabilities live life without limits","potentialAction":[{"@type":"SearchAction","target":{"@type":"EntryPoint","urlTemplate":"https:\/\/steelblue-squid-762552.hostingersite.com\/?s={search_term_string}"},"query-input":{"@type":"PropertyValueSpecification","valueRequired":true,"valueName":"search_term_string"}}],"inLanguage":"es"}]}},"_links":{"self":[{"href":"https:\/\/ucpie.org\/es\/wp-json\/wp\/v2\/pages\/3118","targetHints":{"allow":["GET"]}}],"collection":[{"href":"https:\/\/ucpie.org\/es\/wp-json\/wp\/v2\/pages"}],"about":[{"href":"https:\/\/ucpie.org\/es\/wp-json\/wp\/v2\/types\/page"}],"author":[{"embeddable":true,"href":"https:\/\/ucpie.org\/es\/wp-json\/wp\/v2\/users\/7"}],"replies":[{"embeddable":true,"href":"https:\/\/ucpie.org\/es\/wp-json\/wp\/v2\/comments?post=3118"}],"version-history":[{"count":25,"href":"https:\/\/ucpie.org\/es\/wp-json\/wp\/v2\/pages\/3118\/revisions"}],"predecessor-version":[{"id":9787,"href":"https:\/\/ucpie.org\/es\/wp-json\/wp\/v2\/pages\/3118\/revisions\/9787"}],"wp:attachment":[{"href":"https:\/\/ucpie.org\/es\/wp-json\/wp\/v2\/media?parent=3118"}],"curies":[{"name":"wp","href":"https:\/\/api.w.org\/{rel}","templated":true}]}}