{"id":3068,"date":"2019-12-05T15:13:26","date_gmt":"2019-12-05T23:13:26","guid":{"rendered":"https:\/\/ucpie.org\/honrando-a-dennis-james\/"},"modified":"2021-11-09T08:40:56","modified_gmt":"2021-11-09T16:40:56","slug":"honrando-a-dennis-james","status":"publish","type":"page","link":"https:\/\/ucpie.org\/es\/honrando-a-dennis-james\/","title":{"rendered":"Honrando A Dennis James"},"content":{"rendered":"<div class=\"fusion-fullwidth fullwidth-box fusion-builder-row-1 fusion-flex-container nonhundred-percent-fullwidth non-hundred-percent-height-scrolling\" style=\"--awb-border-radius-top-left:0px;--awb-border-radius-top-right:0px;--awb-border-radius-bottom-right:0px;--awb-border-radius-bottom-left:0px;--awb-flex-wrap:wrap;\" ><div class=\"fusion-builder-row fusion-row fusion-flex-align-items-flex-start fusion-flex-content-wrap\" style=\"max-width:2059.2px;margin-left: calc(-4% \/ 2 );margin-right: calc(-4% \/ 2 );\"><div class=\"fusion-layout-column fusion_builder_column fusion-builder-column-0 fusion_builder_column_1_1 1_1 fusion-flex-column\" style=\"--awb-bg-size:cover;--awb-width-large:100%;--awb-margin-top-large:10px;--awb-spacing-right-large:1.92%;--awb-margin-bottom-large:10px;--awb-spacing-left-large:1.92%;--awb-width-medium:100%;--awb-order-medium:0;--awb-spacing-right-medium:1.92%;--awb-spacing-left-medium:1.92%;--awb-width-small:100%;--awb-order-small:0;--awb-spacing-right-small:1.92%;--awb-spacing-left-small:1.92%;\"><div class=\"fusion-column-wrapper fusion-column-has-shadow fusion-flex-justify-content-flex-start fusion-content-layout-column\"><div class=\"fusion-title title fusion-title-1 fusion-sep-none fusion-title-text fusion-title-size-one\" style=\"--awb-margin-top-small:10px;--awb-margin-right-small:0px;--awb-margin-bottom-small:20px;--awb-margin-left-small:0px;\"><h1 class=\"fusion-title-heading title-heading-left fusion-responsive-typography-calculated\" style=\"margin:0;--fontSize:45;line-height:1.15;\">Nuestro fundador Dennis James<\/h1><\/div><div class=\"fusion-text fusion-text-1\" style=\"--awb-text-transform:none;\"><p><img decoding=\"async\" class=\"lazyload alignright wp-image-1403\" src=\"https:\/\/ucpie.org\/wp-content\/uploads\/2013\/05\/dennis31-300x237.jpg\" data-orig-src=\"https:\/\/ucpie.org\/wp-content\/uploads\/2013\/05\/dennis31-300x237.jpg\" width=\"400\" height=\"316\" srcset=\"data:image\/svg+xml,%3Csvg%20xmlns%3D%27http%3A%2F%2Fwww.w3.org%2F2000%2Fsvg%27%20width%3D%27400%27%20height%3D%27316%27%20viewBox%3D%270%200%20400%20316%27%3E%3Crect%20width%3D%27400%27%20height%3D%27316%27%20fill-opacity%3D%220%22%2F%3E%3C%2Fsvg%3E\" data-srcset=\"https:\/\/ucpie.org\/wp-content\/uploads\/2013\/05\/dennis31-300x237.jpg 300w, https:\/\/ucpie.org\/wp-content\/uploads\/2013\/05\/dennis31-768x607.jpg 768w, https:\/\/ucpie.org\/wp-content\/uploads\/2013\/05\/dennis31.jpg 1000w\" data-sizes=\"auto\" data-orig-sizes=\"(max-width: 400px) 100vw, 400px\" \/><\/p>\n<h3><strong>Honrando a Dennis James<br \/>\n<\/strong><strong>24 de agosto de 1917 &#8211; 3 de junio de 1997<\/strong><\/h3>\n<p>El pionero de la televisi\u00f3n Dennis James comenz\u00f3 su carrera en la radio en la ciudad de Nueva York, pasando a la televisi\u00f3n en sus primeros d\u00edas. Actor, locutor, comentarista deportivo, anfitri\u00f3n de una larga serie de exitosos programas de juegos, tambi\u00e9n fue un portavoz comercial de confianza para las principales empresas. Realmente se puede decir que experiment\u00f3 y anim\u00f3 todos los aspectos de la industria del entretenimiento durante sus 59 a\u00f1os en el mundo del espect\u00e1culo.<\/p>\n<p><img decoding=\"async\" class=\"lazyload alignleft wp-image-1405 size-medium\" src=\"https:\/\/ucpie.org\/wp-content\/uploads\/2013\/05\/dennis_james_bw1-227x300.jpg\" data-orig-src=\"https:\/\/ucpie.org\/wp-content\/uploads\/2013\/05\/dennis_james_bw1-227x300.jpg\" alt=\"dennis_james_bw\" width=\"227\" height=\"300\" srcset=\"data:image\/svg+xml,%3Csvg%20xmlns%3D%27http%3A%2F%2Fwww.w3.org%2F2000%2Fsvg%27%20width%3D%27227%27%20height%3D%27300%27%20viewBox%3D%270%200%20227%20300%27%3E%3Crect%20width%3D%27227%27%20height%3D%27300%27%20fill-opacity%3D%220%22%2F%3E%3C%2Fsvg%3E\" data-srcset=\"https:\/\/ucpie.org\/wp-content\/uploads\/2013\/05\/dennis_james_bw1-227x300.jpg 227w, https:\/\/ucpie.org\/wp-content\/uploads\/2013\/05\/dennis_james_bw1.jpg 604w\" data-sizes=\"auto\" data-orig-sizes=\"(max-width: 227px) 100vw, 227px\" \/><\/p>\n<p>De gran importancia para Dennis fue su trabajo caritativo. Durante 47 a\u00f1os, Dennis James fue el anfitri\u00f3n de los teletones UCP que recaudaron m\u00e1s de 700 millones de d\u00f3lares. Dennis James fue honrado por UCP National en 1965 por el entonces presidente Eisenhower, con el premio \u00abHumanitario del a\u00f1o\u00bb, por sus logros de toda la vida. En 1992 su estrella fue colocada en el Paseo de la Fama de Hollywood. En 1996, Dennis tambi\u00e9n recibi\u00f3 una estrella en el Paseo de las estrellas de Palm Springs.<\/p>\n<p>Dennis James compr\u00f3 una casa en Palm Springs, California, en 1980. Luego fue convocado para organizar docenas de eventos de caridad durante todo el a\u00f1o en el \u00e1rea de Palm Springs, incluidos eventos para Childhelp International, The Frank Sinatra Golf Classic y Bob Hope Desert Classic. En 1996, Jan Warner, el Director Ejecutivo de la filial, le pidi\u00f3 a Dennis y Micki James que organizaran lo que se llamar\u00eda el Dennis James Celebrity Golf Classic. Cuando Dennis falleci\u00f3 en 1997, la Sra. James continu\u00f3 la tradici\u00f3n y el evento de 2015 fue el vig\u00e9simo aniversario de Dennis James Celebrity Golf Classic. A lo largo de los a\u00f1os del Golf Classic, se recaudaron cerca de $ 2 millones de d\u00f3lares para apoyar los programas y servicios proporcionados por la Unidad de Par\u00e1lisis Cerebral de Inland Empire (UCPIE).<\/p>\n<p>En 2000, la Unidad de Par\u00e1lisis Cerebral de Inland Empire honr\u00f3 a Dennis al nombrar su instalaci\u00f3n original en Cathedral City como la Unidad de Par\u00e1lisis Cerebral \u201cDennis James Center\u201d. Para 2018, UCPIE hab\u00eda superado estas instalaciones y trasladado sus oficinas administrativas a su ubicaci\u00f3n actual en Rancho Mirage. La familia James contin\u00faa apoyando a UCPIE al participar activamente en eventos y al formar parte de la junta directiva.<\/p>\n<\/div><\/div><\/div><\/div><\/div>\n","protected":false},"excerpt":{"rendered":"","protected":false},"author":7,"featured_media":0,"parent":0,"menu_order":0,"comment_status":"open","ping_status":"open","template":"","meta":{"h5ap_radio_sources":[],"cybocfi_hide_featured_image":"","footnotes":""},"class_list":["post-3068","page","type-page","status-publish","hentry"],"yoast_head":"<!-- This site is optimized with the Yoast SEO plugin v27.3 - https:\/\/yoast.com\/product\/yoast-seo-wordpress\/ -->\n<title>Honrando A Dennis James &#8211; United Cerebral Palsy of the Inland Empire<\/title>\n<meta name=\"robots\" content=\"index, follow, max-snippet:-1, max-image-preview:large, max-video-preview:-1\" \/>\n<link rel=\"canonical\" href=\"https:\/\/ucpie.org\/es\/honrando-a-dennis-james\/\" \/>\n<meta property=\"og:locale\" content=\"es_ES\" \/>\n<meta property=\"og:type\" content=\"article\" \/>\n<meta property=\"og:title\" content=\"Honrando A Dennis James &#8211; United Cerebral Palsy of the Inland Empire\" \/>\n<meta property=\"og:url\" content=\"https:\/\/ucpie.org\/es\/honrando-a-dennis-james\/\" \/>\n<meta property=\"og:site_name\" content=\"United Cerebral Palsy of the Inland Empire\" \/>\n<meta property=\"article:publisher\" content=\"http:\/\/facebook.com\/ucpinlandempire\" \/>\n<meta property=\"article:modified_time\" content=\"2021-11-09T16:40:56+00:00\" \/>\n<meta property=\"og:image\" content=\"https:\/\/ucpie.org\/wp-content\/uploads\/2013\/05\/dennis31-300x237.jpg\" \/>\n<meta name=\"twitter:card\" content=\"summary_large_image\" \/>\n<meta name=\"twitter:site\" content=\"@UCPIE\" \/>\n<meta name=\"twitter:label1\" content=\"Tiempo de lectura\" \/>\n\t<meta name=\"twitter:data1\" content=\"4 minutos\" \/>\n<script type=\"application\/ld+json\" class=\"yoast-schema-graph\">{\"@context\":\"https:\\\/\\\/schema.org\",\"@graph\":[{\"@type\":\"WebPage\",\"@id\":\"https:\\\/\\\/ucpie.org\\\/es\\\/honrando-a-dennis-james\\\/\",\"url\":\"https:\\\/\\\/ucpie.org\\\/es\\\/honrando-a-dennis-james\\\/\",\"name\":\"Honrando A Dennis James &#8211; United Cerebral Palsy of the Inland Empire\",\"isPartOf\":{\"@id\":\"https:\\\/\\\/steelblue-squid-762552.hostingersite.com\\\/#website\"},\"primaryImageOfPage\":{\"@id\":\"https:\\\/\\\/ucpie.org\\\/es\\\/honrando-a-dennis-james\\\/#primaryimage\"},\"image\":{\"@id\":\"https:\\\/\\\/ucpie.org\\\/es\\\/honrando-a-dennis-james\\\/#primaryimage\"},\"thumbnailUrl\":\"https:\\\/\\\/ucpie.org\\\/wp-content\\\/uploads\\\/2013\\\/05\\\/dennis31-300x237.jpg\",\"datePublished\":\"2019-12-05T23:13:26+00:00\",\"dateModified\":\"2021-11-09T16:40:56+00:00\",\"breadcrumb\":{\"@id\":\"https:\\\/\\\/ucpie.org\\\/es\\\/honrando-a-dennis-james\\\/#breadcrumb\"},\"inLanguage\":\"es\",\"potentialAction\":[{\"@type\":\"ReadAction\",\"target\":[\"https:\\\/\\\/ucpie.org\\\/es\\\/honrando-a-dennis-james\\\/\"]}]},{\"@type\":\"ImageObject\",\"inLanguage\":\"es\",\"@id\":\"https:\\\/\\\/ucpie.org\\\/es\\\/honrando-a-dennis-james\\\/#primaryimage\",\"url\":\"https:\\\/\\\/ucpie.org\\\/wp-content\\\/uploads\\\/2013\\\/05\\\/dennis31-300x237.jpg\",\"contentUrl\":\"https:\\\/\\\/ucpie.org\\\/wp-content\\\/uploads\\\/2013\\\/05\\\/dennis31-300x237.jpg\"},{\"@type\":\"BreadcrumbList\",\"@id\":\"https:\\\/\\\/ucpie.org\\\/es\\\/honrando-a-dennis-james\\\/#breadcrumb\",\"itemListElement\":[{\"@type\":\"ListItem\",\"position\":1,\"name\":\"Home\",\"item\":\"https:\\\/\\\/ucpie.org\\\/es\\\/inicio\\\/\"},{\"@type\":\"ListItem\",\"position\":2,\"name\":\"Honrando A Dennis James\"}]},{\"@type\":\"WebSite\",\"@id\":\"https:\\\/\\\/steelblue-squid-762552.hostingersite.com\\\/#website\",\"url\":\"https:\\\/\\\/steelblue-squid-762552.hostingersite.com\\\/\",\"name\":\"United Cerebral Palsy of the Inland Empire\",\"description\":\"Helping people with disabilities live life without limits\",\"potentialAction\":[{\"@type\":\"SearchAction\",\"target\":{\"@type\":\"EntryPoint\",\"urlTemplate\":\"https:\\\/\\\/steelblue-squid-762552.hostingersite.com\\\/?s={search_term_string}\"},\"query-input\":{\"@type\":\"PropertyValueSpecification\",\"valueRequired\":true,\"valueName\":\"search_term_string\"}}],\"inLanguage\":\"es\"}]}<\/script>\n<!-- \/ Yoast SEO plugin. -->","yoast_head_json":{"title":"Honrando A Dennis James &#8211; United Cerebral Palsy of the Inland Empire","robots":{"index":"index","follow":"follow","max-snippet":"max-snippet:-1","max-image-preview":"max-image-preview:large","max-video-preview":"max-video-preview:-1"},"canonical":"https:\/\/ucpie.org\/es\/honrando-a-dennis-james\/","og_locale":"es_ES","og_type":"article","og_title":"Honrando A Dennis James &#8211; United Cerebral Palsy of the Inland Empire","og_url":"https:\/\/ucpie.org\/es\/honrando-a-dennis-james\/","og_site_name":"United Cerebral Palsy of the Inland Empire","article_publisher":"http:\/\/facebook.com\/ucpinlandempire","article_modified_time":"2021-11-09T16:40:56+00:00","og_image":[{"url":"https:\/\/ucpie.org\/wp-content\/uploads\/2013\/05\/dennis31-300x237.jpg","type":"","width":"","height":""}],"twitter_card":"summary_large_image","twitter_site":"@UCPIE","twitter_misc":{"Tiempo de lectura":"4 minutos"},"schema":{"@context":"https:\/\/schema.org","@graph":[{"@type":"WebPage","@id":"https:\/\/ucpie.org\/es\/honrando-a-dennis-james\/","url":"https:\/\/ucpie.org\/es\/honrando-a-dennis-james\/","name":"Honrando A Dennis James &#8211; United Cerebral Palsy of the Inland Empire","isPartOf":{"@id":"https:\/\/steelblue-squid-762552.hostingersite.com\/#website"},"primaryImageOfPage":{"@id":"https:\/\/ucpie.org\/es\/honrando-a-dennis-james\/#primaryimage"},"image":{"@id":"https:\/\/ucpie.org\/es\/honrando-a-dennis-james\/#primaryimage"},"thumbnailUrl":"https:\/\/ucpie.org\/wp-content\/uploads\/2013\/05\/dennis31-300x237.jpg","datePublished":"2019-12-05T23:13:26+00:00","dateModified":"2021-11-09T16:40:56+00:00","breadcrumb":{"@id":"https:\/\/ucpie.org\/es\/honrando-a-dennis-james\/#breadcrumb"},"inLanguage":"es","potentialAction":[{"@type":"ReadAction","target":["https:\/\/ucpie.org\/es\/honrando-a-dennis-james\/"]}]},{"@type":"ImageObject","inLanguage":"es","@id":"https:\/\/ucpie.org\/es\/honrando-a-dennis-james\/#primaryimage","url":"https:\/\/ucpie.org\/wp-content\/uploads\/2013\/05\/dennis31-300x237.jpg","contentUrl":"https:\/\/ucpie.org\/wp-content\/uploads\/2013\/05\/dennis31-300x237.jpg"},{"@type":"BreadcrumbList","@id":"https:\/\/ucpie.org\/es\/honrando-a-dennis-james\/#breadcrumb","itemListElement":[{"@type":"ListItem","position":1,"name":"Home","item":"https:\/\/ucpie.org\/es\/inicio\/"},{"@type":"ListItem","position":2,"name":"Honrando A Dennis James"}]},{"@type":"WebSite","@id":"https:\/\/steelblue-squid-762552.hostingersite.com\/#website","url":"https:\/\/steelblue-squid-762552.hostingersite.com\/","name":"United Cerebral Palsy of the Inland Empire","description":"Helping people with disabilities live life without limits","potentialAction":[{"@type":"SearchAction","target":{"@type":"EntryPoint","urlTemplate":"https:\/\/steelblue-squid-762552.hostingersite.com\/?s={search_term_string}"},"query-input":{"@type":"PropertyValueSpecification","valueRequired":true,"valueName":"search_term_string"}}],"inLanguage":"es"}]}},"_links":{"self":[{"href":"https:\/\/ucpie.org\/es\/wp-json\/wp\/v2\/pages\/3068","targetHints":{"allow":["GET"]}}],"collection":[{"href":"https:\/\/ucpie.org\/es\/wp-json\/wp\/v2\/pages"}],"about":[{"href":"https:\/\/ucpie.org\/es\/wp-json\/wp\/v2\/types\/page"}],"author":[{"embeddable":true,"href":"https:\/\/ucpie.org\/es\/wp-json\/wp\/v2\/users\/7"}],"replies":[{"embeddable":true,"href":"https:\/\/ucpie.org\/es\/wp-json\/wp\/v2\/comments?post=3068"}],"version-history":[{"count":10,"href":"https:\/\/ucpie.org\/es\/wp-json\/wp\/v2\/pages\/3068\/revisions"}],"predecessor-version":[{"id":4631,"href":"https:\/\/ucpie.org\/es\/wp-json\/wp\/v2\/pages\/3068\/revisions\/4631"}],"wp:attachment":[{"href":"https:\/\/ucpie.org\/es\/wp-json\/wp\/v2\/media?parent=3068"}],"curies":[{"name":"wp","href":"https:\/\/api.w.org\/{rel}","templated":true}]}}