{"id":3064,"date":"2019-12-05T14:57:35","date_gmt":"2019-12-05T22:57:35","guid":{"rendered":"https:\/\/ucpie.org\/sobre-nosotros\/"},"modified":"2023-09-28T16:21:13","modified_gmt":"2023-09-28T23:21:13","slug":"sobre-nosotros","status":"publish","type":"page","link":"https:\/\/ucpie.org\/es\/sobre-nosotros\/","title":{"rendered":"Sobre nosotros"},"content":{"rendered":"<p><div class=\"fusion-fullwidth fullwidth-box fusion-builder-row-1 fusion-flex-container nonhundred-percent-fullwidth non-hundred-percent-height-scrolling\" style=\"--awb-border-radius-top-left:0px;--awb-border-radius-top-right:0px;--awb-border-radius-bottom-right:0px;--awb-border-radius-bottom-left:0px;--awb-flex-wrap:wrap;\" ><div class=\"fusion-builder-row fusion-row fusion-flex-align-items-flex-start fusion-flex-content-wrap\" style=\"max-width:2059.2px;margin-left: calc(-4% \/ 2 );margin-right: calc(-4% \/ 2 );\"><div class=\"fusion-layout-column fusion_builder_column fusion-builder-column-0 fusion_builder_column_1_1 1_1 fusion-flex-column\" style=\"--awb-bg-size:cover;--awb-width-large:100%;--awb-margin-top-large:10px;--awb-spacing-right-large:1.92%;--awb-margin-bottom-large:10px;--awb-spacing-left-large:1.92%;--awb-width-medium:100%;--awb-order-medium:0;--awb-spacing-right-medium:1.92%;--awb-spacing-left-medium:1.92%;--awb-width-small:100%;--awb-order-small:0;--awb-spacing-right-small:1.92%;--awb-spacing-left-small:1.92%;\"><div class=\"fusion-column-wrapper fusion-column-has-shadow fusion-flex-justify-content-flex-start fusion-content-layout-column\"><div class=\"fusion-title title fusion-title-1 fusion-sep-none fusion-title-text fusion-title-size-one\" style=\"--awb-margin-top-small:10px;--awb-margin-right-small:0px;--awb-margin-bottom-small:20px;--awb-margin-left-small:0px;\"><h1 class=\"fusion-title-heading title-heading-left fusion-responsive-typography-calculated\" style=\"margin:0;--fontSize:45;line-height:1.15;\">\u00a1Bienvenido!<\/h1><\/div><div class=\"fusion-text fusion-text-1\" style=\"--awb-text-transform:none;\"><p><img decoding=\"async\" class=\"lazyload alignright size-full wp-image-4088\" src=\"https:\/\/ucpie.org\/wp-content\/uploads\/2021\/09\/about-ucpie.png\" data-orig-src=\"https:\/\/ucpie.org\/wp-content\/uploads\/2021\/09\/about-ucpie.png\" alt=\"\" width=\"378\" height=\"504\" srcset=\"data:image\/svg+xml,%3Csvg%20xmlns%3D%27http%3A%2F%2Fwww.w3.org%2F2000%2Fsvg%27%20width%3D%27378%27%20height%3D%27504%27%20viewBox%3D%270%200%20378%20504%27%3E%3Crect%20width%3D%27378%27%20height%3D%27504%27%20fill-opacity%3D%220%22%2F%3E%3C%2Fsvg%3E\" data-srcset=\"https:\/\/ucpie.org\/wp-content\/uploads\/2021\/09\/about-ucpie-200x267.png 200w, https:\/\/ucpie.org\/wp-content\/uploads\/2021\/09\/about-ucpie-225x300.png 225w, https:\/\/ucpie.org\/wp-content\/uploads\/2021\/09\/about-ucpie.png 378w\" data-sizes=\"auto\" data-orig-sizes=\"(max-width: 378px) 100vw, 378px\" \/>La Unidad de Par\u00e1lisis Cerebral de Inland Empire (UCPIE) es una organizaci\u00f3n fundada en 1985 y est\u00e1 afiliada a m\u00e1s de 60 organizaciones nacionales de United Cerebral Palsy que brindan servicios a personas con discapacidades del desarrollo m\u00e1s all\u00e1 de la par\u00e1lisis cerebral. UCPIE ofrece programas y servicios en Inland Empire en los condados de Riverside y San Bernardino <span style=\"font-size: 1.03em; font-weight: 500;\">con la misi\u00f3n de promover la independencia, la productividad y la ciudadan\u00eda plena de las personas con discapacidad.<\/span> Los servicios provistos son para personas diagnosticadas con par\u00e1lisis cerebral, autismo, s\u00edndrome de Down, epilepsia, retraso intelectual y otras discapacidades.<\/p>\n<h2>\u00bfC\u00f3mo llevamos a cabo nuestra misi\u00f3n?<\/h2>\n<ul style=\"padding: 0 20px 20px 20px;\">\n<li style=\"margin-bottom: 20px;\">La Unidad de Par\u00e1lisis Cerebral de Inland Empire (UCPIE) cree primero en la comunidad. Esto significa que no tiene la intenci\u00f3n y no puede proporcionar todos los servicios requeridos por una persona con una amplia gama de necesidades. En cambio, UCPIE cree que al crear socios comunitarios y crear oportunidades de inclusi\u00f3n, crear\u00e1 un entorno que facilite la independencia y el empoderamiento de las personas a las que sirve; es por eso que sus servicios est\u00e1n basados en la comunidad. Los servicios proporcionados son cuidado de relevo en el hogar, programas de desarrollo de habilidades despu\u00e9s del horario escolar y de verano, deportes adaptativos: libertad del equipo y servicios de recursos y referencias con cita previa, por tel\u00e9fono y en las redes sociales.<\/li>\n<li style=\"margin-bottom: 20px;\">La junta directiva y el liderazgo de UCPIE sirven a su personal al proporcionar una cultura donde su trabajo se nutre y valora. Nuestro personal calificado y atento se apoya en su objetivo de proporcionar atenci\u00f3n directa de alta calidad.<\/li>\n<li style=\"margin-bottom: 20px;\">La junta directiva le da la bienvenida a la familia UCPIE. Explore nuestro sitio web y obtenga m\u00e1s informaci\u00f3n sobre nosotros.<\/li>\n<\/ul>\n<\/div><div class=\"fusion-separator\" style=\"align-self: center;margin-left: auto;margin-right: auto;margin-bottom:10px;width:100%;max-width:90%;\"><div class=\"fusion-separator-border sep-double\" style=\"--awb-height:20px;--awb-amount:20px;border-color:#f09a3e;border-top-width:1px;border-bottom-width:1px;\"><\/div><\/div><\/div><\/div><\/div><\/div><div class=\"fusion-fullwidth fullwidth-box fusion-builder-row-2 fusion-flex-container has-pattern-background has-mask-background nonhundred-percent-fullwidth non-hundred-percent-height-scrolling\" style=\"--awb-border-radius-top-left:0px;--awb-border-radius-top-right:0px;--awb-border-radius-bottom-right:0px;--awb-border-radius-bottom-left:0px;--awb-flex-wrap:wrap;\" ><div class=\"fusion-builder-row fusion-row fusion-flex-align-items-flex-start fusion-flex-content-wrap\" style=\"max-width:2059.2px;margin-left: calc(-4% \/ 2 );margin-right: calc(-4% \/ 2 );\"><div class=\"fusion-layout-column fusion_builder_column fusion-builder-column-1 fusion_builder_column_1_1 1_1 fusion-flex-column\" style=\"--awb-bg-size:cover;--awb-width-large:100%;--awb-margin-top-large:10px;--awb-spacing-right-large:1.92%;--awb-margin-bottom-large:10px;--awb-spacing-left-large:1.92%;--awb-width-medium:100%;--awb-order-medium:0;--awb-spacing-right-medium:1.92%;--awb-spacing-left-medium:1.92%;--awb-width-small:100%;--awb-order-small:0;--awb-spacing-right-small:1.92%;--awb-spacing-left-small:1.92%;\"><div class=\"fusion-column-wrapper fusion-column-has-shadow fusion-flex-justify-content-flex-start fusion-content-layout-column\"><div class=\"fusion-title title fusion-title-2 fusion-sep-none fusion-title-text fusion-title-size-one\" style=\"--awb-margin-top-small:10px;--awb-margin-right-small:0px;--awb-margin-bottom-small:20px;--awb-margin-left-small:0px;\"><h1 class=\"fusion-title-heading title-heading-left fusion-responsive-typography-calculated\" style=\"margin:0;--fontSize:45;line-height:1.15;\"><p style=\"text-align: center;\">UCPIE atiende a sus clientes en las siguientes ciudades<\/p><\/h1><\/div><\/div><\/div><div class=\"fusion-layout-column fusion_builder_column fusion-builder-column-2 fusion_builder_column_1_2 1_2 fusion-flex-column\" style=\"--awb-bg-size:cover;--awb-width-large:50%;--awb-margin-top-large:10px;--awb-spacing-right-large:3.84%;--awb-margin-bottom-large:10px;--awb-spacing-left-large:3.84%;--awb-width-medium:100%;--awb-order-medium:0;--awb-spacing-right-medium:1.92%;--awb-spacing-left-medium:1.92%;--awb-width-small:100%;--awb-order-small:0;--awb-spacing-right-small:1.92%;--awb-spacing-left-small:1.92%;\"><div class=\"fusion-column-wrapper fusion-column-has-shadow fusion-flex-justify-content-flex-start fusion-content-layout-column\"><div class=\"fusion-text fusion-text-2\"><h2 style=\"text-align: center;\">Condado de Riverside<\/h2>\n<\/div><div class=\"fusion-builder-row fusion-builder-row-inner fusion-row fusion-flex-align-items-flex-start fusion-flex-content-wrap\" style=\"--awb-flex-grow:0;--awb-flex-grow-medium:0;--awb-flex-grow-small:0;--awb-flex-shrink:0;--awb-flex-shrink-medium:0;--awb-flex-shrink-small:0;width:104% !important;max-width:104% !important;margin-left: calc(-4% \/ 2 );margin-right: calc(-4% \/ 2 );\"><div class=\"fusion-layout-column fusion_builder_column_inner fusion-builder-nested-column-0 fusion_builder_column_inner_1_2 1_2 fusion-flex-column\" style=\"--awb-bg-size:cover;--awb-width-large:50%;--awb-margin-top-large:10px;--awb-spacing-right-large:3.84%;--awb-margin-bottom-large:10px;--awb-spacing-left-large:3.84%;--awb-width-medium:100%;--awb-order-medium:0;--awb-spacing-right-medium:1.92%;--awb-spacing-left-medium:1.92%;--awb-width-small:100%;--awb-order-small:0;--awb-spacing-right-small:1.92%;--awb-spacing-left-small:1.92%;\"><div class=\"fusion-column-wrapper fusion-column-has-shadow fusion-flex-justify-content-flex-start fusion-content-layout-column\"><div class=\"fusion-text fusion-text-3\"><ul>\n<li style=\"font-weight: 400;\">Aguanga<\/li>\n<li style=\"font-weight: 400;\">Anza<\/li>\n<li style=\"font-weight: 400;\">Prohibici\u00f3n<\/li>\n<li style=\"font-weight: 400;\">Beaumont<\/li>\n<li style=\"font-weight: 400;\">Blythe<\/li>\n<li style=\"font-weight: 400;\">Cabazon<\/li>\n<li style=\"font-weight: 400;\">Calimesa<\/li>\n<li style=\"font-weight: 400;\">Ciudad de la Catedral<\/li>\n<li style=\"font-weight: 400;\">Coachella<\/li>\n<li style=\"font-weight: 400;\">Corona<\/li>\n<li style=\"font-weight: 400;\">Centro del Desierto<\/li>\n<li style=\"font-weight: 400;\">Desert Hot Springs<\/li>\n<li style=\"font-weight: 400;\">\u00c9l conoci\u00f3<\/li>\n<li style=\"font-weight: 400;\">Patria<\/li>\n<li style=\"font-weight: 400;\">Idyllwild<\/li>\n<li style=\"font-weight: 400;\">Indian Wells<\/li>\n<li style=\"font-weight: 400;\">Indio<\/li>\n<li style=\"font-weight: 400;\">la quinta<\/li>\n<li style=\"font-weight: 400;\">Lago Elsinore<\/li>\n<li style=\"font-weight: 400;\">la meca<\/li>\n<li style=\"font-weight: 400;\">Menifee<\/li>\n<\/ul>\n<\/div><\/div><\/div><div class=\"fusion-layout-column fusion_builder_column_inner fusion-builder-nested-column-1 fusion_builder_column_inner_1_2 1_2 fusion-flex-column\" style=\"--awb-bg-size:cover;--awb-width-large:50%;--awb-margin-top-large:10px;--awb-spacing-right-large:3.84%;--awb-margin-bottom-large:10px;--awb-spacing-left-large:3.84%;--awb-width-medium:100%;--awb-order-medium:0;--awb-spacing-right-medium:1.92%;--awb-spacing-left-medium:1.92%;--awb-width-small:100%;--awb-order-small:0;--awb-spacing-right-small:1.92%;--awb-spacing-left-small:1.92%;\"><div class=\"fusion-column-wrapper fusion-column-has-shadow fusion-flex-justify-content-flex-start fusion-content-layout-column\"><div class=\"fusion-text fusion-text-4\"><ul>\n<li>Mira Loma<\/li>\n<li style=\"font-weight: 400;\">Moreno Valley<\/li>\n<li style=\"font-weight: 400;\">Centro de monta\u00f1a<\/li>\n<li style=\"font-weight: 400;\">Murrieta<\/li>\n<li style=\"font-weight: 400;\">Norco<\/li>\n<li style=\"font-weight: 400;\">Palm Springs Norte<\/li>\n<li style=\"font-weight: 400;\">Nuevo<\/li>\n<li style=\"font-weight: 400;\">Palm Desert<\/li>\n<li style=\"font-weight: 400;\">Palm Springs<\/li>\n<li style=\"font-weight: 400;\">Perris<\/li>\n<li style=\"font-weight: 400;\">Valle de la Codorniz<\/li>\n<li style=\"font-weight: 400;\">Rancho Mirage<\/li>\n<li style=\"font-weight: 400;\">Riverside<\/li>\n<li style=\"font-weight: 400;\">San Jacinto<\/li>\n<li style=\"font-weight: 400;\">Ciudad del Sol<\/li>\n<li style=\"font-weight: 400;\">Temecula<\/li>\n<li style=\"font-weight: 400;\">T\u00e9rmico<\/li>\n<li style=\"font-weight: 400;\">Mil palmas<\/li>\n<li style=\"font-weight: 400;\">Aguas bravas<\/li>\n<li style=\"font-weight: 400;\">Wildomar<\/li>\n<li style=\"font-weight: 400;\">Winchester<\/li>\n<\/ul>\n<\/div><\/div><\/div><\/div><\/div><\/div><div class=\"fusion-layout-column fusion_builder_column fusion-builder-column-3 fusion_builder_column_1_2 1_2 fusion-flex-column\" style=\"--awb-bg-size:cover;--awb-width-large:50%;--awb-margin-top-large:10px;--awb-spacing-right-large:3.84%;--awb-margin-bottom-large:10px;--awb-spacing-left-large:3.84%;--awb-width-medium:100%;--awb-order-medium:0;--awb-spacing-right-medium:1.92%;--awb-spacing-left-medium:1.92%;--awb-width-small:100%;--awb-order-small:0;--awb-spacing-right-small:1.92%;--awb-spacing-left-small:1.92%;\"><div class=\"fusion-column-wrapper fusion-column-has-shadow fusion-flex-justify-content-flex-start fusion-content-layout-column\"><div class=\"fusion-text fusion-text-5\"><h2 style=\"text-align: center;\">Condado de San Bernardino<\/h2>\n<\/div><div class=\"fusion-builder-row fusion-builder-row-inner fusion-row fusion-flex-align-items-flex-start fusion-flex-content-wrap\" style=\"--awb-flex-grow:0;--awb-flex-grow-medium:0;--awb-flex-grow-small:0;--awb-flex-shrink:0;--awb-flex-shrink-medium:0;--awb-flex-shrink-small:0;width:104% !important;max-width:104% !important;margin-left: calc(-4% \/ 2 );margin-right: calc(-4% \/ 2 );\"><div class=\"fusion-layout-column fusion_builder_column_inner fusion-builder-nested-column-2 fusion_builder_column_inner_1_2 1_2 fusion-flex-column\" style=\"--awb-bg-size:cover;--awb-width-large:50%;--awb-margin-top-large:10px;--awb-spacing-right-large:3.84%;--awb-margin-bottom-large:10px;--awb-spacing-left-large:3.84%;--awb-width-medium:100%;--awb-order-medium:0;--awb-spacing-right-medium:1.92%;--awb-spacing-left-medium:1.92%;--awb-width-small:100%;--awb-order-small:0;--awb-spacing-right-small:1.92%;--awb-spacing-left-small:1.92%;\"><div class=\"fusion-column-wrapper fusion-column-has-shadow fusion-flex-justify-content-flex-start fusion-content-layout-column\"><div class=\"fusion-text fusion-text-6\"><ul>\n<li style=\"font-weight: 400;\">Adelanto<\/li>\n<li style=\"font-weight: 400;\">Amboy<\/li>\n<li style=\"font-weight: 400;\">Angelus Oaks<\/li>\n<li style=\"font-weight: 400;\">Apple Valley<\/li>\n<li style=\"font-weight: 400;\">Panadero<\/li>\n<li style=\"font-weight: 400;\">Barstow<\/li>\n<li style=\"font-weight: 400;\">Ciudad de Big Bear<\/li>\n<li style=\"font-weight: 400;\">Lago Big Bear<\/li>\n<li style=\"font-weight: 400;\">Bloomington<\/li>\n<li style=\"font-weight: 400;\">Arrendajo azul<\/li>\n<li style=\"font-weight: 400;\">Bryn Mawr<\/li>\n<li style=\"font-weight: 400;\">Ca\u00f1ada del Cedro<\/li>\n<li style=\"font-weight: 400;\">Parque de Cedarpines<\/li>\n<li style=\"font-weight: 400;\">chino<\/li>\n<li style=\"font-weight: 400;\">Chino Hills<\/li>\n<li style=\"font-weight: 400;\">Cima<\/li>\n<li style=\"font-weight: 400;\">Colton<\/li>\n<li style=\"font-weight: 400;\">Crestline<\/li>\n<li style=\"font-weight: 400;\">Daggett<\/li>\n<li style=\"font-weight: 400;\">Earp<\/li>\n<li style=\"font-weight: 400;\">Essex<\/li>\n<li style=\"font-weight: 400;\">Fawnskin<\/li>\n<li style=\"font-weight: 400;\">Fontana<\/li>\n<li style=\"font-weight: 400;\">Cascadas Forestales<\/li>\n<li style=\"font-weight: 400;\">Fuerte Irwin<\/li>\n<li style=\"font-weight: 400;\">Gran terraza<\/li>\n<li style=\"font-weight: 400;\">Lago Green Valley<\/li>\n<li style=\"font-weight: 400;\">Guasti<\/li>\n<li style=\"font-weight: 400;\">Helendale<\/li>\n<li style=\"font-weight: 400;\">Hesperia<\/li>\n<li style=\"font-weight: 400;\">Tierras altas<\/li>\n<li style=\"font-weight: 400;\">Hinkley<\/li>\n<li style=\"font-weight: 400;\">\u00c1rbol de Joshua<\/li>\n<li style=\"font-weight: 400;\">Lago Arrowhead<\/li>\n<li style=\"font-weight: 400;\">Landers<\/li>\n<li>Loma Linda<\/li>\n<\/ul>\n<\/div><\/div><\/div><div class=\"fusion-layout-column fusion_builder_column_inner fusion-builder-nested-column-3 fusion_builder_column_inner_1_2 1_2 fusion-flex-column\" style=\"--awb-bg-size:cover;--awb-width-large:50%;--awb-margin-top-large:10px;--awb-spacing-right-large:3.84%;--awb-margin-bottom-large:10px;--awb-spacing-left-large:3.84%;--awb-width-medium:100%;--awb-order-medium:0;--awb-spacing-right-medium:1.92%;--awb-spacing-left-medium:1.92%;--awb-width-small:100%;--awb-order-small:0;--awb-spacing-right-small:1.92%;--awb-spacing-left-small:1.92%;\"><div class=\"fusion-column-wrapper fusion-column-has-shadow fusion-flex-justify-content-flex-start fusion-content-layout-column\"><div class=\"fusion-text fusion-text-7\"><ul>\n<li style=\"font-weight: 400;\">Valle de Lucerna<\/li>\n<li style=\"font-weight: 400;\">Ludlow<\/li>\n<li style=\"font-weight: 400;\">Arroyo Lytle<\/li>\n<li style=\"font-weight: 400;\">Mentone<\/li>\n<li style=\"font-weight: 400;\">Montclair<\/li>\n<li style=\"font-weight: 400;\">Valle de Morongo<\/li>\n<li style=\"font-weight: 400;\">Puerto de monta\u00f1a<\/li>\n<li style=\"font-weight: 400;\">Monte Baldy<\/li>\n<li style=\"font-weight: 400;\">Agujas<\/li>\n<li style=\"font-weight: 400;\">Newberry Springs<\/li>\n<li style=\"font-weight: 400;\">Nipton<\/li>\n<li style=\"font-weight: 400;\">Ontario<\/li>\n<li style=\"font-weight: 400;\">Oro Grande<\/li>\n<li style=\"font-weight: 400;\">Presa Parker<\/li>\n<li style=\"font-weight: 400;\">Phelan<\/li>\n<li style=\"font-weight: 400;\">Pinon Hills<\/li>\n<li style=\"font-weight: 400;\">Pioneertown<\/li>\n<li style=\"font-weight: 400;\">Rancho Cucamonga<\/li>\n<li style=\"font-weight: 400;\">Redlands<\/li>\n<li style=\"font-weight: 400;\">Rialto<\/li>\n<li style=\"font-weight: 400;\">Rimforest<\/li>\n<li style=\"font-weight: 400;\">Manantiales<\/li>\n<li style=\"font-weight: 400;\">San Bernardino<\/li>\n<li style=\"font-weight: 400;\">Skyforest<\/li>\n<li style=\"font-weight: 400;\">Pan de Az\u00facar<\/li>\n<li style=\"font-weight: 400;\">Trona<\/li>\n<li style=\"font-weight: 400;\">Palmeras Veintinueve<\/li>\n<li style=\"font-weight: 400;\">Twin Peaks<\/li>\n<li style=\"font-weight: 400;\">Upland<\/li>\n<li style=\"font-weight: 400;\">Victorville<\/li>\n<li style=\"font-weight: 400;\">Vidal<\/li>\n<li style=\"font-weight: 400;\">Wrightwood<\/li>\n<li style=\"font-weight: 400;\">Yermo<\/li>\n<li style=\"font-weight: 400;\">Yucaipa<\/li>\n<li style=\"font-weight: 400;\">Yucca Valley<\/li>\n<\/ul>\n<\/div><\/div><\/div><\/div><\/div><\/div><\/div><\/div><div class=\"fusion-fullwidth fullwidth-box fusion-builder-row-3 fusion-flex-container has-pattern-background has-mask-background nonhundred-percent-fullwidth non-hundred-percent-height-scrolling\" style=\"--awb-border-radius-top-left:0px;--awb-border-radius-top-right:0px;--awb-border-radius-bottom-right:0px;--awb-border-radius-bottom-left:0px;--awb-flex-wrap:wrap;\" ><div class=\"fusion-builder-row fusion-row fusion-flex-align-items-flex-start fusion-flex-content-wrap\" style=\"max-width:2059.2px;margin-left: calc(-4% \/ 2 );margin-right: calc(-4% \/ 2 );\"><div class=\"fusion-layout-column fusion_builder_column fusion-builder-column-4 fusion_builder_column_1_1 1_1 fusion-flex-column\" style=\"--awb-bg-size:cover;--awb-width-large:100%;--awb-margin-top-large:10px;--awb-spacing-right-large:1.92%;--awb-margin-bottom-large:10px;--awb-spacing-left-large:1.92%;--awb-width-medium:100%;--awb-order-medium:0;--awb-spacing-right-medium:1.92%;--awb-spacing-left-medium:1.92%;--awb-width-small:100%;--awb-order-small:0;--awb-spacing-right-small:1.92%;--awb-spacing-left-small:1.92%;\"><div class=\"fusion-column-wrapper fusion-column-has-shadow fusion-flex-justify-content-flex-start fusion-content-layout-column\"><div class=\"fusion-text fusion-text-8\" style=\"--awb-text-transform:none;\"><div class=\"epyt-video-wrapper\"><iframe  id=\"_ytid_33590\"  width=\"800\" height=\"450\"  data-origwidth=\"800\" data-origheight=\"450\" src=\"https:\/\/www.youtube.com\/embed\/_5nZFvSmmjU?enablejsapi=1&autoplay=0&cc_load_policy=0&cc_lang_pref=&iv_load_policy=1&loop=0&rel=0&fs=1&playsinline=0&autohide=2&theme=dark&color=red&controls=1&disablekb=0&\" class=\"__youtube_prefs__  no-lazyload\" title=\"YouTube player\"  allow=\"fullscreen; accelerometer; autoplay; clipboard-write; encrypted-media; gyroscope; picture-in-picture; web-share\" referrerpolicy=\"strict-origin-when-cross-origin\" allowfullscreen data-no-lazy=\"1\" data-skipgform_ajax_framebjll=\"\"><\/iframe><\/div>\n<\/div><\/div><\/div><\/div><\/div><\/p>\n","protected":false},"excerpt":{"rendered":"","protected":false},"author":7,"featured_media":0,"parent":0,"menu_order":0,"comment_status":"open","ping_status":"open","template":"","meta":{"h5ap_radio_sources":[],"cybocfi_hide_featured_image":"","footnotes":""},"class_list":["post-3064","page","type-page","status-publish","hentry"],"yoast_head":"<!-- This site is optimized with the Yoast SEO plugin v27.5 - https:\/\/yoast.com\/product\/yoast-seo-wordpress\/ -->\n<title>Sobre nosotros &#8211; United Cerebral Palsy of the Inland Empire<\/title>\n<meta name=\"robots\" content=\"index, follow, max-snippet:-1, max-image-preview:large, max-video-preview:-1\" \/>\n<link rel=\"canonical\" href=\"https:\/\/ucpie.org\/es\/sobre-nosotros\/\" \/>\n<meta property=\"og:locale\" content=\"es_ES\" \/>\n<meta property=\"og:type\" content=\"article\" \/>\n<meta property=\"og:title\" content=\"Sobre nosotros &#8211; United Cerebral Palsy of the Inland Empire\" \/>\n<meta property=\"og:url\" content=\"https:\/\/ucpie.org\/es\/sobre-nosotros\/\" \/>\n<meta property=\"og:site_name\" content=\"United Cerebral Palsy of the Inland Empire\" \/>\n<meta property=\"article:publisher\" content=\"http:\/\/facebook.com\/ucpinlandempire\" \/>\n<meta property=\"article:modified_time\" content=\"2023-09-28T23:21:13+00:00\" \/>\n<meta property=\"og:image\" content=\"https:\/\/ucpie.org\/wp-content\/uploads\/2021\/09\/about-ucpie.png\" \/>\n<meta name=\"twitter:card\" content=\"summary_large_image\" \/>\n<meta name=\"twitter:site\" content=\"@UCPIE\" \/>\n<meta name=\"twitter:label1\" content=\"Tiempo de lectura\" \/>\n\t<meta name=\"twitter:data1\" content=\"32 minutos\" \/>\n<script type=\"application\/ld+json\" class=\"yoast-schema-graph\">{\"@context\":\"https:\\\/\\\/schema.org\",\"@graph\":[{\"@type\":\"WebPage\",\"@id\":\"https:\\\/\\\/ucpie.org\\\/es\\\/sobre-nosotros\\\/\",\"url\":\"https:\\\/\\\/ucpie.org\\\/es\\\/sobre-nosotros\\\/\",\"name\":\"Sobre nosotros &#8211; United Cerebral Palsy of the Inland Empire\",\"isPartOf\":{\"@id\":\"https:\\\/\\\/steelblue-squid-762552.hostingersite.com\\\/#website\"},\"primaryImageOfPage\":{\"@id\":\"https:\\\/\\\/ucpie.org\\\/es\\\/sobre-nosotros\\\/#primaryimage\"},\"image\":{\"@id\":\"https:\\\/\\\/ucpie.org\\\/es\\\/sobre-nosotros\\\/#primaryimage\"},\"thumbnailUrl\":\"https:\\\/\\\/ucpie.org\\\/wp-content\\\/uploads\\\/2021\\\/09\\\/about-ucpie.png\",\"datePublished\":\"2019-12-05T22:57:35+00:00\",\"dateModified\":\"2023-09-28T23:21:13+00:00\",\"breadcrumb\":{\"@id\":\"https:\\\/\\\/ucpie.org\\\/es\\\/sobre-nosotros\\\/#breadcrumb\"},\"inLanguage\":\"es\",\"potentialAction\":[{\"@type\":\"ReadAction\",\"target\":[\"https:\\\/\\\/ucpie.org\\\/es\\\/sobre-nosotros\\\/\"]}]},{\"@type\":\"ImageObject\",\"inLanguage\":\"es\",\"@id\":\"https:\\\/\\\/ucpie.org\\\/es\\\/sobre-nosotros\\\/#primaryimage\",\"url\":\"https:\\\/\\\/ucpie.org\\\/wp-content\\\/uploads\\\/2021\\\/09\\\/about-ucpie.png\",\"contentUrl\":\"https:\\\/\\\/ucpie.org\\\/wp-content\\\/uploads\\\/2021\\\/09\\\/about-ucpie.png\"},{\"@type\":\"BreadcrumbList\",\"@id\":\"https:\\\/\\\/ucpie.org\\\/es\\\/sobre-nosotros\\\/#breadcrumb\",\"itemListElement\":[{\"@type\":\"ListItem\",\"position\":1,\"name\":\"Home\",\"item\":\"https:\\\/\\\/ucpie.org\\\/es\\\/inicio\\\/\"},{\"@type\":\"ListItem\",\"position\":2,\"name\":\"Sobre nosotros\"}]},{\"@type\":\"WebSite\",\"@id\":\"https:\\\/\\\/steelblue-squid-762552.hostingersite.com\\\/#website\",\"url\":\"https:\\\/\\\/steelblue-squid-762552.hostingersite.com\\\/\",\"name\":\"United Cerebral Palsy of the Inland Empire\",\"description\":\"Helping people with disabilities live life without limits\",\"potentialAction\":[{\"@type\":\"SearchAction\",\"target\":{\"@type\":\"EntryPoint\",\"urlTemplate\":\"https:\\\/\\\/steelblue-squid-762552.hostingersite.com\\\/?s={search_term_string}\"},\"query-input\":{\"@type\":\"PropertyValueSpecification\",\"valueRequired\":true,\"valueName\":\"search_term_string\"}}],\"inLanguage\":\"es\"}]}<\/script>\n<!-- \/ Yoast SEO plugin. -->","yoast_head_json":{"title":"Sobre nosotros &#8211; United Cerebral Palsy of the Inland Empire","robots":{"index":"index","follow":"follow","max-snippet":"max-snippet:-1","max-image-preview":"max-image-preview:large","max-video-preview":"max-video-preview:-1"},"canonical":"https:\/\/ucpie.org\/es\/sobre-nosotros\/","og_locale":"es_ES","og_type":"article","og_title":"Sobre nosotros &#8211; United Cerebral Palsy of the Inland Empire","og_url":"https:\/\/ucpie.org\/es\/sobre-nosotros\/","og_site_name":"United Cerebral Palsy of the Inland Empire","article_publisher":"http:\/\/facebook.com\/ucpinlandempire","article_modified_time":"2023-09-28T23:21:13+00:00","og_image":[{"url":"https:\/\/ucpie.org\/wp-content\/uploads\/2021\/09\/about-ucpie.png","type":"","width":"","height":""}],"twitter_card":"summary_large_image","twitter_site":"@UCPIE","twitter_misc":{"Tiempo de lectura":"32 minutos"},"schema":{"@context":"https:\/\/schema.org","@graph":[{"@type":"WebPage","@id":"https:\/\/ucpie.org\/es\/sobre-nosotros\/","url":"https:\/\/ucpie.org\/es\/sobre-nosotros\/","name":"Sobre nosotros &#8211; United Cerebral Palsy of the Inland Empire","isPartOf":{"@id":"https:\/\/steelblue-squid-762552.hostingersite.com\/#website"},"primaryImageOfPage":{"@id":"https:\/\/ucpie.org\/es\/sobre-nosotros\/#primaryimage"},"image":{"@id":"https:\/\/ucpie.org\/es\/sobre-nosotros\/#primaryimage"},"thumbnailUrl":"https:\/\/ucpie.org\/wp-content\/uploads\/2021\/09\/about-ucpie.png","datePublished":"2019-12-05T22:57:35+00:00","dateModified":"2023-09-28T23:21:13+00:00","breadcrumb":{"@id":"https:\/\/ucpie.org\/es\/sobre-nosotros\/#breadcrumb"},"inLanguage":"es","potentialAction":[{"@type":"ReadAction","target":["https:\/\/ucpie.org\/es\/sobre-nosotros\/"]}]},{"@type":"ImageObject","inLanguage":"es","@id":"https:\/\/ucpie.org\/es\/sobre-nosotros\/#primaryimage","url":"https:\/\/ucpie.org\/wp-content\/uploads\/2021\/09\/about-ucpie.png","contentUrl":"https:\/\/ucpie.org\/wp-content\/uploads\/2021\/09\/about-ucpie.png"},{"@type":"BreadcrumbList","@id":"https:\/\/ucpie.org\/es\/sobre-nosotros\/#breadcrumb","itemListElement":[{"@type":"ListItem","position":1,"name":"Home","item":"https:\/\/ucpie.org\/es\/inicio\/"},{"@type":"ListItem","position":2,"name":"Sobre nosotros"}]},{"@type":"WebSite","@id":"https:\/\/steelblue-squid-762552.hostingersite.com\/#website","url":"https:\/\/steelblue-squid-762552.hostingersite.com\/","name":"United Cerebral Palsy of the Inland Empire","description":"Helping people with disabilities live life without limits","potentialAction":[{"@type":"SearchAction","target":{"@type":"EntryPoint","urlTemplate":"https:\/\/steelblue-squid-762552.hostingersite.com\/?s={search_term_string}"},"query-input":{"@type":"PropertyValueSpecification","valueRequired":true,"valueName":"search_term_string"}}],"inLanguage":"es"}]}},"_links":{"self":[{"href":"https:\/\/ucpie.org\/es\/wp-json\/wp\/v2\/pages\/3064","targetHints":{"allow":["GET"]}}],"collection":[{"href":"https:\/\/ucpie.org\/es\/wp-json\/wp\/v2\/pages"}],"about":[{"href":"https:\/\/ucpie.org\/es\/wp-json\/wp\/v2\/types\/page"}],"author":[{"embeddable":true,"href":"https:\/\/ucpie.org\/es\/wp-json\/wp\/v2\/users\/7"}],"replies":[{"embeddable":true,"href":"https:\/\/ucpie.org\/es\/wp-json\/wp\/v2\/comments?post=3064"}],"version-history":[{"count":35,"href":"https:\/\/ucpie.org\/es\/wp-json\/wp\/v2\/pages\/3064\/revisions"}],"predecessor-version":[{"id":6472,"href":"https:\/\/ucpie.org\/es\/wp-json\/wp\/v2\/pages\/3064\/revisions\/6472"}],"wp:attachment":[{"href":"https:\/\/ucpie.org\/es\/wp-json\/wp\/v2\/media?parent=3064"}],"curies":[{"name":"wp","href":"https:\/\/api.w.org\/{rel}","templated":true}]}}